{"id":4250,"date":"2021-02-23T20:00:00","date_gmt":"2021-02-23T20:00:00","guid":{"rendered":"https:\/\/www.web-rr.de\/GHS-Buecherei\/?page_id=4250"},"modified":"2021-02-22T23:59:59","modified_gmt":"2021-02-22T23:59:59","slug":"p9783422022539","status":"publish","type":"page","link":"https:\/\/www.web-rr.de\/GHS-Buecherei\/index.php\/p9783422022539\/","title":{"rendered":"Fr\u00fcher + Heute 12"},"content":{"rendered":"<table><tbody><tr><td class='rDTitel' colspan='2'>Bernstein, Gold und Nautilus: Die Schatzkammern von Schloss Friedenstein<\/td><\/tr><tr><td><span class='rDLabel1'>Status: <\/span><span class='rDText1Gruen'>vorhanden<\/span><\/td><td><span class='rDLabel1'>Antolin: <\/span><span class='rDText1Rot'>Quiz nicht vorhanden.<\/span><\/td><\/tr><tr><td width=50%><img src='https:\/\/www.web-rr.de\/GHS-Buecherei\/wp-content\/uploads\/9783422022539.jpg' alt=''><\/td><td><p class='rDLabel2'>von <span class='rDText2'>Natalia Schmidt<\/span><\/p><p class='rDLabel2'>Verlag: <span class='rDText2'>Deutscher Kunstverlag,  2010,  9.80 \u20ac<\/span><\/p><p class='rDLabel2'>B\u00fccherei-Barcode: <span class='rDText2'>9783422022539<\/span><\/p><p class='rDLabel2'>In der B\u00fccherei erfasst am: <span class='rDText2'>01.04.2014<\/span><\/p><p class='rDLabel2'>Stichw\u00f6rter: <span class='rDText2'>Sch\u00e4tze, Schloss, Burgen<\/span><\/p><p class='rDLabel2'>Lesealter ca. <span class='rDText2'>-<\/span><span class='rDLabel2'> Jahre<\/span><\/p><p class='rDLabel2'>Das Buch wurde <span class='rDText2'>0<\/span><span class='rDLabel2'> mal gelesen.<\/span><\/p><\/td><\/tr><tr><td colspan='2'><p class='rDLabel1'>Inhalt:<\/p><span class='rDText2'>Das Buch \u00f6ffnet die T\u00fcren zu den unbekannten Sch\u00e4tzen der Kunst- und Wunderkammer auf Schloss Friedenstein in Gotha. Detailreiche Fotografien und einf\u00fchlsame Zeichnungen zeigen kostbare Kunstwerke und exotische Materialien, die schon vor hunderten von Jahren von f\u00fcrstlichen Kunstkennern bestaunt wurden.Ein Schloss steckt voller Sch\u00e4tze. Das ist nicht nur im M\u00e4rchen so. Vor vielen hundert Jahren schon haben die Herz\u00f6ge auf Schloss Friedenstein in Gotha Kunstwerke aus Silber, Elfenbein, Gold oder Bernstein gesammelt. Und nicht nur von Menschenhand geschaffene Kostbarkeiten wie M\u00fcnzen, Uhren oder Schmuck, denn auch fremdl\u00e4ndische Pflanzen, seltsam geformte Korallen, aufwendig bearbeitete Muschelschalen oder das sagenumwobene Horn des Einhorns fanden sich in der f\u00fcrstlichen Schatzkammer. Dieser Band \u00f6ffnet verborgene T\u00fcren, zeigt unbekannte Sch\u00e4tze und erz\u00e4hlt von der Entstehung der nat\u00fcrlichen Materialien und von ihrer Symbolik. Er beschreibt, auf welche Weise bestimmte Dinge den Weg in die Schatzkammer gefunden haben und welche Bedeutung eine Kunst- und Wunderkammer f\u00fcr einen Herrscher hatte. Mit detailreichen Fotografien und vielen einf\u00fchlsamen Zeichnungen bezaubert das Buch durch seinen Bilderreichtum und seine eing\u00e4ngigen Erl\u00e4uterungen. Das Ph\u00e4nomen barocker Sammellust wird auch jungen Lesern verst\u00e4ndlich und zu einer spannenden Lekt\u00fcre.<\/span><\/td><\/tr><tr><td colspan='2'><a href='#' onclick='history.back(); return false'>Zur\u00fcck<\/a><\/td><\/tr><\/tbody><\/table>\n","protected":false},"excerpt":{"rendered":"","protected":false},"author":1,"featured_media":0,"parent":0,"menu_order":0,"comment_status":"closed","ping_status":"closed","template":"","meta":[],"_links":{"self":[{"href":"https:\/\/www.web-rr.de\/GHS-Buecherei\/index.php\/wp-json\/wp\/v2\/pages\/4250"}],"collection":[{"href":"https:\/\/www.web-rr.de\/GHS-Buecherei\/index.php\/wp-json\/wp\/v2\/pages"}],"about":[{"href":"https:\/\/www.web-rr.de\/GHS-Buecherei\/index.php\/wp-json\/wp\/v2\/types\/page"}],"author":[{"embeddable":true,"href":"https:\/\/www.web-rr.de\/GHS-Buecherei\/index.php\/wp-json\/wp\/v2\/users\/1"}],"replies":[{"embeddable":true,"href":"https:\/\/www.web-rr.de\/GHS-Buecherei\/index.php\/wp-json\/wp\/v2\/comments?post=4250"}],"version-history":[{"count":0,"href":"https:\/\/www.web-rr.de\/GHS-Buecherei\/index.php\/wp-json\/wp\/v2\/pages\/4250\/revisions"}],"wp:attachment":[{"href":"https:\/\/www.web-rr.de\/GHS-Buecherei\/index.php\/wp-json\/wp\/v2\/media?parent=4250"}],"curies":[{"name":"wp","href":"https:\/\/api.w.org\/{rel}","templated":true}]}}