{"id":4248,"date":"2021-02-23T20:00:00","date_gmt":"2021-02-23T20:00:00","guid":{"rendered":"https:\/\/www.web-rr.de\/GHS-Buecherei\/?page_id=4248"},"modified":"2021-02-22T23:59:59","modified_gmt":"2021-02-22T23:59:59","slug":"p9783941787339","status":"publish","type":"page","link":"https:\/\/www.web-rr.de\/GHS-Buecherei\/index.php\/p9783941787339\/","title":{"rendered":"Fr\u00fcher + Heute 10"},"content":{"rendered":"<table><tbody><tr><td class='rDTitel' colspan='2'>Die Stadt: Im Wandel der Zeit<\/td><\/tr><tr><td><span class='rDLabel1'>Status: <\/span><span class='rDText1Gruen'>vorhanden<\/span><\/td><td><span class='rDLabel1'>Antolin: <\/span><span class='rDText1Rot'>Quiz nicht vorhanden.<\/span><\/td><\/tr><tr><td width=50%><img src='https:\/\/www.web-rr.de\/GHS-Buecherei\/wp-content\/uploads\/9783941787339.jpg' alt=''><\/td><td><p class='rDLabel2'>von <span class='rDText2'>Hans Baltzer<\/span><\/p><p class='rDLabel2'>Verlag: <span class='rDText2'>Jacoby u. Stuart,  2011,  14.95 \u20ac<\/span><\/p><p class='rDLabel2'>B\u00fccherei-Barcode: <span class='rDText2'>9783941787339<\/span><\/p><p class='rDLabel2'>In der B\u00fccherei erfasst am: <span class='rDText2'>01.04.2014<\/span><\/p><p class='rDLabel2'>Stichw\u00f6rter: <span class='rDText2'>Geschichte, Stadt, Mittelalter, Industrielle Revolution<\/span><\/p><p class='rDLabel2'>Lesealter ca. <span class='rDText2'>-<\/span><span class='rDLabel2'> Jahre<\/span><\/p><p class='rDLabel2'>Das Buch wurde <span class='rDText2'>2<\/span><span class='rDLabel2'> mal gelesen.<\/span><\/p><\/td><\/tr><tr><td colspan='2'><p class='rDLabel1'>Inhalt:<\/p><span class='rDText2'>Sie lebt, die Stadt, fast wie ein gro\u00dfes Tier. Die H\u00e4user sind ihr Skelett, die Stra\u00dfen sind ihre Adern, die Transportmittel ihr Blut, die Kabel f\u00fcr Telefon und Internet ihre Nervenbahnen, das Rathaus ihr Gehirn. Sie isst und trinkt und verdaut, und sie ist gewachsen \u00fcber die Jahrhunderte ...Auf dem 1,50 m breiten Leporello am Ende des Buchs sehen wir einen Querschnitt durch die Stadt, vom alten Zentrum um die alte Stadtkirche \u00fcber die repr\u00e4sentativen Stra\u00dfen der Innenstadt bis zu den Industriebauten am Stadtrand. Dies ist zugleich ein Querschnitt durch die Geschichte der Stadt vom Mittelalter bis heute. In Text und Bild wird erkl\u00e4rt, warum die Stadt ganz verschiedene Geb\u00e4ude zum Wohnen und Arbeiten braucht, welche unsichtbaren Leitungen unter ihren Stra\u00dfen verlaufen, welche Verkehrsmittel es gibt und wie die einzelnen Stadtteile spezialisiert sind aber auch, welche Narben die Geschichte hinterlassen hat und welche Probleme die Stadt heute plagen.<\/span><\/td><\/tr><tr><td colspan='2'><a href='#' onclick='history.back(); return false'>Zur\u00fcck<\/a><\/td><\/tr><\/tbody><\/table>\n","protected":false},"excerpt":{"rendered":"","protected":false},"author":1,"featured_media":0,"parent":0,"menu_order":0,"comment_status":"closed","ping_status":"closed","template":"","meta":[],"_links":{"self":[{"href":"https:\/\/www.web-rr.de\/GHS-Buecherei\/index.php\/wp-json\/wp\/v2\/pages\/4248"}],"collection":[{"href":"https:\/\/www.web-rr.de\/GHS-Buecherei\/index.php\/wp-json\/wp\/v2\/pages"}],"about":[{"href":"https:\/\/www.web-rr.de\/GHS-Buecherei\/index.php\/wp-json\/wp\/v2\/types\/page"}],"author":[{"embeddable":true,"href":"https:\/\/www.web-rr.de\/GHS-Buecherei\/index.php\/wp-json\/wp\/v2\/users\/1"}],"replies":[{"embeddable":true,"href":"https:\/\/www.web-rr.de\/GHS-Buecherei\/index.php\/wp-json\/wp\/v2\/comments?post=4248"}],"version-history":[{"count":0,"href":"https:\/\/www.web-rr.de\/GHS-Buecherei\/index.php\/wp-json\/wp\/v2\/pages\/4248\/revisions"}],"wp:attachment":[{"href":"https:\/\/www.web-rr.de\/GHS-Buecherei\/index.php\/wp-json\/wp\/v2\/media?parent=4248"}],"curies":[{"name":"wp","href":"https:\/\/api.w.org\/{rel}","templated":true}]}}