{"id":4245,"date":"2021-02-23T20:00:00","date_gmt":"2021-02-23T20:00:00","guid":{"rendered":"https:\/\/www.web-rr.de\/GHS-Buecherei\/?page_id=4245"},"modified":"2021-02-22T23:59:59","modified_gmt":"2021-02-22T23:59:59","slug":"p9783896604675","status":"publish","type":"page","link":"https:\/\/www.web-rr.de\/GHS-Buecherei\/index.php\/p9783896604675\/","title":{"rendered":"Fr\u00fcher + Heute 07"},"content":{"rendered":"<table><tbody><tr><td class='rDTitel' colspan='2'>Die ersten Siedler in Nordamerika<\/td><\/tr><tr><td><span class='rDLabel1'>Status: <\/span><span class='rDText1Gruen'>vorhanden<\/span><\/td><td><span class='rDLabel1'>Antolin: <\/span><span class='rDText1Rot'>Quiz nicht vorhanden.<\/span><\/td><\/tr><tr><td width=50%><img src='https:\/\/www.web-rr.de\/GHS-Buecherei\/wp-content\/uploads\/9783896604675.jpg' alt=''><\/td><td><p class='rDLabel2'>von <span class='rDText2'>H\u00e9l\u00e8ne Montardre<\/span><\/p><p class='rDLabel2'>Verlag: <span class='rDText2'>Knesebeck Verlag,  2007,  12.95 \u20ac<\/span><\/p><p class='rDLabel2'>B\u00fccherei-Barcode: <span class='rDText2'>9783896604675<\/span><\/p><p class='rDLabel2'>In der B\u00fccherei erfasst am: <span class='rDText2'>01.04.2014<\/span><\/p><p class='rDLabel2'>Stichw\u00f6rter: <span class='rDText2'>Indianer, Geschichte, Amerika, Auswandern<\/span><\/p><p class='rDLabel2'>Lesealter ca. <span class='rDText2'>-<\/span><span class='rDLabel2'> Jahre<\/span><\/p><p class='rDLabel2'>Das Buch wurde <span class='rDText2'>0<\/span><span class='rDLabel2'> mal gelesen.<\/span><\/p><\/td><\/tr><tr><td colspan='2'><p class='rDLabel1'>Inhalt:<\/p><span class='rDText2'>Im Jahr 1620 verl\u00e4sst das Segelschiff Mayflower mit 102 Passagieren an Bord die englische K\u00fcste in Richtung Amerika. Manche Auswanderer verlassen Europa aus religi\u00f6sen Gr\u00fcnden, weniger gl\u00e4ubige Familien erhoffen sich ein besseres Dasein in der Neuen Welt. Sie alle wollen in Amerika ein neues Leben beginnen und fahren in eine ungewisse Zukunft. Spannend und anschaulich beschreibt die Autorin H\u00e9l\u00e8ne Montardre aus der Sicht des M\u00e4dchens Margaret die Reise der Auswanderer mit dem heute ber\u00fchmt gewordenen Schiff. Sie ist sehr gespannt auf die neue Heimat und hat viele seltsame Geschichten im Kopf, die sie \u00fcber die Menschen dort geh\u00f6rt hat ob diese wohl wahr sind? Nach langer, strapazi\u00f6ser Reise in Amerika angekommen, gr\u00fcnden die Siedler eine Kolonie und sehen sich konfrontiert mit dem Indianerstamm, der dort lebt. Doch nach einer Zeit der gegenseitigen Skepsis schlie\u00dfen sie einen Friedensvertrag miteinander. Einer der indianischen Krieger ist Hobomok, der gemeinsam mit seinen Stammesmitgliedern von den Siedlern zum Erntedankfest eingeladen wird. Aus diesem ist der wichtige amerikanische Feiertag Thanksgiving entstanden. Die Geschwister John und Sarah leben mit ihren Eltern in der neu gegr\u00fcndeten Stadt Plymouth und helfen ihnen bei den t\u00e4glichen Arbeiten und den Vorbereitungen f\u00fcr den n\u00e4chsten Winter: beim Beeren sammeln, Holz hacken und Unkraut j\u00e4ten. Sarah liebt den sch\u00f6nen Garten der Familie. Das M\u00e4dchen Elisabeth kommt mit ihren 16 Jahren schon bald ins heiratsf\u00e4hige Alter, doch den passenden jungen Mann dazu hat sie noch nicht gefunden. Diese und andere anschauliche Geschichten erz\u00e4hlt H\u00e9l\u00e8ne Montardre \u00fcber die Neuank\u00f6mmlinge auf dem fremden und aufregenden Kontinent Amerika.<\/span><\/td><\/tr><tr><td colspan='2'><a href='#' onclick='history.back(); return false'>Zur\u00fcck<\/a><\/td><\/tr><\/tbody><\/table>\n","protected":false},"excerpt":{"rendered":"","protected":false},"author":1,"featured_media":0,"parent":0,"menu_order":0,"comment_status":"closed","ping_status":"closed","template":"","meta":[],"_links":{"self":[{"href":"https:\/\/www.web-rr.de\/GHS-Buecherei\/index.php\/wp-json\/wp\/v2\/pages\/4245"}],"collection":[{"href":"https:\/\/www.web-rr.de\/GHS-Buecherei\/index.php\/wp-json\/wp\/v2\/pages"}],"about":[{"href":"https:\/\/www.web-rr.de\/GHS-Buecherei\/index.php\/wp-json\/wp\/v2\/types\/page"}],"author":[{"embeddable":true,"href":"https:\/\/www.web-rr.de\/GHS-Buecherei\/index.php\/wp-json\/wp\/v2\/users\/1"}],"replies":[{"embeddable":true,"href":"https:\/\/www.web-rr.de\/GHS-Buecherei\/index.php\/wp-json\/wp\/v2\/comments?post=4245"}],"version-history":[{"count":0,"href":"https:\/\/www.web-rr.de\/GHS-Buecherei\/index.php\/wp-json\/wp\/v2\/pages\/4245\/revisions"}],"wp:attachment":[{"href":"https:\/\/www.web-rr.de\/GHS-Buecherei\/index.php\/wp-json\/wp\/v2\/media?parent=4245"}],"curies":[{"name":"wp","href":"https:\/\/api.w.org\/{rel}","templated":true}]}}