{"id":4211,"date":"2021-02-23T20:00:00","date_gmt":"2021-02-23T20:00:00","guid":{"rendered":"https:\/\/www.web-rr.de\/GHS-Buecherei\/?page_id=4211"},"modified":"2021-02-22T23:59:59","modified_gmt":"2021-02-22T23:59:59","slug":"p9783702235949","status":"publish","type":"page","link":"https:\/\/www.web-rr.de\/GHS-Buecherei\/index.php\/p9783702235949\/","title":{"rendered":"Fremdsprachen 47"},"content":{"rendered":"<table><tbody><tr><td class='rDTitel' colspan='2'>Das bin ich. Ich zeig es dir<\/td><\/tr><tr><td><span class='rDLabel1'>Status: <\/span><span class='rDText1Gruen'>vorhanden<\/span><\/td><td><span class='rDLabel1'>Antolin: <\/span><span class='rDText1Gruen'>ja, Empfehlung Klasse 1<\/span><\/td><\/tr><tr><td width=50%><img src='https:\/\/www.web-rr.de\/GHS-Buecherei\/wp-content\/uploads\/9783702235949.jpg' alt=''><\/td><td><p class='rDLabel2'>von <span class='rDText2'>Heinz Janisch<\/span><\/p><p class='rDLabel2'>Verlag: <span class='rDText2'>Tyrolia Verlagsanstalt GmH,  2017,  12.95 \u20ac<\/span><\/p><p class='rDLabel2'>B\u00fccherei-Barcode: <span class='rDText2'>9783702235949<\/span><\/p><p class='rDLabel2'>In der B\u00fccherei erfasst am: <span class='rDText2'>07.01.2020<\/span><\/p><p class='rDLabel2'>Stichw\u00f6rter: <span class='rDText2'>Deutsch, Kroatisch-Bosnisch-Serbisch-Montenegrinisch, T\u00fcrkisch, Englisch, Arabisch<\/span><\/p><p class='rDLabel2'>Lesealter ca. <span class='rDText2'>6<\/span><span class='rDLabel2'> Jahre<\/span><\/p><p class='rDLabel2'>Das Buch wurde <span class='rDText2'>0<\/span><span class='rDLabel2'> mal gelesen.<\/span><\/p><\/td><\/tr><tr><td colspan='2'><p class='rDLabel1'>Inhalt:<\/p><span class='rDText2'>Erster Wortschatz - jetzt auch mehrsprachig Den eigenen K\u00f6rper erkennen, wahrnehmen und benennen k\u00f6nnen - das ist Inhalt der meisten ersten intensiven, sprachlichen Interaktionen mit Kleinkindern. Ein Thema, das Heinz Janisch und Birgit Antoni mit gro\u00dfer Fr\u00f6hlichkeit, mit Esprit und Ausdruckskraft in diesem Pappbilderbuch aufgenommen haben. Nun gibt es dieses erfolgreiche und beliebte Buch auch in einer mehrsprachigen Ausgabe und wird damit um eine weitere Facette reicher. Dabei werden nicht nur die einzelnen Begriffe f\u00fcr die K\u00f6rperteile in f\u00fcnf verschiedenen Sprachen angeboten, sondern auch die erfrischenden Zweizeiler von Heinz Janisch. Und auch diesmal wurde auf eine literarisch-rhythmische und weniger auf eine wortw\u00f6rtliche \u00dcbersetzung geachtet. Damit stehen die Texte mit ihrem jeweils eigenen literarischen Wert gleichberechtigt nebeneinander und f\u00f6rdern so nicht nur das kulturelle Verst\u00e4ndnis, sondern machen auch Lust, \u00fcber die sprachlichen Grenzen hinweg Unterschiede und Gemeinsamkeiten zu suchen. Jeder ist ein Wunder f\u00fcr sich, das gilt f\u00fcr dich und auch f\u00fcr mich! Tipps: niederschwelliger Zugang, dennoch \u00e4sthetisch und literarisch reizvoll erster Wortschatz - jetzt auch mehrsprachig innovativer Aufbau, einzigartige Konzeption.<\/span><\/td><\/tr><tr><td colspan='2'><a href='#' onclick='history.back(); return false'>Zur\u00fcck<\/a><\/td><\/tr><\/tbody><\/table>\n","protected":false},"excerpt":{"rendered":"","protected":false},"author":1,"featured_media":0,"parent":0,"menu_order":0,"comment_status":"closed","ping_status":"closed","template":"","meta":[],"_links":{"self":[{"href":"https:\/\/www.web-rr.de\/GHS-Buecherei\/index.php\/wp-json\/wp\/v2\/pages\/4211"}],"collection":[{"href":"https:\/\/www.web-rr.de\/GHS-Buecherei\/index.php\/wp-json\/wp\/v2\/pages"}],"about":[{"href":"https:\/\/www.web-rr.de\/GHS-Buecherei\/index.php\/wp-json\/wp\/v2\/types\/page"}],"author":[{"embeddable":true,"href":"https:\/\/www.web-rr.de\/GHS-Buecherei\/index.php\/wp-json\/wp\/v2\/users\/1"}],"replies":[{"embeddable":true,"href":"https:\/\/www.web-rr.de\/GHS-Buecherei\/index.php\/wp-json\/wp\/v2\/comments?post=4211"}],"version-history":[{"count":0,"href":"https:\/\/www.web-rr.de\/GHS-Buecherei\/index.php\/wp-json\/wp\/v2\/pages\/4211\/revisions"}],"wp:attachment":[{"href":"https:\/\/www.web-rr.de\/GHS-Buecherei\/index.php\/wp-json\/wp\/v2\/media?parent=4211"}],"curies":[{"name":"wp","href":"https:\/\/api.w.org\/{rel}","templated":true}]}}