{"id":4210,"date":"2021-02-23T20:00:00","date_gmt":"2021-02-23T20:00:00","guid":{"rendered":"https:\/\/www.web-rr.de\/GHS-Buecherei\/?page_id=4210"},"modified":"2021-02-22T23:59:59","modified_gmt":"2021-02-22T23:59:59","slug":"p9783784128849","status":"publish","type":"page","link":"https:\/\/www.web-rr.de\/GHS-Buecherei\/index.php\/p9783784128849\/","title":{"rendered":"Fremdsprachen 46"},"content":{"rendered":"<table><tbody><tr><td class='rDTitel' colspan='2'>Kinderverse in \u00fcber 50 Sprachen - Mit Originaltexten, Aussprachehilfen, \u00dcbersetzungen und CD<\/td><\/tr><tr><td><span class='rDLabel1'>Status: <\/span><span class='rDText1Gruen'>vorhanden<\/span><\/td><td><span class='rDLabel1'>Antolin: <\/span><span class='rDText1Rot'>Quiz nicht vorhanden.<\/span><\/td><\/tr><tr><td width=50%><img src='https:\/\/www.web-rr.de\/GHS-Buecherei\/wp-content\/uploads\/9783784128849.jpg' alt=''><\/td><td><p class='rDLabel2'>von <span class='rDText2'>Silvia H\u00fcsler<\/span><\/p><p class='rDLabel2'>Verlag: <span class='rDText2'>Lambertus-Verlag,  2017,  19.90 \u20ac<\/span><\/p><p class='rDLabel2'>B\u00fccherei-Barcode: <span class='rDText2'>9783784128849<\/span><\/p><p class='rDLabel2'>In der B\u00fccherei erfasst am: <span class='rDText2'>07.01.2020<\/span><\/p><p class='rDLabel2'>Stichw\u00f6rter: <span class='rDText2'>Albanisch, Arabisch, Portogiesisch, Chinesisch, Englisch, Deutsch, Finnisch, Franz\u00f6sisch, Griechisch, Hebr\u00e4isch, Italinisch, Japanisch, Koreanisch, Kurdisch, Niederl\u00e4ndisch, Norwegisch, Polnisch, Russisch, Spanisch, T\u00fcrkisch, Ungrisch, Vietnamesisch<\/span><\/p><p class='rDLabel2'>Lesealter ca. <span class='rDText2'>-<\/span><span class='rDLabel2'> Jahre<\/span><\/p><p class='rDLabel2'>Das Buch wurde <span class='rDText2'>0<\/span><span class='rDLabel2'> mal gelesen.<\/span><\/p><\/td><\/tr><tr><td colspan='2'><p class='rDLabel1'>Inhalt:<\/p><span class='rDText2'>Jede Kultur kennt Kinderverse. Sie sind die erste Form von Literatur, die einem Kind begegnet. In der Emigration geraten Kinderreime oft in Vergessenheit, da die Familien vor vielen neuen Herausforderungen stehen. Dieses Buch und die CD ist ein Hilfsmittel gegen die sprachliche Heimatlosigkeit. Kinder freuen sich, wenn ihre Erstsprache in der Umgebung akzeptiert wird, und sie bekommen einen Bezug zu den Sprachen der anderen Kinder in Kita und Schule. Was wiederum der Sprachf\u00f6rderung dient. \u00c4ltere Menschen erinnern sich beim Singen der Verse an Ihre Kindheit, weshalb sie ideal bei der Seniorenaktivierung in der kultursensiblen Pflege eingesetzt werden k\u00f6nnen. Allen anderen zaubern die auf der beiliegenden MP3-CD in Originalsprache aufgenommenen Verse und Lieder beim Anh\u00f6ren und Austausch dar\u00fcber ein L\u00e4cheln aufs Gesicht.<\/span><\/td><\/tr><tr><td colspan='2'><a href='#' onclick='history.back(); return false'>Zur\u00fcck<\/a><\/td><\/tr><\/tbody><\/table>\n","protected":false},"excerpt":{"rendered":"","protected":false},"author":1,"featured_media":0,"parent":0,"menu_order":0,"comment_status":"closed","ping_status":"closed","template":"","meta":[],"_links":{"self":[{"href":"https:\/\/www.web-rr.de\/GHS-Buecherei\/index.php\/wp-json\/wp\/v2\/pages\/4210"}],"collection":[{"href":"https:\/\/www.web-rr.de\/GHS-Buecherei\/index.php\/wp-json\/wp\/v2\/pages"}],"about":[{"href":"https:\/\/www.web-rr.de\/GHS-Buecherei\/index.php\/wp-json\/wp\/v2\/types\/page"}],"author":[{"embeddable":true,"href":"https:\/\/www.web-rr.de\/GHS-Buecherei\/index.php\/wp-json\/wp\/v2\/users\/1"}],"replies":[{"embeddable":true,"href":"https:\/\/www.web-rr.de\/GHS-Buecherei\/index.php\/wp-json\/wp\/v2\/comments?post=4210"}],"version-history":[{"count":0,"href":"https:\/\/www.web-rr.de\/GHS-Buecherei\/index.php\/wp-json\/wp\/v2\/pages\/4210\/revisions"}],"wp:attachment":[{"href":"https:\/\/www.web-rr.de\/GHS-Buecherei\/index.php\/wp-json\/wp\/v2\/media?parent=4210"}],"curies":[{"name":"wp","href":"https:\/\/api.w.org\/{rel}","templated":true}]}}