{"id":4195,"date":"2021-02-23T20:00:00","date_gmt":"2021-02-23T20:00:00","guid":{"rendered":"https:\/\/www.web-rr.de\/GHS-Buecherei\/?page_id=4195"},"modified":"2021-02-22T23:59:59","modified_gmt":"2021-02-22T23:59:59","slug":"p9783938368923","status":"publish","type":"page","link":"https:\/\/www.web-rr.de\/GHS-Buecherei\/index.php\/p9783938368923\/","title":{"rendered":"Fremdsprachen 13"},"content":{"rendered":"<table><tbody><tr><td class='rDTitel' colspan='2'>Die Heiligkeit der B\u00e4ume \/ Eine t\u00fcrkische Sage f\u00fcr Kinder in deutscher und t\u00fcrkischer Sprache.<\/td><\/tr><tr><td><span class='rDLabel1'>Status: <\/span><span class='rDText1Gruen'>vorhanden<\/span><\/td><td><span class='rDLabel1'>Antolin: <\/span><span class='rDText1Rot'>Quiz nicht vorhanden.<\/span><\/td><\/tr><tr><td width=50%><img src='https:\/\/www.web-rr.de\/GHS-Buecherei\/wp-content\/uploads\/9783938368923.jpg' alt=''><\/td><td><p class='rDLabel2'>von <span class='rDText2'>Necati Demir<\/span><\/p><p class='rDLabel2'>Verlag: <span class='rDText2'>Zwiebelzwerg Verlag,  2008,  10.00 \u20ac<\/span><\/p><p class='rDLabel2'>B\u00fccherei-Barcode: <span class='rDText2'>9783938368923<\/span><\/p><p class='rDLabel2'>In der B\u00fccherei erfasst am: <span class='rDText2'>01.04.2014<\/span><\/p><p class='rDLabel2'>Stichw\u00f6rter: <span class='rDText2'>Baum, T\u00fcrkei, T\u00fcrkisch<\/span><\/p><p class='rDLabel2'>Lesealter ca. <span class='rDText2'>-<\/span><span class='rDLabel2'> Jahre<\/span><\/p><p class='rDLabel2'>Das Buch wurde <span class='rDText2'>0<\/span><span class='rDLabel2'> mal gelesen.<\/span><\/p><\/td><\/tr><tr><td colspan='2'><p class='rDLabel1'>Inhalt:<\/p><span class='rDText2'>Kinderb\u00fccher mit Sagen in deutscher und t\u00fcrkischer Sprache. Diese B\u00fccher sind wundersch\u00f6n illustriert, teilweise farbig. Sie sind ideal zum Vorlesen, zum Selberlesen, zum Verschenken. Almanca ve T\u00fcrk\u00e7e iki dilde hazirlanmis, efsanelerden olusan \u00e7ocuk kitaplari. Bu kitaplar bazi sayfalari renkli, harika resimlerle donatilmis;b\u00fcy\u00fck k\u00fc\u00e7\u00fck herkesin okumasi ve hediye etmesi i\u00e7in ideal kitaplardir. In diesem Buch wird eine Sage \u00fcber B\u00e4ume erz\u00e4hlt. B\u00e4ume sind f\u00fcr unsere L\u00e4nder ganz besonders wichtig. Sie halten die L\u00e4nder gr\u00fcn, sie geben den V\u00f6geln Nahrung und Platz f\u00fcr ihre Nester. Ohne B\u00e4ume wird unser Land kahl und \u00f6de. Die Geschichte erz\u00e4hlt von einem Hirten, der sorglos mit den heiligen B\u00e4umen umgegangen ist - und wie er dann lernen musste, wieder f\u00fcr ihren Schutz zu sorgen. Bu kitapta aga\u00e7lar hakkinda bir efsane anlatilmaktadir. Aga\u00e7lar \u00fclkeleri yesil tutar, kuslara yiyecek ve yuvalari i\u00e7in yer verir. Onlar olmadan \u00fclkeler \u00e7iplak ve \u00e7orak olur. Bu efsanede, aga\u00e7lara karsi sorumsuzca davranan ve daha sonra onlari korumak zorunda kalan bir \u00e7obanin hik\u00e2yesi anlatilmaktadir.<\/span><\/td><\/tr><tr><td colspan='2'><a href='#' onclick='history.back(); return false'>Zur\u00fcck<\/a><\/td><\/tr><\/tbody><\/table>\n","protected":false},"excerpt":{"rendered":"","protected":false},"author":1,"featured_media":0,"parent":0,"menu_order":0,"comment_status":"closed","ping_status":"closed","template":"","meta":[],"_links":{"self":[{"href":"https:\/\/www.web-rr.de\/GHS-Buecherei\/index.php\/wp-json\/wp\/v2\/pages\/4195"}],"collection":[{"href":"https:\/\/www.web-rr.de\/GHS-Buecherei\/index.php\/wp-json\/wp\/v2\/pages"}],"about":[{"href":"https:\/\/www.web-rr.de\/GHS-Buecherei\/index.php\/wp-json\/wp\/v2\/types\/page"}],"author":[{"embeddable":true,"href":"https:\/\/www.web-rr.de\/GHS-Buecherei\/index.php\/wp-json\/wp\/v2\/users\/1"}],"replies":[{"embeddable":true,"href":"https:\/\/www.web-rr.de\/GHS-Buecherei\/index.php\/wp-json\/wp\/v2\/comments?post=4195"}],"version-history":[{"count":0,"href":"https:\/\/www.web-rr.de\/GHS-Buecherei\/index.php\/wp-json\/wp\/v2\/pages\/4195\/revisions"}],"wp:attachment":[{"href":"https:\/\/www.web-rr.de\/GHS-Buecherei\/index.php\/wp-json\/wp\/v2\/media?parent=4195"}],"curies":[{"name":"wp","href":"https:\/\/api.w.org\/{rel}","templated":true}]}}