{"id":4191,"date":"2021-02-23T20:00:00","date_gmt":"2021-02-23T20:00:00","guid":{"rendered":"https:\/\/www.web-rr.de\/GHS-Buecherei\/?page_id=4191"},"modified":"2021-02-22T23:59:59","modified_gmt":"2021-02-22T23:59:59","slug":"p9783701721153","status":"publish","type":"page","link":"https:\/\/www.web-rr.de\/GHS-Buecherei\/index.php\/p9783701721153\/","title":{"rendered":"Fremdsprachen 07"},"content":{"rendered":"<table><tbody><tr><td class='rDTitel' colspan='2'>Kommt ein Boot...<\/td><\/tr><tr><td><span class='rDLabel1'>Status: <\/span><span class='rDText1Gruen'>vorhanden<\/span><\/td><td><span class='rDLabel1'>Antolin: <\/span><span class='rDText1Rot'>Quiz nicht vorhanden.<\/span><\/td><\/tr><tr><td width=50%><img src='https:\/\/www.web-rr.de\/GHS-Buecherei\/wp-content\/uploads\/9783701721153.jpg' alt=''><\/td><td><p class='rDLabel2'>von <span class='rDText2'>bookolino<\/span><\/p><p class='rDLabel2'>Verlag: <span class='rDText2'>Residenz Verlag,  2012,  9.63 \u20ac<\/span><\/p><p class='rDLabel2'>B\u00fccherei-Barcode: <span class='rDText2'>9783701721153<\/span><\/p><p class='rDLabel2'>In der B\u00fccherei erfasst am: <span class='rDText2'>01.03.2015<\/span><\/p><p class='rDLabel2'>Stichw\u00f6rter: <span class='rDText2'>Gedicht, T\u00fcrkisch, Englisch, Franz\u00f6sisch, Spanisch<\/span><\/p><p class='rDLabel2'>Lesealter ca. <span class='rDText2'>-<\/span><span class='rDLabel2'> Jahre<\/span><\/p><p class='rDLabel2'>Das Buch wurde <span class='rDText2'>0<\/span><span class='rDLabel2'> mal gelesen.<\/span><\/p><\/td><\/tr><tr><td colspan='2'><p class='rDLabel1'>Inhalt:<\/p><span class='rDText2'>Ein Gedicht unz\u00e4hlige Variationen; Kinderliteratur in ihren sch\u00f6nsten Facetten wird hier m\u00f6glichst vielen Kindern zug\u00e4nglich gemacht. Heinz Janischs vertr\u00e4umtes Gedicht vom fliegenden Boot wurde in 11 Sprachen \u00fcbersetzt, dazu gibt es wichtige W\u00f6rter in weiteren 11 Sprachen. So k\u00f6nnen sich auch Kinder, deren Muttersprache nicht Deutsch ist, mit ihren KlassenkameradInnen und FreundInnen in die Welt der Phantasie entf\u00fchren lassen. Fehlt eine Sprache? Dann gibt es Raum, eine eigene \u00dcbersetzung einzuf\u00fcgen oder ein eigenes Bild zu zeichnen. 11 bekannte IllustratorInnen haben dieses Heft gestaltet jedes Umbl\u00e4ttern wird zum Abenteuer, zur \u00fcberraschenden Reise in neue Bildwelten. Ein vielschichtiges, ambitioniertes Kinderliteratur-Projekt auf h\u00f6chstem Niveau, initiiert von Veronika Erwa-Winter.<\/span><\/td><\/tr><tr><td colspan='2'><a href='#' onclick='history.back(); return false'>Zur\u00fcck<\/a><\/td><\/tr><\/tbody><\/table>\n","protected":false},"excerpt":{"rendered":"","protected":false},"author":1,"featured_media":0,"parent":0,"menu_order":0,"comment_status":"closed","ping_status":"closed","template":"","meta":[],"_links":{"self":[{"href":"https:\/\/www.web-rr.de\/GHS-Buecherei\/index.php\/wp-json\/wp\/v2\/pages\/4191"}],"collection":[{"href":"https:\/\/www.web-rr.de\/GHS-Buecherei\/index.php\/wp-json\/wp\/v2\/pages"}],"about":[{"href":"https:\/\/www.web-rr.de\/GHS-Buecherei\/index.php\/wp-json\/wp\/v2\/types\/page"}],"author":[{"embeddable":true,"href":"https:\/\/www.web-rr.de\/GHS-Buecherei\/index.php\/wp-json\/wp\/v2\/users\/1"}],"replies":[{"embeddable":true,"href":"https:\/\/www.web-rr.de\/GHS-Buecherei\/index.php\/wp-json\/wp\/v2\/comments?post=4191"}],"version-history":[{"count":0,"href":"https:\/\/www.web-rr.de\/GHS-Buecherei\/index.php\/wp-json\/wp\/v2\/pages\/4191\/revisions"}],"wp:attachment":[{"href":"https:\/\/www.web-rr.de\/GHS-Buecherei\/index.php\/wp-json\/wp\/v2\/media?parent=4191"}],"curies":[{"name":"wp","href":"https:\/\/api.w.org\/{rel}","templated":true}]}}