{"id":4185,"date":"2021-02-23T20:00:00","date_gmt":"2021-02-23T20:00:00","guid":{"rendered":"https:\/\/www.web-rr.de\/GHS-Buecherei\/?page_id=4185"},"modified":"2021-02-22T23:59:59","modified_gmt":"2021-02-22T23:59:59","slug":"p9783942153089","status":"publish","type":"page","link":"https:\/\/www.web-rr.de\/GHS-Buecherei\/index.php\/p9783942153089\/","title":{"rendered":"Fremdsprachen 01"},"content":{"rendered":"<table><tbody><tr><td class='rDTitel' colspan='2'>Picknick am Gletscher<\/td><\/tr><tr><td><span class='rDLabel1'>Status: <\/span><span class='rDText1Gruen'>vorhanden<\/span><\/td><td><span class='rDLabel1'>Antolin: <\/span><span class='rDText1Rot'>Quiz nicht vorhanden.<\/span><\/td><\/tr><tr><td width=50%><img src='https:\/\/www.web-rr.de\/GHS-Buecherei\/wp-content\/uploads\/9783942153089.jpg' alt=''><\/td><td><p class='rDLabel2'>von <span class='rDText2'>Andreas Verstappen<\/span><\/p><p class='rDLabel2'>Verlag: <span class='rDText2'>Monsenstein und Vannerdat,  2012,  18.00 \u20ac<\/span><\/p><p class='rDLabel2'>B\u00fccherei-Barcode: <span class='rDText2'>9783942153089<\/span><\/p><p class='rDLabel2'>In der B\u00fccherei erfasst am: <span class='rDText2'>01.04.2014<\/span><\/p><p class='rDLabel2'>Stichw\u00f6rter: <span class='rDText2'>Reykjavik, Island, Isl\u00e4ndisch<\/span><\/p><p class='rDLabel2'>Lesealter ca. <span class='rDText2'>-<\/span><span class='rDLabel2'> Jahre<\/span><\/p><p class='rDLabel2'>Das Buch wurde <span class='rDText2'>0<\/span><span class='rDLabel2'> mal gelesen.<\/span><\/p><\/td><\/tr><tr><td colspan='2'><p class='rDLabel1'>Inhalt:<\/p><span class='rDText2'>Die Idee zu diesem Buch entstand auf der Stra\u00dfe \u2013 genauer gesagt auf Islands Ringstra\u00dfe, die k\u00fcstennnah die ganze Insel umrundet. Zwei Wochen waren ich und runde zwei Dutzend muntere Miturlauber auf ihr unterwegs \u2013 Zeit satt, vieles Spannende \u00fcber Island und seinen schier unersch\u00f6pflichen Sagenschatz zu erfahren. Und unsere Reiseleiterin Coletta B\u00fcrling \u2013 Leiterin des ehemaligen Goethe-Institut in Reykjavik und famose \u00dcbersetzerin zahlloser Romane und Krimis \u2013 w\u00fcrde nicht m\u00fcde, uns mit vielen dieser spannenden Geschichten einzudecken. Gl\u00fccklicherweise hatte ich zuf\u00e4llig ein Skizzenbuch dabei, in dem ich stikum kleine Notizen und Zeichnungen festhalten konnte. Am Ende waren das so viele, dass die Idee entstand, ein B\u00fcchlein draus zu machen. Und da ich mich auf der Fahrt bisweilen gef\u00fchlt habe wie ein kleiner Pinguin fern der Heimat, hab ich einen solchen auch zur Hauptfigur des Buches gemacht. Coletta hat noch mal dr\u00fcbergeschaut, damit ich auch nichts Falsches erz\u00e4hle und man das Buch auch als Reisef\u00fchrer f\u00fcr kleine und gr\u00f6\u00dfere Isl\u00e4nder und Islandtouris verwenden kann. Ins Isl\u00e4ndische \u00fcbersetzt hat das Ganze dann Vilborg M. \u00c1str\u00e1\u00f0sd\u00f3ttir, Mutter von vier Kindern und Leiterin eines Vorschulkindergartens in S\u00fcdisland.<\/span><\/td><\/tr><tr><td colspan='2'><a href='#' onclick='history.back(); return false'>Zur\u00fcck<\/a><\/td><\/tr><\/tbody><\/table>\n","protected":false},"excerpt":{"rendered":"","protected":false},"author":1,"featured_media":0,"parent":0,"menu_order":0,"comment_status":"closed","ping_status":"closed","template":"","meta":[],"_links":{"self":[{"href":"https:\/\/www.web-rr.de\/GHS-Buecherei\/index.php\/wp-json\/wp\/v2\/pages\/4185"}],"collection":[{"href":"https:\/\/www.web-rr.de\/GHS-Buecherei\/index.php\/wp-json\/wp\/v2\/pages"}],"about":[{"href":"https:\/\/www.web-rr.de\/GHS-Buecherei\/index.php\/wp-json\/wp\/v2\/types\/page"}],"author":[{"embeddable":true,"href":"https:\/\/www.web-rr.de\/GHS-Buecherei\/index.php\/wp-json\/wp\/v2\/users\/1"}],"replies":[{"embeddable":true,"href":"https:\/\/www.web-rr.de\/GHS-Buecherei\/index.php\/wp-json\/wp\/v2\/comments?post=4185"}],"version-history":[{"count":0,"href":"https:\/\/www.web-rr.de\/GHS-Buecherei\/index.php\/wp-json\/wp\/v2\/pages\/4185\/revisions"}],"wp:attachment":[{"href":"https:\/\/www.web-rr.de\/GHS-Buecherei\/index.php\/wp-json\/wp\/v2\/media?parent=4185"}],"curies":[{"name":"wp","href":"https:\/\/api.w.org\/{rel}","templated":true}]}}