{"id":4182,"date":"2021-02-23T20:00:00","date_gmt":"2021-02-23T20:00:00","guid":{"rendered":"https:\/\/www.web-rr.de\/GHS-Buecherei\/?page_id=4182"},"modified":"2021-02-22T23:59:59","modified_gmt":"2021-02-22T23:59:59","slug":"p9783551311566","status":"publish","type":"page","link":"https:\/\/www.web-rr.de\/GHS-Buecherei\/index.php\/p9783551311566\/","title":{"rendered":"Fantasie 81"},"content":{"rendered":"<table><tbody><tr><td class='rDTitel' colspan='2'>Die Schlacht um das Labyrinth - Percy Jackson 4<\/td><\/tr><tr><td><span class='rDLabel1'>Status: <\/span><span class='rDText1Gruen'>vorhanden<\/span><\/td><td><span class='rDLabel1'>Antolin: <\/span><span class='rDText1Gruen'>ja, Empfehlung Klasse 7<\/span><\/td><\/tr><tr><td width=50%><img src='https:\/\/www.web-rr.de\/GHS-Buecherei\/wp-content\/uploads\/9783551311566.jpg' alt=''><\/td><td><p class='rDLabel2'>von <span class='rDText2'>Rick Riordan<\/span><\/p><p class='rDLabel2'>Verlag: <span class='rDText2'>Carlsen,  2012,  10.00 \u20ac<\/span><\/p><p class='rDLabel2'>B\u00fccherei-Barcode: <span class='rDText2'>9783551311566<\/span><\/p><p class='rDLabel2'>In der B\u00fccherei erfasst am: <span class='rDText2'>24.08.2020<\/span><\/p><p class='rDLabel2'>Stichw\u00f6rter: <span class='rDText2'>Fantasy, Halbg\u00f6tter, griechische Mythologie<\/span><\/p><p class='rDLabel2'>Lesealter ca. <span class='rDText2'>11<\/span><span class='rDLabel2'> Jahre<\/span><\/p><p class='rDLabel2'>Das Buch wurde <span class='rDText2'>0<\/span><span class='rDLabel2'> mal gelesen.<\/span><\/p><\/td><\/tr><tr><td colspan='2'><p class='rDLabel1'>Inhalt:<\/p><span class='rDText2'>Der richtige Weg ins Abenteuer!\n\r\n\rDie Armee des Titanen Kronos wird immer st\u00e4rker! Nun ist auch Camp Half-Blood nicht mehr vor ihr sicher, denn das magische Labyrinth des D\u00e4dalus hat einen geheimen Ausgang mitten im Camp. Nicht auszudenken, was passiert, wenn Kronos und seine Verb\u00fcndeten den Weg dorthin finden! Das m\u00fcssen Percy und seine Freunde unbedingt verhindern. Unerschrocken treten sie eine Reise ins Unbekannte an, hinunter in das unterirdische Labyrinth, das st\u00e4ndig seine Form ver\u00e4ndert. Und hinter jeder Biegung lauern neue Gefahren ... Alle B\u00e4nde der Percy-Jackson-Serie: Percy Jackson - Diebe im Olymp (Band 1) Percy Jackson - Im Bann des Zyklopen (Band 2) Percy Jackson - Der Fluch des Titanen (Band 3) Percy Jackson - Die Schlacht um das Labyrinth (Band 4) Percy Jackson - Die letzte G\u00f6ttin (Band 5) Percy Jackson - Auf Monsterjagd mit den Geschwistern Kane (Sonderband)Percy Jackson erz\u00e4hlt: Griechische G\u00f6ttersagen Percy Jackson erz\u00e4hlt: Griechische Heldensagen Und dann geht es weiter mit den \"Helden des Olymp\"!\n\r\n\r<\/span><\/td><\/tr><tr><td colspan='2'><a href='#' onclick='history.back(); return false'>Zur\u00fcck<\/a><\/td><\/tr><\/tbody><\/table>\n","protected":false},"excerpt":{"rendered":"","protected":false},"author":1,"featured_media":0,"parent":0,"menu_order":0,"comment_status":"closed","ping_status":"closed","template":"","meta":[],"_links":{"self":[{"href":"https:\/\/www.web-rr.de\/GHS-Buecherei\/index.php\/wp-json\/wp\/v2\/pages\/4182"}],"collection":[{"href":"https:\/\/www.web-rr.de\/GHS-Buecherei\/index.php\/wp-json\/wp\/v2\/pages"}],"about":[{"href":"https:\/\/www.web-rr.de\/GHS-Buecherei\/index.php\/wp-json\/wp\/v2\/types\/page"}],"author":[{"embeddable":true,"href":"https:\/\/www.web-rr.de\/GHS-Buecherei\/index.php\/wp-json\/wp\/v2\/users\/1"}],"replies":[{"embeddable":true,"href":"https:\/\/www.web-rr.de\/GHS-Buecherei\/index.php\/wp-json\/wp\/v2\/comments?post=4182"}],"version-history":[{"count":0,"href":"https:\/\/www.web-rr.de\/GHS-Buecherei\/index.php\/wp-json\/wp\/v2\/pages\/4182\/revisions"}],"wp:attachment":[{"href":"https:\/\/www.web-rr.de\/GHS-Buecherei\/index.php\/wp-json\/wp\/v2\/media?parent=4182"}],"curies":[{"name":"wp","href":"https:\/\/api.w.org\/{rel}","templated":true}]}}