{"id":4181,"date":"2021-02-23T20:00:00","date_gmt":"2021-02-23T20:00:00","guid":{"rendered":"https:\/\/www.web-rr.de\/GHS-Buecherei\/?page_id=4181"},"modified":"2021-02-22T23:59:59","modified_gmt":"2021-02-22T23:59:59","slug":"p9783551311139","status":"publish","type":"page","link":"https:\/\/www.web-rr.de\/GHS-Buecherei\/index.php\/p9783551311139\/","title":{"rendered":"Fantasie 80"},"content":{"rendered":"<table><tbody><tr><td class='rDTitel' colspan='2'>Der Fluch des Titanen - Percy Jackson 3<\/td><\/tr><tr><td><span class='rDLabel1'>Status: <\/span><span class='rDText1Gruen'>vorhanden<\/span><\/td><td><span class='rDLabel1'>Antolin: <\/span><span class='rDText1Gruen'>ja, Empfehlung Klasse 7<\/span><\/td><\/tr><tr><td width=50%><img src='https:\/\/www.web-rr.de\/GHS-Buecherei\/wp-content\/uploads\/9783551311139.jpg' alt=''><\/td><td><p class='rDLabel2'>von <span class='rDText2'>Rick Riordan<\/span><\/p><p class='rDLabel2'>Verlag: <span class='rDText2'>Carlsen,  2012,  10.00 \u20ac<\/span><\/p><p class='rDLabel2'>B\u00fccherei-Barcode: <span class='rDText2'>9783551311139<\/span><\/p><p class='rDLabel2'>In der B\u00fccherei erfasst am: <span class='rDText2'>24.08.2020<\/span><\/p><p class='rDLabel2'>Stichw\u00f6rter: <span class='rDText2'>Fantasy, Halbg\u00f6tter, griechische Mythologie<\/span><\/p><p class='rDLabel2'>Lesealter ca. <span class='rDText2'>11<\/span><span class='rDLabel2'> Jahre<\/span><\/p><p class='rDLabel2'>Das Buch wurde <span class='rDText2'>0<\/span><span class='rDLabel2'> mal gelesen.<\/span><\/p><\/td><\/tr><tr><td colspan='2'><p class='rDLabel1'>Inhalt:<\/p><span class='rDText2'>Halbg\u00f6tter sind auch nur Menschen!\n\r\n\rBei den G\u00f6ttern des Olymp herrscht Untergangsstimmung, denn die Titanen r\u00fcsten zum Krieg! Percy muss unbedingt bis zur Sonnenwende die G\u00f6ttin Artemis befreien, die in die Klauen der finsteren M\u00e4chte geraten ist. Ein Abenteuer, das ihn und seine Freunde den gef\u00e4hrlichsten Kreaturen der griechischen Mythologie gegen\u00fcbertreten l\u00e4sst - und t\u00f6dliche Gefahren birgt. Aber die Titanen haben offensichtlich vergessen, dass Percy mit allen Wassern gewaschen ist. Schlie\u00dflich ist er der Sohn des Poseidon! Alle B\u00e4nde der Percy-Jackson-Serie: Percy Jackson - Diebe im Olymp (Band 1) Percy Jackson - Im Bann des Zyklopen (Band 2) Percy Jackson - Der Fluch des Titanen (Band 3) Percy Jackson - Die Schlacht um das Labyrinth (Band 4) Percy Jackson - Die letzte G\u00f6ttin (Band 5) Percy Jackson - Auf Monsterjagd mit den Geschwistern Kane (Sonderband) Percy Jackson erz\u00e4hlt: Griechische G\u00f6ttersagen Percy Jackson erz\u00e4hlt: Griechische HeldensagenUnd dann geht es weiter mit den \"Helden des Olymp\"!\n\r\n\r<\/span><\/td><\/tr><tr><td colspan='2'><a href='#' onclick='history.back(); return false'>Zur\u00fcck<\/a><\/td><\/tr><\/tbody><\/table>\n","protected":false},"excerpt":{"rendered":"","protected":false},"author":1,"featured_media":0,"parent":0,"menu_order":0,"comment_status":"closed","ping_status":"closed","template":"","meta":[],"_links":{"self":[{"href":"https:\/\/www.web-rr.de\/GHS-Buecherei\/index.php\/wp-json\/wp\/v2\/pages\/4181"}],"collection":[{"href":"https:\/\/www.web-rr.de\/GHS-Buecherei\/index.php\/wp-json\/wp\/v2\/pages"}],"about":[{"href":"https:\/\/www.web-rr.de\/GHS-Buecherei\/index.php\/wp-json\/wp\/v2\/types\/page"}],"author":[{"embeddable":true,"href":"https:\/\/www.web-rr.de\/GHS-Buecherei\/index.php\/wp-json\/wp\/v2\/users\/1"}],"replies":[{"embeddable":true,"href":"https:\/\/www.web-rr.de\/GHS-Buecherei\/index.php\/wp-json\/wp\/v2\/comments?post=4181"}],"version-history":[{"count":0,"href":"https:\/\/www.web-rr.de\/GHS-Buecherei\/index.php\/wp-json\/wp\/v2\/pages\/4181\/revisions"}],"wp:attachment":[{"href":"https:\/\/www.web-rr.de\/GHS-Buecherei\/index.php\/wp-json\/wp\/v2\/media?parent=4181"}],"curies":[{"name":"wp","href":"https:\/\/api.w.org\/{rel}","templated":true}]}}