{"id":4167,"date":"2021-02-23T20:00:00","date_gmt":"2021-02-23T20:00:00","guid":{"rendered":"https:\/\/www.web-rr.de\/GHS-Buecherei\/?page_id=4167"},"modified":"2021-02-22T23:59:59","modified_gmt":"2021-02-22T23:59:59","slug":"p9783505139543","status":"publish","type":"page","link":"https:\/\/www.web-rr.de\/GHS-Buecherei\/index.php\/p9783505139543\/","title":{"rendered":"Fantasie 66"},"content":{"rendered":"<table><tbody><tr><td class='rDTitel' colspan='2'>Zeitreise auf vier Pfoten, Band 01 - Eine Katze f\u00fcr Kleopatra<\/td><\/tr><tr><td><span class='rDLabel1'>Status: <\/span><span class='rDText1Gruen'>vorhanden<\/span><\/td><td><span class='rDLabel1'>Antolin: <\/span><span class='rDText1Gruen'>ja, Empfehlung Klasse 3<\/span><\/td><\/tr><tr><td width=50%><img src='https:\/\/www.web-rr.de\/GHS-Buecherei\/wp-content\/uploads\/9783505139543.jpg' alt=''><\/td><td><p class='rDLabel2'>von <span class='rDText2'>Michael Koglin<\/span><\/p><p class='rDLabel2'>Verlag: <span class='rDText2'>Egmont Schneiderbuch,  2017,  8.00 \u20ac<\/span><\/p><p class='rDLabel2'>B\u00fccherei-Barcode: <span class='rDText2'>9783505139543<\/span><\/p><p class='rDLabel2'>In der B\u00fccherei erfasst am: <span class='rDText2'>03.01.2020<\/span><\/p><p class='rDLabel2'>Stichw\u00f6rter: <span class='rDText2'>Zeitmaschine, Dinosaurier, Pony, Raben, Chaos<\/span><\/p><p class='rDLabel2'>Lesealter ca. <span class='rDText2'>7<\/span><span class='rDLabel2'> Jahre<\/span><\/p><p class='rDLabel2'>Das Buch wurde <span class='rDText2'>3<\/span><span class='rDLabel2'> mal gelesen.<\/span><\/p><\/td><\/tr><tr><td colspan='2'><p class='rDLabel1'>Inhalt:<\/p><span class='rDText2'>Ein Hund reist durch die Zeit! Ponys, Raben und ein Dinosaurierbaby - was f\u00fcr ein Chaos! Die Zeitreise-Maschine von Professor Tempus hat einen ganzen Haufen Tiere aus der Vergangenheit ins Jetzt bef\u00f6rdert. Der Professor, seine Enkelin Lia und ihr Hund Curry m\u00fcssen die Tiere unbedingt wieder zur\u00fcck nach Hause bringen! Ihre erste Reise geht ins alte \u00c4gypten. Die kleine Katze geh\u00f6rt zur\u00fcck in Kleopatras Palast, sonst ist die Weltgeschichte in Gefahr! Gar keine so leichte Aufgabe - die Pharaonin empf\u00e4ngt schlie\u00dflich nicht jeden ... \"Zeitreise auf vier Pfoten - Eine Katze f\u00fcr Kleopatra\" ist nominiert f\u00fcr den Kinderbuchpreis \"Kieler Lesesprotte\".\n\r\n\r\u00bbAutorentext\u00ab\n\rMichael Koglin ist Autor zahlreicher B\u00fccher und arbeitete als freier Journalist u.a. f\u00fcr NDR und Brigitte. Seine Krimis erscheinen bei Goldmann und Droemer Knaur. Der Wahl-Hamburger verfasste au\u00dferdem mehrere Kindertheaterst\u00fccke und -b\u00fccher und schrieb zahlreiche Drehb\u00fccher f\u00fcr Kinderserien. Koglin wurde mit verschiedenen Literatur<\/span><\/td><\/tr><tr><td colspan='2'><a href='#' onclick='history.back(); return false'>Zur\u00fcck<\/a><\/td><\/tr><\/tbody><\/table>\n","protected":false},"excerpt":{"rendered":"","protected":false},"author":1,"featured_media":0,"parent":0,"menu_order":0,"comment_status":"closed","ping_status":"closed","template":"","meta":[],"_links":{"self":[{"href":"https:\/\/www.web-rr.de\/GHS-Buecherei\/index.php\/wp-json\/wp\/v2\/pages\/4167"}],"collection":[{"href":"https:\/\/www.web-rr.de\/GHS-Buecherei\/index.php\/wp-json\/wp\/v2\/pages"}],"about":[{"href":"https:\/\/www.web-rr.de\/GHS-Buecherei\/index.php\/wp-json\/wp\/v2\/types\/page"}],"author":[{"embeddable":true,"href":"https:\/\/www.web-rr.de\/GHS-Buecherei\/index.php\/wp-json\/wp\/v2\/users\/1"}],"replies":[{"embeddable":true,"href":"https:\/\/www.web-rr.de\/GHS-Buecherei\/index.php\/wp-json\/wp\/v2\/comments?post=4167"}],"version-history":[{"count":0,"href":"https:\/\/www.web-rr.de\/GHS-Buecherei\/index.php\/wp-json\/wp\/v2\/pages\/4167\/revisions"}],"wp:attachment":[{"href":"https:\/\/www.web-rr.de\/GHS-Buecherei\/index.php\/wp-json\/wp\/v2\/media?parent=4167"}],"curies":[{"name":"wp","href":"https:\/\/api.w.org\/{rel}","templated":true}]}}