{"id":4164,"date":"2021-02-23T20:00:00","date_gmt":"2021-02-23T20:00:00","guid":{"rendered":"https:\/\/www.web-rr.de\/GHS-Buecherei\/?page_id=4164"},"modified":"2021-02-22T23:59:59","modified_gmt":"2021-02-22T23:59:59","slug":"p9783941651036","status":"publish","type":"page","link":"https:\/\/www.web-rr.de\/GHS-Buecherei\/index.php\/p9783941651036\/","title":{"rendered":"Fantasie 63"},"content":{"rendered":"<table><tbody><tr><td class='rDTitel' colspan='2'>Gefahr am Brummelberg<\/td><\/tr><tr><td><span class='rDLabel1'>Status: <\/span><span class='rDText1Gruen'>vorhanden<\/span><\/td><td><span class='rDLabel1'>Antolin: <\/span><span class='rDText1Gruen'>ja, Empfehlung Klasse 3<\/span><\/td><\/tr><tr><td width=50%><img src='https:\/\/www.web-rr.de\/GHS-Buecherei\/wp-content\/uploads\/9783941651036.jpg' alt=''><\/td><td><p class='rDLabel2'>von <span class='rDText2'>Christian Barz<\/span><\/p><p class='rDLabel2'>Verlag: <span class='rDText2'>DIX Verlag &amp; PR,  2017,  14.00 \u20ac<\/span><\/p><p class='rDLabel2'>B\u00fccherei-Barcode: <span class='rDText2'>9783941651036<\/span><\/p><p class='rDLabel2'>In der B\u00fccherei erfasst am: <span class='rDText2'>03.01.2020<\/span><\/p><p class='rDLabel2'>Stichw\u00f6rter: <span class='rDText2'>Vulkane, Lava, Saurier, Spannung, Abenteuer<\/span><\/p><p class='rDLabel2'>Lesealter ca. <span class='rDText2'>7<\/span><span class='rDLabel2'> Jahre<\/span><\/p><p class='rDLabel2'>Das Buch wurde <span class='rDText2'>0<\/span><span class='rDLabel2'> mal gelesen.<\/span><\/p><\/td><\/tr><tr><td colspan='2'><p class='rDLabel1'>Inhalt:<\/p><span class='rDText2'>T-Rex Freddy und sein bester Freund Ulf entdecken F\u00fcrchterliches: Der benachbarte Brummelberg ist offensichtlich keine harmlose Anh\u00f6he, sondern ein Vulkan, der jetzt kurz vor dem Ausbruch steht. Alle geraten in Panik. Auch der \u00c4ltestenrat hat keine andere L\u00f6sung als sofortige Flucht. Aber wohin? Und was mitnehmen? Kurz nach dem verzweifelten Aufbruch kommt Freddy eine tollk\u00fchne und gef\u00e4hrliche Idee! Obwohl kaum einer der anderen Dinos an den Erfolg dieses wagemutigen Plans glaubt, gibt Freddy die Hoffnung nicht auf und versucht es! Freddy - unterst\u00fctzt von seinen besten Freunden - setzt alles auf eine Karte. Sie gehen alle ein hohes Risiko ein. Aber wie sonst k\u00f6nnten sie ihren heimatlichen Knisterwald und dessen Bewohner retten? Alles muss exakt funktionieren, denn sie wissen, es gibt nur einen Versuch!<\/span><\/td><\/tr><tr><td colspan='2'><a href='#' onclick='history.back(); return false'>Zur\u00fcck<\/a><\/td><\/tr><\/tbody><\/table>\n","protected":false},"excerpt":{"rendered":"","protected":false},"author":1,"featured_media":0,"parent":0,"menu_order":0,"comment_status":"closed","ping_status":"closed","template":"","meta":[],"_links":{"self":[{"href":"https:\/\/www.web-rr.de\/GHS-Buecherei\/index.php\/wp-json\/wp\/v2\/pages\/4164"}],"collection":[{"href":"https:\/\/www.web-rr.de\/GHS-Buecherei\/index.php\/wp-json\/wp\/v2\/pages"}],"about":[{"href":"https:\/\/www.web-rr.de\/GHS-Buecherei\/index.php\/wp-json\/wp\/v2\/types\/page"}],"author":[{"embeddable":true,"href":"https:\/\/www.web-rr.de\/GHS-Buecherei\/index.php\/wp-json\/wp\/v2\/users\/1"}],"replies":[{"embeddable":true,"href":"https:\/\/www.web-rr.de\/GHS-Buecherei\/index.php\/wp-json\/wp\/v2\/comments?post=4164"}],"version-history":[{"count":0,"href":"https:\/\/www.web-rr.de\/GHS-Buecherei\/index.php\/wp-json\/wp\/v2\/pages\/4164\/revisions"}],"wp:attachment":[{"href":"https:\/\/www.web-rr.de\/GHS-Buecherei\/index.php\/wp-json\/wp\/v2\/media?parent=4164"}],"curies":[{"name":"wp","href":"https:\/\/api.w.org\/{rel}","templated":true}]}}