{"id":4154,"date":"2021-02-23T20:00:00","date_gmt":"2021-02-23T20:00:00","guid":{"rendered":"https:\/\/www.web-rr.de\/GHS-Buecherei\/?page_id=4154"},"modified":"2021-02-22T23:59:59","modified_gmt":"2021-02-22T23:59:59","slug":"p9783551359230","status":"publish","type":"page","link":"https:\/\/www.web-rr.de\/GHS-Buecherei\/index.php\/p9783551359230\/","title":{"rendered":"Fantasie 53"},"content":{"rendered":"<table><tbody><tr><td class='rDTitel' colspan='2'>Das verr\u00fcckte Klassenzimmer - Chaos bis zum Umfallen<\/td><\/tr><tr><td><span class='rDLabel1'>Status: <\/span><span class='rDText1Gruen'>vorhanden<\/span><\/td><td><span class='rDLabel1'>Antolin: <\/span><span class='rDText1Gruen'>ja, Empfehlung Klasse 4<\/span><\/td><\/tr><tr><td width=50%><img src='https:\/\/www.web-rr.de\/GHS-Buecherei\/wp-content\/uploads\/9783551359230.jpg' alt=''><\/td><td><p class='rDLabel2'>von <span class='rDText2'>Jana Frey<\/span><\/p><p class='rDLabel2'>Verlag: <span class='rDText2'>Carlsen,  2012,  6.95 \u20ac<\/span><\/p><p class='rDLabel2'>B\u00fccherei-Barcode: <span class='rDText2'>9783551359230<\/span><\/p><p class='rDLabel2'>In der B\u00fccherei erfasst am: <span class='rDText2'>13.01.2019<\/span><\/p><p class='rDLabel2'>Stichw\u00f6rter: <span class='rDText2'>Spa\u00df, Zauber, Afrika<\/span><\/p><p class='rDLabel2'>Lesealter ca. <span class='rDText2'>8<\/span><span class='rDLabel2'> Jahre<\/span><\/p><p class='rDLabel2'>Das Buch wurde <span class='rDText2'>1<\/span><span class='rDLabel2'> mal gelesen.<\/span><\/p><\/td><\/tr><tr><td colspan='2'><p class='rDLabel1'>Inhalt:<\/p><span class='rDText2'>\"Sie war, ungelogen, h\u00f6chstens so gro\u00df wie mein kleiner Finger, aber sie hatte rubinrote Ringellocken und eine lila Federstola um den Hals und ihre winzigen F\u00fc\u00dfe steckten in eidottergelben Minischnallenschuhen.\" - Wer k\u00f6nnte das anderes sein als eine klitzekleine Frau Eulenstein!? Die zaubernde Klassenlehrerin und ihre 3a verbreiten wieder Chaos und Spa\u00df pur: Erst tut sich ein Riss im Boden auf, der die komplette 3a und drei Kinder aus der 3b einfach verschluckt - und pl\u00f6tzlich sind alle miteinander in Afrika! Dann \u00fcberfordern zu viele Herzensw\u00fcnsche Frau Eulensteins Zauberk\u00fcnste. Und prompt ger\u00e4t einiges durcheinander ...<\/span><\/td><\/tr><tr><td colspan='2'><a href='#' onclick='history.back(); return false'>Zur\u00fcck<\/a><\/td><\/tr><\/tbody><\/table>\n","protected":false},"excerpt":{"rendered":"","protected":false},"author":1,"featured_media":0,"parent":0,"menu_order":0,"comment_status":"closed","ping_status":"closed","template":"","meta":[],"_links":{"self":[{"href":"https:\/\/www.web-rr.de\/GHS-Buecherei\/index.php\/wp-json\/wp\/v2\/pages\/4154"}],"collection":[{"href":"https:\/\/www.web-rr.de\/GHS-Buecherei\/index.php\/wp-json\/wp\/v2\/pages"}],"about":[{"href":"https:\/\/www.web-rr.de\/GHS-Buecherei\/index.php\/wp-json\/wp\/v2\/types\/page"}],"author":[{"embeddable":true,"href":"https:\/\/www.web-rr.de\/GHS-Buecherei\/index.php\/wp-json\/wp\/v2\/users\/1"}],"replies":[{"embeddable":true,"href":"https:\/\/www.web-rr.de\/GHS-Buecherei\/index.php\/wp-json\/wp\/v2\/comments?post=4154"}],"version-history":[{"count":0,"href":"https:\/\/www.web-rr.de\/GHS-Buecherei\/index.php\/wp-json\/wp\/v2\/pages\/4154\/revisions"}],"wp:attachment":[{"href":"https:\/\/www.web-rr.de\/GHS-Buecherei\/index.php\/wp-json\/wp\/v2\/media?parent=4154"}],"curies":[{"name":"wp","href":"https:\/\/api.w.org\/{rel}","templated":true}]}}