{"id":4149,"date":"2021-02-23T20:00:00","date_gmt":"2021-02-23T20:00:00","guid":{"rendered":"https:\/\/www.web-rr.de\/GHS-Buecherei\/?page_id=4149"},"modified":"2021-02-22T23:59:59","modified_gmt":"2021-02-22T23:59:59","slug":"p9783440113561","status":"publish","type":"page","link":"https:\/\/www.web-rr.de\/GHS-Buecherei\/index.php\/p9783440113561\/","title":{"rendered":"Fantasie 48"},"content":{"rendered":"<table><tbody><tr><td class='rDTitel' colspan='2'>Das Volk im Kristall<\/td><\/tr><tr><td><span class='rDLabel1'>Status: <\/span><span class='rDText1Gruen'>vorhanden<\/span><\/td><td><span class='rDLabel1'>Antolin: <\/span><span class='rDText1Gruen'>ja, Empfehlung Klasse 6<\/span><\/td><\/tr><tr><td width=50%><img src='https:\/\/www.web-rr.de\/GHS-Buecherei\/wp-content\/uploads\/9783440113561.jpg' alt=''><\/td><td><p class='rDLabel2'>von <span class='rDText2'>Astrid Vollenbruch<\/span><\/p><p class='rDLabel2'>Verlag: <span class='rDText2'>Kosmos,  2008,  9.95 \u20ac<\/span><\/p><p class='rDLabel2'>B\u00fccherei-Barcode: <span class='rDText2'>9783440113561<\/span><\/p><p class='rDLabel2'>In der B\u00fccherei erfasst am: <span class='rDText2'>01.11.2018<\/span><\/p><p class='rDLabel2'>Stichw\u00f6rter: <span class='rDText2'>Spannung, Magie, Einh\u00f6rner, Land Parva, Abenteuer, Freunde, Nebeld\u00e4monen, Krieg, V\u00f6lker<\/span><\/p><p class='rDLabel2'>Lesealter ca. <span class='rDText2'>10<\/span><span class='rDLabel2'> Jahre<\/span><\/p><p class='rDLabel2'>Das Buch wurde <span class='rDText2'>3<\/span><span class='rDLabel2'> mal gelesen.<\/span><\/p><\/td><\/tr><tr><td colspan='2'><p class='rDLabel1'>Inhalt:<\/p><span class='rDText2'>Eine spannende Reise in das fantastische Land Parva: In diesem Reich der magischen Wesen leben die schwarzen Einh\u00f6rner. Sie haben die seltene F\u00e4higkeit, zwischen den Welten zu wandern. Sonja und Melanie, zw\u00f6lf und dreizehn Jahre alt, k\u00f6nnen mit Hilfe von Nachtfrost, einem der schwarzen Einh\u00f6rner, nach Parva gelangen. Dort treffen sie Elri und ihren \u00e4lteren Bruder Lorin. Die Vier werden Freunde und erleben gemeinsam, spannende und manchmal gef\u00e4hrliche Abenteuer.In Parva herrscht noch immer Krieg. Die Nebeld\u00e4monen haben bereits weite Teile des Landes in ihre Gewalt gebracht und die freien V\u00f6lker fliehen nach Westen. Um ihren Freunden Elri und Lorin zu helfen, muss Sonja mit Hilfe des magischen Amuletts den Wolfsgott wieder erwecken. Doch das Ritual zur Erweckung ist in einer alten Sprache \u00fcberliefert, die niemand mehr \u00fcbersetzen kann. Nur das Volk der Enat kann ihr helfen, die Sprache zu verstehen.<\/span><\/td><\/tr><tr><td colspan='2'><a href='#' onclick='history.back(); return false'>Zur\u00fcck<\/a><\/td><\/tr><\/tbody><\/table>\n","protected":false},"excerpt":{"rendered":"","protected":false},"author":1,"featured_media":0,"parent":0,"menu_order":0,"comment_status":"closed","ping_status":"closed","template":"","meta":[],"_links":{"self":[{"href":"https:\/\/www.web-rr.de\/GHS-Buecherei\/index.php\/wp-json\/wp\/v2\/pages\/4149"}],"collection":[{"href":"https:\/\/www.web-rr.de\/GHS-Buecherei\/index.php\/wp-json\/wp\/v2\/pages"}],"about":[{"href":"https:\/\/www.web-rr.de\/GHS-Buecherei\/index.php\/wp-json\/wp\/v2\/types\/page"}],"author":[{"embeddable":true,"href":"https:\/\/www.web-rr.de\/GHS-Buecherei\/index.php\/wp-json\/wp\/v2\/users\/1"}],"replies":[{"embeddable":true,"href":"https:\/\/www.web-rr.de\/GHS-Buecherei\/index.php\/wp-json\/wp\/v2\/comments?post=4149"}],"version-history":[{"count":0,"href":"https:\/\/www.web-rr.de\/GHS-Buecherei\/index.php\/wp-json\/wp\/v2\/pages\/4149\/revisions"}],"wp:attachment":[{"href":"https:\/\/www.web-rr.de\/GHS-Buecherei\/index.php\/wp-json\/wp\/v2\/media?parent=4149"}],"curies":[{"name":"wp","href":"https:\/\/api.w.org\/{rel}","templated":true}]}}