{"id":4142,"date":"2021-02-23T20:00:00","date_gmt":"2021-02-23T20:00:00","guid":{"rendered":"https:\/\/www.web-rr.de\/GHS-Buecherei\/?page_id=4142"},"modified":"2021-02-22T23:59:59","modified_gmt":"2021-02-22T23:59:59","slug":"p9783596854950","status":"publish","type":"page","link":"https:\/\/www.web-rr.de\/GHS-Buecherei\/index.php\/p9783596854950\/","title":{"rendered":"Fantasie 41"},"content":{"rendered":"<table><tbody><tr><td class='rDTitel' colspan='2'>Munkel Trogg: Der kleinste Riese der Welt<\/td><\/tr><tr><td><span class='rDLabel1'>Status: <\/span><span class='rDText1Gruen'>vorhanden<\/span><\/td><td><span class='rDLabel1'>Antolin: <\/span><span class='rDText1Gruen'>ja, Empfehlung Klasse 4<\/span><\/td><\/tr><tr><td width=50%><img src='https:\/\/www.web-rr.de\/GHS-Buecherei\/wp-content\/uploads\/9783596854950.jpg' alt=''><\/td><td><p class='rDLabel2'>von <span class='rDText2'>Janet Foxley<\/span><\/p><p class='rDLabel2'>Verlag: <span class='rDText2'>FISCHER KJB,  2013,  12.99 \u20ac<\/span><\/p><p class='rDLabel2'>B\u00fccherei-Barcode: <span class='rDText2'>9783596854950<\/span><\/p><p class='rDLabel2'>In der B\u00fccherei erfasst am: <span class='rDText2'>01.03.2015<\/span><\/p><p class='rDLabel2'>Stichw\u00f6rter: <span class='rDText2'>Humor, Spannung, Riese, Drache<\/span><\/p><p class='rDLabel2'>Lesealter ca. <span class='rDText2'>8<\/span><span class='rDLabel2'> Jahre<\/span><\/p><p class='rDLabel2'>Das Buch wurde <span class='rDText2'>2<\/span><span class='rDLabel2'> mal gelesen.<\/span><\/p><\/td><\/tr><tr><td colspan='2'><p class='rDLabel1'>Inhalt:<\/p><span class='rDText2'>Eine spannende, mit viel Humor erz\u00e4hlte Geschichte f\u00fcr Kinder ab 8 Jahren \u00fcber einen zu klein geratenen Riesen, der auszieht, die Welt der Menschen zu entdecken - und zum Helden wird. Riesen sind gro\u00df. Normalerweise. Doch was, wenn du der kleinste Riese der Welt bist und alle \u00fcber dich lachen, weil du nicht gr\u00f6\u00dfer bist als ein Mensch? Dies ist die Geschichte von Munkel Trogg, dem kleinsten Riesen der Welt. Heimlich macht er sich auf den Weg in die Menschenwelt, reitet zum ersten Mal auf einem Drachen und erlebt ein Abenteuer nach dem anderen. Munkel Trogg erobert die Herzen der Leserinnen und Leser in aller Welt im Sturm. Kein Wunder - er ist eine wunderbare Identifaktionsfigur f\u00fcr Kinder, die ja immer kleiner als Erwachsene sind. Und Munkel liefert l\u00e4ssig den Beweis, dass Kleine Gro\u00dfes vollbringen k\u00f6nnen.<\/span><\/td><\/tr><tr><td colspan='2'><a href='#' onclick='history.back(); return false'>Zur\u00fcck<\/a><\/td><\/tr><\/tbody><\/table>\n","protected":false},"excerpt":{"rendered":"","protected":false},"author":1,"featured_media":0,"parent":0,"menu_order":0,"comment_status":"closed","ping_status":"closed","template":"","meta":[],"_links":{"self":[{"href":"https:\/\/www.web-rr.de\/GHS-Buecherei\/index.php\/wp-json\/wp\/v2\/pages\/4142"}],"collection":[{"href":"https:\/\/www.web-rr.de\/GHS-Buecherei\/index.php\/wp-json\/wp\/v2\/pages"}],"about":[{"href":"https:\/\/www.web-rr.de\/GHS-Buecherei\/index.php\/wp-json\/wp\/v2\/types\/page"}],"author":[{"embeddable":true,"href":"https:\/\/www.web-rr.de\/GHS-Buecherei\/index.php\/wp-json\/wp\/v2\/users\/1"}],"replies":[{"embeddable":true,"href":"https:\/\/www.web-rr.de\/GHS-Buecherei\/index.php\/wp-json\/wp\/v2\/comments?post=4142"}],"version-history":[{"count":0,"href":"https:\/\/www.web-rr.de\/GHS-Buecherei\/index.php\/wp-json\/wp\/v2\/pages\/4142\/revisions"}],"wp:attachment":[{"href":"https:\/\/www.web-rr.de\/GHS-Buecherei\/index.php\/wp-json\/wp\/v2\/media?parent=4142"}],"curies":[{"name":"wp","href":"https:\/\/api.w.org\/{rel}","templated":true}]}}