{"id":4134,"date":"2021-02-23T20:00:00","date_gmt":"2021-02-23T20:00:00","guid":{"rendered":"https:\/\/www.web-rr.de\/GHS-Buecherei\/?page_id=4134"},"modified":"2021-02-22T23:59:59","modified_gmt":"2021-02-22T23:59:59","slug":"p9783772520709","status":"publish","type":"page","link":"https:\/\/www.web-rr.de\/GHS-Buecherei\/index.php\/p9783772520709\/","title":{"rendered":"Fantasie 32"},"content":{"rendered":"<table><tbody><tr><td class='rDTitel' colspan='2'>Kotzmotz der Zauberer<\/td><\/tr><tr><td><span class='rDLabel1'>Status: <\/span><span class='rDText1Gruen'>vorhanden<\/span><\/td><td><span class='rDLabel1'>Antolin: <\/span><span class='rDText1Gruen'>ja, Empfehlung Klasse 3<\/span><\/td><\/tr><tr><td width=50%><img src='https:\/\/www.web-rr.de\/GHS-Buecherei\/wp-content\/uploads\/9783772520709.jpg' alt=''><\/td><td><p class='rDLabel2'>von <span class='rDText2'>Brigitte Werner<\/span><\/p><p class='rDLabel2'>Verlag: <span class='rDText2'>Freies Geistesleben,  2008,  14.90 \u20ac<\/span><\/p><p class='rDLabel2'>B\u00fccherei-Barcode: <span class='rDText2'>9783772520709<\/span><\/p><p class='rDLabel2'>In der B\u00fccherei erfasst am: <span class='rDText2'>01.03.2015<\/span><\/p><p class='rDLabel2'>Stichw\u00f6rter: <span class='rDText2'>Zauberer, Angst<\/span><\/p><p class='rDLabel2'>Lesealter ca. <span class='rDText2'>7<\/span><span class='rDLabel2'> Jahre<\/span><\/p><p class='rDLabel2'>Das Buch wurde <span class='rDText2'>1<\/span><span class='rDLabel2'> mal gelesen.<\/span><\/p><\/td><\/tr><tr><td colspan='2'><p class='rDLabel1'>Inhalt:<\/p><span class='rDText2'>Der kleine Hase fasste all seinen Hasenmut zusammen und gestand: 'Ich hatte eine schreckliche Angst, da waren n\u00e4mlich Gespenster, alle diese gruseligen Mondlichtnachtschattengespenster, du wei\u00dft schon ... Ich hatte sogar hasenherden-k\u00f6ddel-viel Angst, aber dann habe ich gek\u00e4mpft, jawoll, und ...' 'Und dann hatte ich eine Riesen-Schissbuxen-Angst', gestand der Zauberer, 'weil da pl\u00f6tzlich ein so f\u00fcrcherlich zerstrupptes, wildes, k\u00e4mpfendes Ungeheuer mit einem langen, spitzen Dolch vor meinem Bett tobte und mit seinem wilden Kampfgeschrei meine Knochen zers\u00e4gte.'Und dann fl\u00fcsterte der Zauberer: 'Monarosadella!', so langsam und so sanft, wie er nur konnte, denn er hatte dieses besondere Hasenstreichelwort ganz tief in seinem Herzen aufbewahrt. Und der kleine Hase kuschelte sich ganz nah an den Zauberer und fl\u00fcsterte wieder zur\u00fcck: 'Dellamonarosa!' Und der Zauberer streichelte ihn mit dem Wort: 'Rosadellamona!' Und sie drehten das Streichelwort nach allen Seiten und immer blieb es sanft und weichWenn der Zauberer Kotzmotz tobt und w\u00fctet, halten alle Tiere im Wald den Atem an und verstecken sich; selbst die B\u00e4ume zittern vor Angst. Nur ein kleiner, unbek\u00fcmmerter, zerzauster Hase l\u00e4sst sich nicht beirren und landet unversehens direkt vor dem Haus des Zauberers.Wird es ihm gelingen, dem dunklen Magier zu widerstehen und seiner rasenden Tobsucht etwas entgegenzusetzen?Eine Geschichte \u00fcber intensive, elementare Gef\u00fchle von Angst, Wut, Einsamkeit, Zutrauen und Z\u00e4rtlichkeit, erz\u00e4hlt mit viel Humor und einer schier unersch\u00f6pflichen Lust an den poetischen und bildhaften M\u00f6glichkeiten der Sprache.<\/span><\/td><\/tr><tr><td colspan='2'><a href='#' onclick='history.back(); return false'>Zur\u00fcck<\/a><\/td><\/tr><\/tbody><\/table>\n","protected":false},"excerpt":{"rendered":"","protected":false},"author":1,"featured_media":0,"parent":0,"menu_order":0,"comment_status":"closed","ping_status":"closed","template":"","meta":[],"_links":{"self":[{"href":"https:\/\/www.web-rr.de\/GHS-Buecherei\/index.php\/wp-json\/wp\/v2\/pages\/4134"}],"collection":[{"href":"https:\/\/www.web-rr.de\/GHS-Buecherei\/index.php\/wp-json\/wp\/v2\/pages"}],"about":[{"href":"https:\/\/www.web-rr.de\/GHS-Buecherei\/index.php\/wp-json\/wp\/v2\/types\/page"}],"author":[{"embeddable":true,"href":"https:\/\/www.web-rr.de\/GHS-Buecherei\/index.php\/wp-json\/wp\/v2\/users\/1"}],"replies":[{"embeddable":true,"href":"https:\/\/www.web-rr.de\/GHS-Buecherei\/index.php\/wp-json\/wp\/v2\/comments?post=4134"}],"version-history":[{"count":0,"href":"https:\/\/www.web-rr.de\/GHS-Buecherei\/index.php\/wp-json\/wp\/v2\/pages\/4134\/revisions"}],"wp:attachment":[{"href":"https:\/\/www.web-rr.de\/GHS-Buecherei\/index.php\/wp-json\/wp\/v2\/media?parent=4134"}],"curies":[{"name":"wp","href":"https:\/\/api.w.org\/{rel}","templated":true}]}}