{"id":4133,"date":"2021-02-23T20:00:00","date_gmt":"2021-02-23T20:00:00","guid":{"rendered":"https:\/\/www.web-rr.de\/GHS-Buecherei\/?page_id=4133"},"modified":"2021-02-22T23:59:59","modified_gmt":"2021-02-22T23:59:59","slug":"p9783942581448","status":"publish","type":"page","link":"https:\/\/www.web-rr.de\/GHS-Buecherei\/index.php\/p9783942581448\/","title":{"rendered":"Fantasie 31"},"content":{"rendered":"<table><tbody><tr><td class='rDTitel' colspan='2'>Mazoubars Welt: Eine spannende Geschichte f\u00fcr Kinder ab 8 Jahren.<\/td><\/tr><tr><td><span class='rDLabel1'>Status: <\/span><span class='rDText1Gruen'>vorhanden<\/span><\/td><td><span class='rDLabel1'>Antolin: <\/span><span class='rDText1Rot'>Quiz nicht vorhanden.<\/span><\/td><\/tr><tr><td width=50%><img src='https:\/\/www.web-rr.de\/GHS-Buecherei\/wp-content\/uploads\/9783942581448.jpg' alt=''><\/td><td><p class='rDLabel2'>von <span class='rDText2'>Sigrid Krekel<\/span><\/p><p class='rDLabel2'>Verlag: <span class='rDText2'>Roberto u. Philippo,  2012,  12.90 \u20ac<\/span><\/p><p class='rDLabel2'>B\u00fccherei-Barcode: <span class='rDText2'>9783942581448<\/span><\/p><p class='rDLabel2'>In der B\u00fccherei erfasst am: <span class='rDText2'>01.03.2015<\/span><\/p><p class='rDLabel2'>Stichw\u00f6rter: <span class='rDText2'>Abenteuer, Zauberer<\/span><\/p><p class='rDLabel2'>Lesealter ca. <span class='rDText2'>8<\/span><span class='rDLabel2'> Jahre<\/span><\/p><p class='rDLabel2'>Das Buch wurde <span class='rDText2'>0<\/span><span class='rDLabel2'> mal gelesen.<\/span><\/p><\/td><\/tr><tr><td colspan='2'><p class='rDLabel1'>Inhalt:<\/p><span class='rDText2'>Mika darf mit seinem besten Freund Lenny alleine eine Flugreise antreten, um Lennys Vater zu besuchen. Das w\u00e4re an sich schon aufregend genug. Doch unterwegs geraten die beiden durch geheimnisvolle Umst\u00e4nde ins magische Reich Mazourien. Der Zauberer Mazoubar hat n\u00e4mlich versehentlich einen Tornado ausgel\u00f6st und damit buchst\u00e4blich alles durcheinandergewirbelt.F\u00fcr Lenny und Mika beginnt eine Zeit fantastischer Abenteuer. Auf ihrem Weg zur\u00fcck m\u00fcssen sie so manche Pr\u00fcfung bestehen und viel lernen: die Mazourer Kampfkunst zum Beispiel, und auch wie man gute von b\u00f6sen Elfen unterscheiden kann. Zum Gl\u00fcck begegnen sie unterwegs dem M\u00e4dchen Kyra und dem von Heuschnupfen geplagten freundlichen Drachen Nieselan!<\/span><\/td><\/tr><tr><td colspan='2'><a href='#' onclick='history.back(); return false'>Zur\u00fcck<\/a><\/td><\/tr><\/tbody><\/table>\n","protected":false},"excerpt":{"rendered":"","protected":false},"author":1,"featured_media":0,"parent":0,"menu_order":0,"comment_status":"closed","ping_status":"closed","template":"","meta":[],"_links":{"self":[{"href":"https:\/\/www.web-rr.de\/GHS-Buecherei\/index.php\/wp-json\/wp\/v2\/pages\/4133"}],"collection":[{"href":"https:\/\/www.web-rr.de\/GHS-Buecherei\/index.php\/wp-json\/wp\/v2\/pages"}],"about":[{"href":"https:\/\/www.web-rr.de\/GHS-Buecherei\/index.php\/wp-json\/wp\/v2\/types\/page"}],"author":[{"embeddable":true,"href":"https:\/\/www.web-rr.de\/GHS-Buecherei\/index.php\/wp-json\/wp\/v2\/users\/1"}],"replies":[{"embeddable":true,"href":"https:\/\/www.web-rr.de\/GHS-Buecherei\/index.php\/wp-json\/wp\/v2\/comments?post=4133"}],"version-history":[{"count":0,"href":"https:\/\/www.web-rr.de\/GHS-Buecherei\/index.php\/wp-json\/wp\/v2\/pages\/4133\/revisions"}],"wp:attachment":[{"href":"https:\/\/www.web-rr.de\/GHS-Buecherei\/index.php\/wp-json\/wp\/v2\/media?parent=4133"}],"curies":[{"name":"wp","href":"https:\/\/api.w.org\/{rel}","templated":true}]}}