{"id":4132,"date":"2021-02-23T20:00:00","date_gmt":"2021-02-23T20:00:00","guid":{"rendered":"https:\/\/www.web-rr.de\/GHS-Buecherei\/?page_id=4132"},"modified":"2021-02-22T23:59:59","modified_gmt":"2021-02-22T23:59:59","slug":"p9783981222906","status":"publish","type":"page","link":"https:\/\/www.web-rr.de\/GHS-Buecherei\/index.php\/p9783981222906\/","title":{"rendered":"Fantasie 30"},"content":{"rendered":"<table><tbody><tr><td class='rDTitel' colspan='2'>Wandelwelt: Noumi - Minou<\/td><\/tr><tr><td><span class='rDLabel1'>Status: <\/span><span class='rDText1Gruen'>vorhanden<\/span><\/td><td><span class='rDLabel1'>Antolin: <\/span><span class='rDText1Rot'>Quiz nicht vorhanden.<\/span><\/td><\/tr><tr><td width=50%><img src='https:\/\/www.web-rr.de\/GHS-Buecherei\/wp-content\/uploads\/9783981222906.jpg' alt=''><\/td><td><p class='rDLabel2'>von <span class='rDText2'>Diana Jacobs-Waibel<\/span><\/p><p class='rDLabel2'>Verlag: <span class='rDText2'>Finde Fantasie,  2011,  19.95 \u20ac<\/span><\/p><p class='rDLabel2'>B\u00fccherei-Barcode: <span class='rDText2'>9783981222906<\/span><\/p><p class='rDLabel2'>In der B\u00fccherei erfasst am: <span class='rDText2'>01.04.2014<\/span><\/p><p class='rDLabel2'>Stichw\u00f6rter: <span class='rDText2'>Elfen, Feen<\/span><\/p><p class='rDLabel2'>Lesealter ca. <span class='rDText2'>-<\/span><span class='rDLabel2'> Jahre<\/span><\/p><p class='rDLabel2'>Das Buch wurde <span class='rDText2'>1<\/span><span class='rDLabel2'> mal gelesen.<\/span><\/p><\/td><\/tr><tr><td colspan='2'><p class='rDLabel1'>Inhalt:<\/p><span class='rDText2'>Diana J. Jacobs-Waibel, \"Wandelwelt Noumi-Minou\" behandelt ein h\u00f6chst aktuelles Thema auf erz\u00e4hlerischer eindrucksvoller Weise. In Zeiten, in denen auf Kinder und Jugendlichen ein enormer Leistungsdruck ausge\u00fcbt wird, ist ihr Buch eine gelungene Parabel auf die F\u00e4higkeit, die auf diesem Holzweg der Bildungspolitik verloren geht. Die Urkindliche Begabung zu tr\u00e4umen, die M\u00f6glichkeiten der kreativen Realit\u00e4tsbew\u00e4ltigung mit dem Mittel der Fantasie, ohne die auch die Erwachsenenwelt nicht auskommt, stehen im Zentrum. \u00dcberzeugend auch der `subplot`: Wie n\u00e4mlich Minou Hilfe bekommt, aber auch Hilfe gibt - und zwar nicht nur dem Kleinen Wesen Noumi und der Lehrerin Frau Besserwissen: Indem ihre Schulfreunde Minou am Ende anerkennen, ver\u00e4ndert sie auch den, neben dem Elternhaus, wesentlichen Teil ihrer Realit\u00e4t, also die Welt.Kerstin Zemkes Bilder halten sehr sch\u00f6n die Balance zwischen Traum und Realit\u00e4t. Sie erinnern mich an Illustrationen mit anthroposophischem Hintergrund - wie dieses Kinderbuch \u00fcberhaupt in Thematik und Gestaltung viele Ber\u00fchrungspunkte mit moderner Waldorfp\u00e4dagogig hat.<\/span><\/td><\/tr><tr><td colspan='2'><a href='#' onclick='history.back(); return false'>Zur\u00fcck<\/a><\/td><\/tr><\/tbody><\/table>\n","protected":false},"excerpt":{"rendered":"","protected":false},"author":1,"featured_media":0,"parent":0,"menu_order":0,"comment_status":"closed","ping_status":"closed","template":"","meta":[],"_links":{"self":[{"href":"https:\/\/www.web-rr.de\/GHS-Buecherei\/index.php\/wp-json\/wp\/v2\/pages\/4132"}],"collection":[{"href":"https:\/\/www.web-rr.de\/GHS-Buecherei\/index.php\/wp-json\/wp\/v2\/pages"}],"about":[{"href":"https:\/\/www.web-rr.de\/GHS-Buecherei\/index.php\/wp-json\/wp\/v2\/types\/page"}],"author":[{"embeddable":true,"href":"https:\/\/www.web-rr.de\/GHS-Buecherei\/index.php\/wp-json\/wp\/v2\/users\/1"}],"replies":[{"embeddable":true,"href":"https:\/\/www.web-rr.de\/GHS-Buecherei\/index.php\/wp-json\/wp\/v2\/comments?post=4132"}],"version-history":[{"count":0,"href":"https:\/\/www.web-rr.de\/GHS-Buecherei\/index.php\/wp-json\/wp\/v2\/pages\/4132\/revisions"}],"wp:attachment":[{"href":"https:\/\/www.web-rr.de\/GHS-Buecherei\/index.php\/wp-json\/wp\/v2\/media?parent=4132"}],"curies":[{"name":"wp","href":"https:\/\/api.w.org\/{rel}","templated":true}]}}