{"id":4122,"date":"2021-02-23T20:00:00","date_gmt":"2021-02-23T20:00:00","guid":{"rendered":"https:\/\/www.web-rr.de\/GHS-Buecherei\/?page_id=4122"},"modified":"2021-02-22T23:59:59","modified_gmt":"2021-02-22T23:59:59","slug":"p9783701720255","status":"publish","type":"page","link":"https:\/\/www.web-rr.de\/GHS-Buecherei\/index.php\/p9783701720255\/","title":{"rendered":"Fantasie 20"},"content":{"rendered":"<table><tbody><tr><td class='rDTitel' colspan='2'>Pauline Pechfee<\/td><\/tr><tr><td><span class='rDLabel1'>Status: <\/span><span class='rDText1Gruen'>vorhanden<\/span><\/td><td><span class='rDLabel1'>Antolin: <\/span><span class='rDText1Gruen'>ja, Empfehlung Klasse 2<\/span><\/td><\/tr><tr><td width=50%><img src='https:\/\/www.web-rr.de\/GHS-Buecherei\/wp-content\/uploads\/9783701720255.jpg' alt=''><\/td><td><p class='rDLabel2'>von <span class='rDText2'>Ursula Poznanski<\/span><\/p><p class='rDLabel2'>Verlag: <span class='rDText2'>Residenz Verlag,  2007,  4.90 \u20ac<\/span><\/p><p class='rDLabel2'>B\u00fccherei-Barcode: <span class='rDText2'>9783701720255<\/span><\/p><p class='rDLabel2'>In der B\u00fccherei erfasst am: <span class='rDText2'>01.04.2014<\/span><\/p><p class='rDLabel2'>Stichw\u00f6rter: <span class='rDText2'>Elfe, Feen<\/span><\/p><p class='rDLabel2'>Lesealter ca. <span class='rDText2'>6<\/span><span class='rDLabel2'> Jahre<\/span><\/p><p class='rDLabel2'>Das Buch wurde <span class='rDText2'>2<\/span><span class='rDLabel2'> mal gelesen.<\/span><\/p><\/td><\/tr><tr><td colspan='2'><p class='rDLabel1'>Inhalt:<\/p><span class='rDText2'>FEE PAULINE BEFINDET SICH NOCH IN AUSBILDUNG. Doch irgendwie scheint sie kein Talent zur Gl\u00fccksfee zu haben. Alle, denen sie mit einer Prise Sternenstaub zu Gl\u00fcck verhelfen will, bekommen eine ordentliche Portion Pech serviert: Eine Frau vers\u00e4umt nicht nur den Bus, sondern f\u00e4llt auch noch der L\u00e4nge nach hin; ein kleiner Streuner findet keine Knackwurst, sondern kippt in eine M\u00fclltonne; ein M\u00e4dchen verbockt seine Mathe-Arbeit mit einem riesigen Tintenklecks; ein Mann bricht sich beim Radfahren den Arm \u2026 Schon will sich Pauline als gemeingef\u00e4hrliche Fee in den finsteren Wald zur\u00fcckziehen, da hat ihre Lehrmeisterin Camilla eine Idee: Was, wenn Pauline keine gew\u00f6hnliche Gl\u00fccksfee ist? Was, wenn sie ihr Gl\u00fcck auf Umwegen bringt? \u00dcber allerlei Irrwege, immer mit einem Augenzwinkern, schickt Ursula Poznanski ihre Feen auf die Suche nach dem wahren Gl\u00fcck. In federleichten Bildern l\u00e4sst Friederike Rave sie \u00fcber die Seiten tanzen.<\/span><\/td><\/tr><tr><td colspan='2'><a href='#' onclick='history.back(); return false'>Zur\u00fcck<\/a><\/td><\/tr><\/tbody><\/table>\n","protected":false},"excerpt":{"rendered":"","protected":false},"author":1,"featured_media":0,"parent":0,"menu_order":0,"comment_status":"closed","ping_status":"closed","template":"","meta":[],"_links":{"self":[{"href":"https:\/\/www.web-rr.de\/GHS-Buecherei\/index.php\/wp-json\/wp\/v2\/pages\/4122"}],"collection":[{"href":"https:\/\/www.web-rr.de\/GHS-Buecherei\/index.php\/wp-json\/wp\/v2\/pages"}],"about":[{"href":"https:\/\/www.web-rr.de\/GHS-Buecherei\/index.php\/wp-json\/wp\/v2\/types\/page"}],"author":[{"embeddable":true,"href":"https:\/\/www.web-rr.de\/GHS-Buecherei\/index.php\/wp-json\/wp\/v2\/users\/1"}],"replies":[{"embeddable":true,"href":"https:\/\/www.web-rr.de\/GHS-Buecherei\/index.php\/wp-json\/wp\/v2\/comments?post=4122"}],"version-history":[{"count":0,"href":"https:\/\/www.web-rr.de\/GHS-Buecherei\/index.php\/wp-json\/wp\/v2\/pages\/4122\/revisions"}],"wp:attachment":[{"href":"https:\/\/www.web-rr.de\/GHS-Buecherei\/index.php\/wp-json\/wp\/v2\/media?parent=4122"}],"curies":[{"name":"wp","href":"https:\/\/api.w.org\/{rel}","templated":true}]}}