{"id":4121,"date":"2021-02-23T20:00:00","date_gmt":"2021-02-23T20:00:00","guid":{"rendered":"https:\/\/www.web-rr.de\/GHS-Buecherei\/?page_id=4121"},"modified":"2021-02-22T23:59:59","modified_gmt":"2021-02-22T23:59:59","slug":"p9783854528975","status":"publish","type":"page","link":"https:\/\/www.web-rr.de\/GHS-Buecherei\/index.php\/p9783854528975\/","title":{"rendered":"Fantasie 19"},"content":{"rendered":"<table><tbody><tr><td class='rDTitel' colspan='2'>Die Zauberstimme<\/td><\/tr><tr><td><span class='rDLabel1'>Status: <\/span><span class='rDText1Gruen'>vorhanden<\/span><\/td><td><span class='rDLabel1'>Antolin: <\/span><span class='rDText1Gruen'>ja, Empfehlung Klasse 2<\/span><\/td><\/tr><tr><td width=50%><img src='https:\/\/www.web-rr.de\/GHS-Buecherei\/wp-content\/uploads\/9783854528975.jpg' alt=''><\/td><td><p class='rDLabel2'>von <span class='rDText2'>Andrea Karim\u00e9<\/span><\/p><p class='rDLabel2'>Verlag: <span class='rDText2'>Picus Verlag,  2009,  14.90 \u20ac<\/span><\/p><p class='rDLabel2'>B\u00fccherei-Barcode: <span class='rDText2'>9783854528975<\/span><\/p><p class='rDLabel2'>In der B\u00fccherei erfasst am: <span class='rDText2'>01.04.2014<\/span><\/p><p class='rDLabel2'>Stichw\u00f6rter: <span class='rDText2'>Zauberer, Teppiche<\/span><\/p><p class='rDLabel2'>Lesealter ca. <span class='rDText2'>6<\/span><span class='rDLabel2'> Jahre<\/span><\/p><p class='rDLabel2'>Das Buch wurde <span class='rDText2'>0<\/span><span class='rDLabel2'> mal gelesen.<\/span><\/p><\/td><\/tr><tr><td colspan='2'><p class='rDLabel1'>Inhalt:<\/p><span class='rDText2'>Vor vielen hundert Jahren lebte einmal ein Zauberer. Er war nicht besonders ber\u00fchmt und geschickt, er konnte nur Teppiche und Stoffe verzaubern. Man musste blo\u00df an ein Kleidungsst\u00fcck denken, und schon wurden aus dem Stoff eine Jacke oder ein Schuh oder ein Kleid. Und die Teppiche konnte der Zauberer zum Fliegen bringen, wenn auch nicht sehr hoch. Vier seiner f\u00fcnf T\u00f6chter lebten in alle Himmelsrichtungen verstreut, nur die J\u00fcngste blieb bei ihm, weil sie nicht heiraten wollte. Sie hie\u00df Mulauwana und konnte besonders gut Teppiche weben. Als der Zauberer merkte, dass sein Leben zu Ende ging, rief er seine Tochter zu sich, damit er ihr all seine Geschichten erz\u00e4hlen k\u00f6nne. Mulauwana lauschte stundenlang und webte dabei unaufh\u00f6rlich. So entstanden sieben verschiedenfarbige Teppiche, mit denen sich Mulauwana auf eine abenteuerliche Reise begab \u2026Andrea Karim\u00e9 erz\u00e4hlt nach dem gro\u00dfen Erfolg von \u00bbNuri und der Geschichtenteppich\u00ab eine weitere wundersch\u00f6ne Geschichte von leuchtenden Teppichen und fernen Welten, der Macht und strahlenden Kraft des Geschichtenerz\u00e4hlens und l\u00fcftet au\u00dferdem das Geheimnis, woher die kleine Nuri ihren Geschichtenteppich bekam. Die facettenreiche Erz\u00e4hlung wird wieder von Annette von Bodecker-B\u00fcttners farbenpr\u00e4chtigen und ausdrucksstarken Bildern illustriert.<\/span><\/td><\/tr><tr><td colspan='2'><a href='#' onclick='history.back(); return false'>Zur\u00fcck<\/a><\/td><\/tr><\/tbody><\/table>\n","protected":false},"excerpt":{"rendered":"","protected":false},"author":1,"featured_media":0,"parent":0,"menu_order":0,"comment_status":"closed","ping_status":"closed","template":"","meta":[],"_links":{"self":[{"href":"https:\/\/www.web-rr.de\/GHS-Buecherei\/index.php\/wp-json\/wp\/v2\/pages\/4121"}],"collection":[{"href":"https:\/\/www.web-rr.de\/GHS-Buecherei\/index.php\/wp-json\/wp\/v2\/pages"}],"about":[{"href":"https:\/\/www.web-rr.de\/GHS-Buecherei\/index.php\/wp-json\/wp\/v2\/types\/page"}],"author":[{"embeddable":true,"href":"https:\/\/www.web-rr.de\/GHS-Buecherei\/index.php\/wp-json\/wp\/v2\/users\/1"}],"replies":[{"embeddable":true,"href":"https:\/\/www.web-rr.de\/GHS-Buecherei\/index.php\/wp-json\/wp\/v2\/comments?post=4121"}],"version-history":[{"count":0,"href":"https:\/\/www.web-rr.de\/GHS-Buecherei\/index.php\/wp-json\/wp\/v2\/pages\/4121\/revisions"}],"wp:attachment":[{"href":"https:\/\/www.web-rr.de\/GHS-Buecherei\/index.php\/wp-json\/wp\/v2\/media?parent=4121"}],"curies":[{"name":"wp","href":"https:\/\/api.w.org\/{rel}","templated":true}]}}