{"id":4120,"date":"2021-02-23T20:00:00","date_gmt":"2021-02-23T20:00:00","guid":{"rendered":"https:\/\/www.web-rr.de\/GHS-Buecherei\/?page_id=4120"},"modified":"2021-02-22T23:59:59","modified_gmt":"2021-02-22T23:59:59","slug":"p9783423623025","status":"publish","type":"page","link":"https:\/\/www.web-rr.de\/GHS-Buecherei\/index.php\/p9783423623025\/","title":{"rendered":"Fantasie 18"},"content":{"rendered":"<table><tbody><tr><td class='rDTitel' colspan='2'>Das Schloss der Fr\u00f6sche<\/td><\/tr><tr><td><span class='rDLabel1'>Status: <\/span><span class='rDText1Gruen'>vorhanden<\/span><\/td><td><span class='rDLabel1'>Antolin: <\/span><span class='rDText1Gruen'>ja, Empfehlung Klasse 5<\/span><\/td><\/tr><tr><td width=50%><img src='https:\/\/www.web-rr.de\/GHS-Buecherei\/wp-content\/uploads\/9783423623025.jpg' alt=''><\/td><td><p class='rDLabel2'>von <span class='rDText2'>Jostein Gaarder<\/span><\/p><p class='rDLabel2'>Verlag: <span class='rDText2'>Deutscher Taschenbuch Verlag,  2007,  8.50 \u20ac<\/span><\/p><p class='rDLabel2'>B\u00fccherei-Barcode: <span class='rDText2'>9783423623025<\/span><\/p><p class='rDLabel2'>In der B\u00fccherei erfasst am: <span class='rDText2'>01.04.2014<\/span><\/p><p class='rDLabel2'>Stichw\u00f6rter: <span class='rDText2'>Wichtel, Zwerge, K\u00f6nig, Tod<\/span><\/p><p class='rDLabel2'>Lesealter ca. <span class='rDText2'>9<\/span><span class='rDLabel2'> Jahre<\/span><\/p><p class='rDLabel2'>Das Buch wurde <span class='rDText2'>0<\/span><span class='rDLabel2'> mal gelesen.<\/span><\/p><\/td><\/tr><tr><td colspan='2'><p class='rDLabel1'>Inhalt:<\/p><span class='rDText2'>Eine fantastisch-philosophische Traum-ReiseDer Traum eines kleinen Jungen, der den Tod seines Gro\u00dfvaters miterlebt hat und ihn nun verarbeiten muss.In was f\u00fcr eine Welt ist Kristoffer da nur hineingeraten: Statt seines Schlafanzugs tr\u00e4gt er Prinzenkleidung, und ein Wichtel f\u00fchrt ihn auf ein Schloss, in dem ein guter alter K\u00f6nig und eine ungem\u00fctliche K\u00f6nigin wohnen. Au\u00dferdem gibt es dort Fr\u00f6sche und fiese Salamander, die allem Anschein nach mit dem undurchsichtigen Hofmarschall unter einer Decke stecken. Kristoffer wird bald klar: Hier ist eine Verschw\u00f6rung im Gang. Und er soll etwas dagegen unternehmen.Aber was? Und wie? Die Salamander sind riesig. Der Hofmarschall kann Gedanken lesen. Und der Wichtel hat es pl\u00f6tzlich eilig, in seinen friedlichen Wald zur\u00fcckzukommen. Es ist ein gro\u00dfes Abenteuer, das Kristoffer im Schloss der Fr\u00f6sche bestehen muss. Und ein ebenso gro\u00dfes wartet noch auf ihn: die R\u00fcckkehr in die normale Welt, aus der er offenbar im Schlaf herausgefallen ist. Obder alte K\u00f6nig den Weg aus der Traumwelt kennt? Jedenfalls sieht er aus, wie Kristoffers Gro\u00dfvater ausgesehen hat - und der wusste beinahe alles.<\/span><\/td><\/tr><tr><td colspan='2'><a href='#' onclick='history.back(); return false'>Zur\u00fcck<\/a><\/td><\/tr><\/tbody><\/table>\n","protected":false},"excerpt":{"rendered":"","protected":false},"author":1,"featured_media":0,"parent":0,"menu_order":0,"comment_status":"closed","ping_status":"closed","template":"","meta":[],"_links":{"self":[{"href":"https:\/\/www.web-rr.de\/GHS-Buecherei\/index.php\/wp-json\/wp\/v2\/pages\/4120"}],"collection":[{"href":"https:\/\/www.web-rr.de\/GHS-Buecherei\/index.php\/wp-json\/wp\/v2\/pages"}],"about":[{"href":"https:\/\/www.web-rr.de\/GHS-Buecherei\/index.php\/wp-json\/wp\/v2\/types\/page"}],"author":[{"embeddable":true,"href":"https:\/\/www.web-rr.de\/GHS-Buecherei\/index.php\/wp-json\/wp\/v2\/users\/1"}],"replies":[{"embeddable":true,"href":"https:\/\/www.web-rr.de\/GHS-Buecherei\/index.php\/wp-json\/wp\/v2\/comments?post=4120"}],"version-history":[{"count":0,"href":"https:\/\/www.web-rr.de\/GHS-Buecherei\/index.php\/wp-json\/wp\/v2\/pages\/4120\/revisions"}],"wp:attachment":[{"href":"https:\/\/www.web-rr.de\/GHS-Buecherei\/index.php\/wp-json\/wp\/v2\/media?parent=4120"}],"curies":[{"name":"wp","href":"https:\/\/api.w.org\/{rel}","templated":true}]}}