{"id":4102,"date":"2021-02-23T20:00:00","date_gmt":"2021-02-23T20:00:00","guid":{"rendered":"https:\/\/www.web-rr.de\/GHS-Buecherei\/?page_id=4102"},"modified":"2021-02-22T23:59:59","modified_gmt":"2021-02-22T23:59:59","slug":"p9783551554116","status":"publish","type":"page","link":"https:\/\/www.web-rr.de\/GHS-Buecherei\/index.php\/p9783551554116\/","title":{"rendered":"Fantasie 01"},"content":{"rendered":"<table><tbody><tr><td class='rDTitel' colspan='2'>Melissa und die Meerjungfrau<\/td><\/tr><tr><td><span class='rDLabel1'>Status: <\/span><span class='rDText1Gruen'>vorhanden<\/span><\/td><td><span class='rDLabel1'>Antolin: <\/span><span class='rDText1Gruen'>ja, Empfehlung Klasse 3<\/span><\/td><\/tr><tr><td width=50%><img src='https:\/\/www.web-rr.de\/GHS-Buecherei\/wp-content\/uploads\/9783551554116.jpg' alt=''><\/td><td><p class='rDLabel2'>von <span class='rDText2'>Hilke Rosenboom<\/span><\/p><p class='rDLabel2'>Verlag: <span class='rDText2'>Carlsen Verlag GmbH,  2006,  7.90 \u20ac<\/span><\/p><p class='rDLabel2'>B\u00fccherei-Barcode: <span class='rDText2'>9783551554116<\/span><\/p><p class='rDLabel2'>In der B\u00fccherei erfasst am: <span class='rDText2'>01.04.2013<\/span><\/p><p class='rDLabel2'>Stichw\u00f6rter: <span class='rDText2'>Meerjungfrau, Nixe<\/span><\/p><p class='rDLabel2'>Lesealter ca. <span class='rDText2'>7<\/span><span class='rDLabel2'> Jahre<\/span><\/p><p class='rDLabel2'>Das Buch wurde <span class='rDText2'>8<\/span><span class='rDLabel2'> mal gelesen.<\/span><\/p><\/td><\/tr><tr><td colspan='2'><p class='rDLabel1'>Inhalt:<\/p><span class='rDText2'>Melissa sitzt mit ihrem Vater im Chinarestaurant, als sich eine kleine Hand aus dem gr\u00fcnen Wasser des Aquariums reckt und eine Stimme leise zu ihr her\u00fcberpiepst: \"\"Schnell! Rette mich!\"\" Das ist S\u00fc\u00dfherzchen, geboren in einer S\u00fc\u00dfwasserpf\u00fctze, eine ganz besondere Nixe. Und weil Melissa \u00fcberhaupt nichts Besonderes ist und weil sie tiefseem\u00e4\u00dfig froh ist, jemand Nettes gefunden zu haben, nimmt sie S\u00fc\u00dfherzchen einfach mit. Allerdings geht ihr dabei noch ein ganzes Rudel Meerleute ins Netz und jede Menge fiese Probleme. Aber Meerleute haben auch seehundsm\u00e4\u00dfige Vorteile ... und tief im Grunde des Wassers ein weiches Herz. Und sie haben Sehnsucht nach dem weiten Meer, deshalb hilft Melissa ihnen einfach aus der Patsche.\"<\/span><\/td><\/tr><tr><td colspan='2'><a href='#' onclick='history.back(); return false'>Zur\u00fcck<\/a><\/td><\/tr><\/tbody><\/table>\n","protected":false},"excerpt":{"rendered":"","protected":false},"author":1,"featured_media":0,"parent":0,"menu_order":0,"comment_status":"closed","ping_status":"closed","template":"","meta":[],"_links":{"self":[{"href":"https:\/\/www.web-rr.de\/GHS-Buecherei\/index.php\/wp-json\/wp\/v2\/pages\/4102"}],"collection":[{"href":"https:\/\/www.web-rr.de\/GHS-Buecherei\/index.php\/wp-json\/wp\/v2\/pages"}],"about":[{"href":"https:\/\/www.web-rr.de\/GHS-Buecherei\/index.php\/wp-json\/wp\/v2\/types\/page"}],"author":[{"embeddable":true,"href":"https:\/\/www.web-rr.de\/GHS-Buecherei\/index.php\/wp-json\/wp\/v2\/users\/1"}],"replies":[{"embeddable":true,"href":"https:\/\/www.web-rr.de\/GHS-Buecherei\/index.php\/wp-json\/wp\/v2\/comments?post=4102"}],"version-history":[{"count":0,"href":"https:\/\/www.web-rr.de\/GHS-Buecherei\/index.php\/wp-json\/wp\/v2\/pages\/4102\/revisions"}],"wp:attachment":[{"href":"https:\/\/www.web-rr.de\/GHS-Buecherei\/index.php\/wp-json\/wp\/v2\/media?parent=4102"}],"curies":[{"name":"wp","href":"https:\/\/api.w.org\/{rel}","templated":true}]}}