{"id":4100,"date":"2021-02-23T20:00:00","date_gmt":"2021-02-23T20:00:00","guid":{"rendered":"https:\/\/www.web-rr.de\/GHS-Buecherei\/?page_id=4100"},"modified":"2021-02-22T23:59:59","modified_gmt":"2021-02-22T23:59:59","slug":"p9783854521983","status":"publish","type":"page","link":"https:\/\/www.web-rr.de\/GHS-Buecherei\/index.php\/p9783854521983\/","title":{"rendered":"Familie 39"},"content":{"rendered":"<table><tbody><tr><td class='rDTitel' colspan='2'>Pauli muss ins Altersheim<\/td><\/tr><tr><td><span class='rDLabel1'>Status: <\/span><span class='rDText1Gruen'>vorhanden<\/span><\/td><td><span class='rDLabel1'>Antolin: <\/span><span class='rDText1Rot'>Quiz nicht vorhanden.<\/span><\/td><\/tr><tr><td width=50%><img src='https:\/\/www.web-rr.de\/GHS-Buecherei\/wp-content\/uploads\/9783854521983.jpg' alt=''><\/td><td><p class='rDLabel2'>von <span class='rDText2'>Anita Mild<\/span><\/p><p class='rDLabel2'>Verlag: <span class='rDText2'>Picus Verlag GmbH,  2017,  14.00 \u20ac<\/span><\/p><p class='rDLabel2'>B\u00fccherei-Barcode: <span class='rDText2'>9783854521983<\/span><\/p><p class='rDLabel2'>In der B\u00fccherei erfasst am: <span class='rDText2'>13.01.2020<\/span><\/p><p class='rDLabel2'>Stichw\u00f6rter: <span class='rDText2'>Altersheim, Spa\u00df,<\/span><\/p><p class='rDLabel2'>Lesealter ca. <span class='rDText2'>-<\/span><span class='rDLabel2'> Jahre<\/span><\/p><p class='rDLabel2'>Das Buch wurde <span class='rDText2'>0<\/span><span class='rDLabel2'> mal gelesen.<\/span><\/p><\/td><\/tr><tr><td colspan='2'><p class='rDLabel1'>Inhalt:<\/p><span class='rDText2'>Alle zwei Tage muss Pauli mit Mama ins Altersheim, um Opa zu besuchen. Gro\u00dfen Spa\u00df machen die Besuche nicht, denn Opa ist dement und erkennt Pauli nicht einmal. Und die anderen Leute dort findet Pauli auch merkw\u00fcrdig, fast schon gruselig. Zum Beispiel die Frau mit der Pudelm\u00fctze, die immer mit dem Gummibaum redet. Die Langeweile findet ein Ende, als er die aufgeweckte und neunmalkluge Lila trifft. Auch sie ist regelm\u00e4\u00dfig im Altersheim, aber ihr gef\u00e4llt es dort. Gemeinsam haben die beiden jede Menge Spa\u00df. Pauli beginnt pl\u00f6tzlich nicht nur, sich auf die Besuche bei seinem Opa wie verr\u00fcckt zu freuen, sondern auch, die Bewohner und Bewohnerinnen des Altersheims mit anderen Augen zu sehen ... Anita Milds Geschichte findet einen heiteren Zugang zu einer gesellschaftlichen Herausforderung: dem Umgang mit pflegebed\u00fcrftigen Angeh\u00f6rigen. Angela Holzmann begleitet den vergn\u00fcglichen Text mit bezaubernden Illustrationen.\n\r\n\r<\/span><\/td><\/tr><tr><td colspan='2'><a href='#' onclick='history.back(); return false'>Zur\u00fcck<\/a><\/td><\/tr><\/tbody><\/table>\n","protected":false},"excerpt":{"rendered":"","protected":false},"author":1,"featured_media":0,"parent":0,"menu_order":0,"comment_status":"closed","ping_status":"closed","template":"","meta":[],"_links":{"self":[{"href":"https:\/\/www.web-rr.de\/GHS-Buecherei\/index.php\/wp-json\/wp\/v2\/pages\/4100"}],"collection":[{"href":"https:\/\/www.web-rr.de\/GHS-Buecherei\/index.php\/wp-json\/wp\/v2\/pages"}],"about":[{"href":"https:\/\/www.web-rr.de\/GHS-Buecherei\/index.php\/wp-json\/wp\/v2\/types\/page"}],"author":[{"embeddable":true,"href":"https:\/\/www.web-rr.de\/GHS-Buecherei\/index.php\/wp-json\/wp\/v2\/users\/1"}],"replies":[{"embeddable":true,"href":"https:\/\/www.web-rr.de\/GHS-Buecherei\/index.php\/wp-json\/wp\/v2\/comments?post=4100"}],"version-history":[{"count":0,"href":"https:\/\/www.web-rr.de\/GHS-Buecherei\/index.php\/wp-json\/wp\/v2\/pages\/4100\/revisions"}],"wp:attachment":[{"href":"https:\/\/www.web-rr.de\/GHS-Buecherei\/index.php\/wp-json\/wp\/v2\/media?parent=4100"}],"curies":[{"name":"wp","href":"https:\/\/api.w.org\/{rel}","templated":true}]}}