{"id":4095,"date":"2021-02-23T20:00:00","date_gmt":"2021-02-23T20:00:00","guid":{"rendered":"https:\/\/www.web-rr.de\/GHS-Buecherei\/?page_id=4095"},"modified":"2021-02-22T23:59:59","modified_gmt":"2021-02-22T23:59:59","slug":"p9783423707121","status":"publish","type":"page","link":"https:\/\/www.web-rr.de\/GHS-Buecherei\/index.php\/p9783423707121\/","title":{"rendered":"Familie 34"},"content":{"rendered":"<table><tbody><tr><td class='rDTitel' colspan='2'>Der wasserdichte Willibald<\/td><\/tr><tr><td><span class='rDLabel1'>Status: <\/span><span class='rDText1Gruen'>vorhanden<\/span><\/td><td><span class='rDLabel1'>Antolin: <\/span><span class='rDText1Gruen'>ja, Empfehlung Klasse 3<\/span><\/td><\/tr><tr><td width=50%><img src='https:\/\/www.web-rr.de\/GHS-Buecherei\/wp-content\/uploads\/9783423707121.jpg' alt=''><\/td><td><p class='rDLabel2'>von <span class='rDText2'>Rudolf Herfurtner<\/span><\/p><p class='rDLabel2'>Verlag: <span class='rDText2'>dtv Verlagsgesellschaft,  2002,  6.95 \u20ac<\/span><\/p><p class='rDLabel2'>B\u00fccherei-Barcode: <span class='rDText2'>9783423707121<\/span><\/p><p class='rDLabel2'>In der B\u00fccherei erfasst am: <span class='rDText2'>29.10.2018<\/span><\/p><p class='rDLabel2'>Stichw\u00f6rter: <span class='rDText2'>Klasse 2, Schwimmen, Peinlich, Schisser, Urlaub<\/span><\/p><p class='rDLabel2'>Lesealter ca. <span class='rDText2'>7<\/span><span class='rDLabel2'> Jahre<\/span><\/p><p class='rDLabel2'>Das Buch wurde <span class='rDText2'>1<\/span><span class='rDLabel2'> mal gelesen.<\/span><\/p><\/td><\/tr><tr><td colspan='2'><p class='rDLabel1'>Inhalt:<\/p><span class='rDText2'>Ist der Mensch \u00fcberhaupt wasserdicht? Willi hatte es noch niemandem gesagt, aber er hatte einen schrecklichen Verdacht: Der Mensch, dachte Willi, ist gar nicht wasserdicht. Oder vielleicht nur die anderen und er nicht.Willi, 8 Jahre alt, kann schon ziemlich viel: bet\u00f6rend laut im Kinderchor singen, mit quietschenden Fahrradbremsen M\u00e4dchen aufscheuchen, Nacktschnecken jagen und auf Plastikt\u00fcten Schlitten fahren. Da gibt es allerdings etwas, was er gar nicht gerne tut, und das ist: Schwimmen. Genau genommen ist Willi sogar ein begeisterter Nichtschwimmer. Ein Schisser, behauptet sein Bruder Tobi. Und tats\u00e4chlich vermeidet Willi Wasser, wo er nur kann. Selbst im Urlaub geht er als Einziger der Familie nicht ins Meer. \u00bbIch k\u00f6nnte, wenn ich wollte\u00ab, sagt Willi. \u00bbDas wisst ihr ja. Aber ich will nicht.\u00ab Schlie\u00dflich wird es schon seinen Sinn haben, dass man zwischen den Zehen keine Schwimmh\u00e4ute hat. Au\u00dferdem ist Willi sich auch nicht so ganz sicher, ob er wirklich wasserdicht ist ... Doch dann, nach dem Urlaub, verbringt er einen Tag zusammen mit seiner Lieblingscousine Carola und seinem Onkel Rolle \u2013 und f\u00e4llt ausgerechnet beim Bootfahren ins Wasser. Willi wundert sich hinterher sehr, dass er nicht ertrunken ist. Onkel Rolle muss es ihm erst mal klar machen: Willi ist geschwommen. Und war dabei au\u00dferordentlich wasserdicht.<\/span><\/td><\/tr><tr><td colspan='2'><a href='#' onclick='history.back(); return false'>Zur\u00fcck<\/a><\/td><\/tr><\/tbody><\/table>\n","protected":false},"excerpt":{"rendered":"","protected":false},"author":1,"featured_media":0,"parent":0,"menu_order":0,"comment_status":"closed","ping_status":"closed","template":"","meta":[],"_links":{"self":[{"href":"https:\/\/www.web-rr.de\/GHS-Buecherei\/index.php\/wp-json\/wp\/v2\/pages\/4095"}],"collection":[{"href":"https:\/\/www.web-rr.de\/GHS-Buecherei\/index.php\/wp-json\/wp\/v2\/pages"}],"about":[{"href":"https:\/\/www.web-rr.de\/GHS-Buecherei\/index.php\/wp-json\/wp\/v2\/types\/page"}],"author":[{"embeddable":true,"href":"https:\/\/www.web-rr.de\/GHS-Buecherei\/index.php\/wp-json\/wp\/v2\/users\/1"}],"replies":[{"embeddable":true,"href":"https:\/\/www.web-rr.de\/GHS-Buecherei\/index.php\/wp-json\/wp\/v2\/comments?post=4095"}],"version-history":[{"count":0,"href":"https:\/\/www.web-rr.de\/GHS-Buecherei\/index.php\/wp-json\/wp\/v2\/pages\/4095\/revisions"}],"wp:attachment":[{"href":"https:\/\/www.web-rr.de\/GHS-Buecherei\/index.php\/wp-json\/wp\/v2\/media?parent=4095"}],"curies":[{"name":"wp","href":"https:\/\/api.w.org\/{rel}","templated":true}]}}