{"id":4088,"date":"2021-02-23T20:00:00","date_gmt":"2021-02-23T20:00:00","guid":{"rendered":"https:\/\/www.web-rr.de\/GHS-Buecherei\/?page_id=4088"},"modified":"2021-02-22T23:59:59","modified_gmt":"2021-02-22T23:59:59","slug":"p9783825178567","status":"publish","type":"page","link":"https:\/\/www.web-rr.de\/GHS-Buecherei\/index.php\/p9783825178567\/","title":{"rendered":"Familie 27"},"content":{"rendered":"<table><tbody><tr><td class='rDTitel' colspan='2'>Aktion Bernie raus<\/td><\/tr><tr><td><span class='rDLabel1'>Status: <\/span><span class='rDText1Gruen'>vorhanden<\/span><\/td><td><span class='rDLabel1'>Antolin: <\/span><span class='rDText1Gruen'>ja, Empfehlung Klasse 4<\/span><\/td><\/tr><tr><td width=50%><img src='https:\/\/www.web-rr.de\/GHS-Buecherei\/wp-content\/uploads\/9783825178567.jpg' alt=''><\/td><td><p class='rDLabel2'>von <span class='rDText2'>Hilde Vandermeeren<\/span><\/p><p class='rDLabel2'>Verlag: <span class='rDText2'>Urachhaus,  2013,  11.90 \u20ac<\/span><\/p><p class='rDLabel2'>B\u00fccherei-Barcode: <span class='rDText2'>9783825178567<\/span><\/p><p class='rDLabel2'>In der B\u00fccherei erfasst am: <span class='rDText2'>01.03.2015<\/span><\/p><p class='rDLabel2'>Stichw\u00f6rter: <span class='rDText2'>Trennung, Patchwork, Scheidung<\/span><\/p><p class='rDLabel2'>Lesealter ca. <span class='rDText2'>8<\/span><span class='rDLabel2'> Jahre<\/span><\/p><p class='rDLabel2'>Das Buch wurde <span class='rDText2'>0<\/span><span class='rDLabel2'> mal gelesen.<\/span><\/p><\/td><\/tr><tr><td colspan='2'><p class='rDLabel1'>Inhalt:<\/p><span class='rDText2'>Nicht schon wieder! Leonores Mutter hat einen neuen Freund - und nat\u00fcrlich ist es diesmal der Richtige. Nur hat sie das bei den beiden letzten auch schon gedacht, und die waren einfach nicht zum Aushalten! Au\u00dferdem fragt sich die achtj\u00e4hrige Leo, warum eigentlich immer jemand die Gem\u00fctlichkeit st\u00f6ren muss, die sie und ihre Mutter zu zweit genie\u00dfen. Schon bevor Bernie zum ersten Mal zu Besuch kommt, steht f\u00fcr Leo fest: Er muss weg. Also nimmt sie ein Schulheft und plant sorgf\u00e4ltig, wie sie den St\u00f6renfried wieder loswird - und zwar so schnell wie m\u00f6glich. Die 'Aktion Bernie raus' beginnt! Auch dass dieser Kerl seine guten Seiten zu haben scheint - und noch dazu einen wunderbaren Hund namens Isabelle -, \u00e4ndert nichts an Leos Haltung, vor allem, da er sich hinter seiner netten Seite als Verr\u00e4ter erweist. Oder vielleicht doch nicht? Mit k\u00f6stlichem Humor und viel Feingef\u00fchl geht Hilde Vandermeeren dieses heikle Thema an. Benjamin K\u00f6nigs Illustrationen runden das Buch zu einem ganz besonderen Lesevergn\u00fcgen ab.<\/span><\/td><\/tr><tr><td colspan='2'><a href='#' onclick='history.back(); return false'>Zur\u00fcck<\/a><\/td><\/tr><\/tbody><\/table>\n","protected":false},"excerpt":{"rendered":"","protected":false},"author":1,"featured_media":0,"parent":0,"menu_order":0,"comment_status":"closed","ping_status":"closed","template":"","meta":[],"_links":{"self":[{"href":"https:\/\/www.web-rr.de\/GHS-Buecherei\/index.php\/wp-json\/wp\/v2\/pages\/4088"}],"collection":[{"href":"https:\/\/www.web-rr.de\/GHS-Buecherei\/index.php\/wp-json\/wp\/v2\/pages"}],"about":[{"href":"https:\/\/www.web-rr.de\/GHS-Buecherei\/index.php\/wp-json\/wp\/v2\/types\/page"}],"author":[{"embeddable":true,"href":"https:\/\/www.web-rr.de\/GHS-Buecherei\/index.php\/wp-json\/wp\/v2\/users\/1"}],"replies":[{"embeddable":true,"href":"https:\/\/www.web-rr.de\/GHS-Buecherei\/index.php\/wp-json\/wp\/v2\/comments?post=4088"}],"version-history":[{"count":0,"href":"https:\/\/www.web-rr.de\/GHS-Buecherei\/index.php\/wp-json\/wp\/v2\/pages\/4088\/revisions"}],"wp:attachment":[{"href":"https:\/\/www.web-rr.de\/GHS-Buecherei\/index.php\/wp-json\/wp\/v2\/media?parent=4088"}],"curies":[{"name":"wp","href":"https:\/\/api.w.org\/{rel}","templated":true}]}}