{"id":4084,"date":"2021-02-23T20:00:00","date_gmt":"2021-02-23T20:00:00","guid":{"rendered":"https:\/\/www.web-rr.de\/GHS-Buecherei\/?page_id=4084"},"modified":"2021-02-22T23:59:59","modified_gmt":"2021-02-22T23:59:59","slug":"p9783837202342","status":"publish","type":"page","link":"https:\/\/www.web-rr.de\/GHS-Buecherei\/index.php\/p9783837202342\/","title":{"rendered":"Familie 23"},"content":{"rendered":"<table><tbody><tr><td class='rDTitel' colspan='2'>Schwester auf Zeit<\/td><\/tr><tr><td><span class='rDLabel1'>Status: <\/span><span class='rDText1Gruen'>vorhanden<\/span><\/td><td><span class='rDLabel1'>Antolin: <\/span><span class='rDText1Gruen'>ja, Empfehlung Klasse 4<\/span><\/td><\/tr><tr><td width=50%><img src='https:\/\/www.web-rr.de\/GHS-Buecherei\/wp-content\/uploads\/9783837202342.jpg' alt=''><\/td><td><p class='rDLabel2'>von <span class='rDText2'>Sigrid Gilbert<\/span><\/p><p class='rDLabel2'>Verlag: <span class='rDText2'>Frankfurter Literaturverlag,  2008,  8.90 \u20ac<\/span><\/p><p class='rDLabel2'>B\u00fccherei-Barcode: <span class='rDText2'>9783837202342<\/span><\/p><p class='rDLabel2'>In der B\u00fccherei erfasst am: <span class='rDText2'>01.04.2014<\/span><\/p><p class='rDLabel2'>Stichw\u00f6rter: <span class='rDText2'>Zwillinge, Geschwister<\/span><\/p><p class='rDLabel2'>Lesealter ca. <span class='rDText2'>8<\/span><span class='rDLabel2'> Jahre<\/span><\/p><p class='rDLabel2'>Das Buch wurde <span class='rDText2'>1<\/span><span class='rDLabel2'> mal gelesen.<\/span><\/p><\/td><\/tr><tr><td colspan='2'><p class='rDLabel1'>Inhalt:<\/p><span class='rDText2'>Was w\u00e4re, wenn man eines Morgens aufwachte, und neben sich niemand anderen vorfindet als sich selbst! Ein Etwas , das der eigenen Gestalt von der Sohle bis zum Scheitel gleicht, und dennoch ganz andere Pl\u00e4ne hat... Der 11-j\u00e4hrigen Anne Schuster passiert genau das... Woher die andere Anne kommt, die sich selbst Annette nennt, l\u00e4sst sich in dem ganzen Chaos, das Annette anrichtet, gar nicht erst kl\u00e4ren daf\u00fcr hat die Schwester auf Zeit mit ihrem Mut und dem Willen, auf die Dinge Einfluss zu nehmen, einen nicht unerheblichen Einfluss, und zwar sowohl auf Anne, als auch auf ihre Familie. Zum ersten Mal seit Jahren liegt der Haussegen im Hause Schuster wieder in greifbarer N\u00e4he, doch noch machen die beiden die Rechnung ohne Annes frechen gro\u00dfen Bruder Benn...<\/span><\/td><\/tr><tr><td colspan='2'><a href='#' onclick='history.back(); return false'>Zur\u00fcck<\/a><\/td><\/tr><\/tbody><\/table>\n","protected":false},"excerpt":{"rendered":"","protected":false},"author":1,"featured_media":0,"parent":0,"menu_order":0,"comment_status":"closed","ping_status":"closed","template":"","meta":[],"_links":{"self":[{"href":"https:\/\/www.web-rr.de\/GHS-Buecherei\/index.php\/wp-json\/wp\/v2\/pages\/4084"}],"collection":[{"href":"https:\/\/www.web-rr.de\/GHS-Buecherei\/index.php\/wp-json\/wp\/v2\/pages"}],"about":[{"href":"https:\/\/www.web-rr.de\/GHS-Buecherei\/index.php\/wp-json\/wp\/v2\/types\/page"}],"author":[{"embeddable":true,"href":"https:\/\/www.web-rr.de\/GHS-Buecherei\/index.php\/wp-json\/wp\/v2\/users\/1"}],"replies":[{"embeddable":true,"href":"https:\/\/www.web-rr.de\/GHS-Buecherei\/index.php\/wp-json\/wp\/v2\/comments?post=4084"}],"version-history":[{"count":0,"href":"https:\/\/www.web-rr.de\/GHS-Buecherei\/index.php\/wp-json\/wp\/v2\/pages\/4084\/revisions"}],"wp:attachment":[{"href":"https:\/\/www.web-rr.de\/GHS-Buecherei\/index.php\/wp-json\/wp\/v2\/media?parent=4084"}],"curies":[{"name":"wp","href":"https:\/\/api.w.org\/{rel}","templated":true}]}}