{"id":4080,"date":"2021-02-23T20:00:00","date_gmt":"2021-02-23T20:00:00","guid":{"rendered":"https:\/\/www.web-rr.de\/GHS-Buecherei\/?page_id=4080"},"modified":"2021-02-22T23:59:59","modified_gmt":"2021-02-22T23:59:59","slug":"p9783779502807","status":"publish","type":"page","link":"https:\/\/www.web-rr.de\/GHS-Buecherei\/index.php\/p9783779502807\/","title":{"rendered":"Familie 19"},"content":{"rendered":"<table><tbody><tr><td class='rDTitel' colspan='2'>Am liebsten eine Katze<\/td><\/tr><tr><td><span class='rDLabel1'>Status: <\/span><span class='rDText1Gruen'>vorhanden<\/span><\/td><td><span class='rDLabel1'>Antolin: <\/span><span class='rDText1Gruen'>ja, Empfehlung Klasse 3<\/span><\/td><\/tr><tr><td width=50%><img src='https:\/\/www.web-rr.de\/GHS-Buecherei\/wp-content\/uploads\/9783779502807.jpg' alt=''><\/td><td><p class='rDLabel2'>von <span class='rDText2'>Karin Koch<\/span><\/p><p class='rDLabel2'>Verlag: <span class='rDText2'>Hammer,  2010,  9.90 \u20ac<\/span><\/p><p class='rDLabel2'>B\u00fccherei-Barcode: <span class='rDText2'>9783779502807<\/span><\/p><p class='rDLabel2'>In der B\u00fccherei erfasst am: <span class='rDText2'>01.04.2014<\/span><\/p><p class='rDLabel2'>Stichw\u00f6rter: <span class='rDText2'>Haustiere, W\u00fcnschen, Wunsch, Trennung, Scheidung, Katzen<\/span><\/p><p class='rDLabel2'>Lesealter ca. <span class='rDText2'>7<\/span><span class='rDLabel2'> Jahre<\/span><\/p><p class='rDLabel2'>Das Buch wurde <span class='rDText2'>1<\/span><span class='rDLabel2'> mal gelesen.<\/span><\/p><\/td><\/tr><tr><td colspan='2'><p class='rDLabel1'>Inhalt:<\/p><span class='rDText2'>Fiona ist acht. Sie hat einen Papa, der das Essen kocht, eine Mama, die den ganzen Tag arbeiten geht, eine fu\u00dfballverr\u00fcckte Schwester und den einen gro\u00dfen Wunsch: eine Katze. Wie sch\u00f6n das w\u00e4re! Ihre Katze w\u00fcrde Minky hei\u00dfen oder Fernando, je nachdem. Sie w\u00fcrde neben ihrem Bett schlafen und nach der Schule am Gartentor sitzen und auf sie warten. Aber die Eltern sind dagegen.Mama und Papa sind \u00fcberhaupt irgendwie komisch geworden. Sie reden gar nicht mehr miteinander. H\u00f6chstens mal \u00fcber den Termin beim Zahnarzt. Eines Tages packt Mama ihre Sachen in Kartons und zieht aus. Jetzt hat Fiona zwei gro\u00dfe W\u00fcnsche.Wie es dazu kommt, dass das W\u00fcnschen am Ende nicht vergeblich bleibt, erz\u00e4hlt Karin Koch aus der Kinderperspektive. Einf\u00fchlsam und mit einer guten Portion Humor. Andr\u00e9 R\u00f6slers Bilder setzen fr\u00f6hliche Akzente und erleichtern Erstlesern die Lekt\u00fcre.<\/span><\/td><\/tr><tr><td colspan='2'><a href='#' onclick='history.back(); return false'>Zur\u00fcck<\/a><\/td><\/tr><\/tbody><\/table>\n","protected":false},"excerpt":{"rendered":"","protected":false},"author":1,"featured_media":0,"parent":0,"menu_order":0,"comment_status":"closed","ping_status":"closed","template":"","meta":[],"_links":{"self":[{"href":"https:\/\/www.web-rr.de\/GHS-Buecherei\/index.php\/wp-json\/wp\/v2\/pages\/4080"}],"collection":[{"href":"https:\/\/www.web-rr.de\/GHS-Buecherei\/index.php\/wp-json\/wp\/v2\/pages"}],"about":[{"href":"https:\/\/www.web-rr.de\/GHS-Buecherei\/index.php\/wp-json\/wp\/v2\/types\/page"}],"author":[{"embeddable":true,"href":"https:\/\/www.web-rr.de\/GHS-Buecherei\/index.php\/wp-json\/wp\/v2\/users\/1"}],"replies":[{"embeddable":true,"href":"https:\/\/www.web-rr.de\/GHS-Buecherei\/index.php\/wp-json\/wp\/v2\/comments?post=4080"}],"version-history":[{"count":0,"href":"https:\/\/www.web-rr.de\/GHS-Buecherei\/index.php\/wp-json\/wp\/v2\/pages\/4080\/revisions"}],"wp:attachment":[{"href":"https:\/\/www.web-rr.de\/GHS-Buecherei\/index.php\/wp-json\/wp\/v2\/media?parent=4080"}],"curies":[{"name":"wp","href":"https:\/\/api.w.org\/{rel}","templated":true}]}}