{"id":4076,"date":"2021-02-23T20:00:00","date_gmt":"2021-02-23T20:00:00","guid":{"rendered":"https:\/\/www.web-rr.de\/GHS-Buecherei\/?page_id=4076"},"modified":"2021-02-22T23:59:59","modified_gmt":"2021-02-22T23:59:59","slug":"p9783551310330","status":"publish","type":"page","link":"https:\/\/www.web-rr.de\/GHS-Buecherei\/index.php\/p9783551310330\/","title":{"rendered":"Familie 15"},"content":{"rendered":"<table><tbody><tr><td class='rDTitel' colspan='2'>Die Quigleys, Band 1: Die Quigleys<\/td><\/tr><tr><td><span class='rDLabel1'>Status: <\/span><span class='rDText1Gruen'>vorhanden<\/span><\/td><td><span class='rDLabel1'>Antolin: <\/span><span class='rDText1Gruen'>ja, Empfehlung Klasse 4<\/span><\/td><\/tr><tr><td width=50%><img src='https:\/\/www.web-rr.de\/GHS-Buecherei\/wp-content\/uploads\/9783551310330.jpg' alt=''><\/td><td><p class='rDLabel2'>von <span class='rDText2'>Simon Mason<\/span><\/p><p class='rDLabel2'>Verlag: <span class='rDText2'>Carlsen Verlag GmbH,  2011,  5.99 \u20ac<\/span><\/p><p class='rDLabel2'>B\u00fccherei-Barcode: <span class='rDText2'>9783551310330<\/span><\/p><p class='rDLabel2'>In der B\u00fccherei erfasst am: <span class='rDText2'>01.04.2014<\/span><\/p><p class='rDLabel2'>Stichw\u00f6rter: <span class='rDText2'>Familie, Hochzeit, Kaputtlachen<\/span><\/p><p class='rDLabel2'>Lesealter ca. <span class='rDText2'>8<\/span><span class='rDLabel2'> Jahre<\/span><\/p><p class='rDLabel2'>Das Buch wurde <span class='rDText2'>0<\/span><span class='rDLabel2'> mal gelesen.<\/span><\/p><\/td><\/tr><tr><td colspan='2'><p class='rDLabel1'>Inhalt:<\/p><span class='rDText2'>Die Quigleys - sieht so eine normale Familie aus? Lucy will auf einer Hochzeit Blumen streuen, aber auf keinen Fall in einem Kleid, sondern in ihrem geliebten Bienenkost\u00fcm. Ihr Bruder Will w\u00fcnscht sich einen W\u00fcrgadler zu Weihnachten. Papa tanzt im Bademantel Ballett. Und Mama entdeckt, dass sehr,  sehr laute Musik der beste Wecker ist. Die Quigleys muss man einfach m\u00f6gen. Mal chaotisch, mal verr\u00fcckt, aber immer zum Kaputtlachen Der ganz normale Familien-Wahnsinn zum Vor- und Selberlesen.<\/span><\/td><\/tr><tr><td colspan='2'><a href='#' onclick='history.back(); return false'>Zur\u00fcck<\/a><\/td><\/tr><\/tbody><\/table>\n","protected":false},"excerpt":{"rendered":"","protected":false},"author":1,"featured_media":0,"parent":0,"menu_order":0,"comment_status":"closed","ping_status":"closed","template":"","meta":[],"_links":{"self":[{"href":"https:\/\/www.web-rr.de\/GHS-Buecherei\/index.php\/wp-json\/wp\/v2\/pages\/4076"}],"collection":[{"href":"https:\/\/www.web-rr.de\/GHS-Buecherei\/index.php\/wp-json\/wp\/v2\/pages"}],"about":[{"href":"https:\/\/www.web-rr.de\/GHS-Buecherei\/index.php\/wp-json\/wp\/v2\/types\/page"}],"author":[{"embeddable":true,"href":"https:\/\/www.web-rr.de\/GHS-Buecherei\/index.php\/wp-json\/wp\/v2\/users\/1"}],"replies":[{"embeddable":true,"href":"https:\/\/www.web-rr.de\/GHS-Buecherei\/index.php\/wp-json\/wp\/v2\/comments?post=4076"}],"version-history":[{"count":0,"href":"https:\/\/www.web-rr.de\/GHS-Buecherei\/index.php\/wp-json\/wp\/v2\/pages\/4076\/revisions"}],"wp:attachment":[{"href":"https:\/\/www.web-rr.de\/GHS-Buecherei\/index.php\/wp-json\/wp\/v2\/media?parent=4076"}],"curies":[{"name":"wp","href":"https:\/\/api.w.org\/{rel}","templated":true}]}}