{"id":4071,"date":"2021-02-23T20:00:00","date_gmt":"2021-02-23T20:00:00","guid":{"rendered":"https:\/\/www.web-rr.de\/GHS-Buecherei\/?page_id=4071"},"modified":"2021-02-22T23:59:59","modified_gmt":"2021-02-22T23:59:59","slug":"p9783423750547","status":"publish","type":"page","link":"https:\/\/www.web-rr.de\/GHS-Buecherei\/index.php\/p9783423750547\/","title":{"rendered":"Familie 10"},"content":{"rendered":"<table><tbody><tr><td class='rDTitel' colspan='2'>Wuschelb\u00e4r hat keine Lust<\/td><\/tr><tr><td><span class='rDLabel1'>Status: <\/span><span class='rDText1Gruen'>vorhanden<\/span><\/td><td><span class='rDLabel1'>Antolin: <\/span><span class='rDText1Gruen'>ja, Empfehlung Klasse 1<\/span><\/td><\/tr><tr><td width=50%><img src='https:\/\/www.web-rr.de\/GHS-Buecherei\/wp-content\/uploads\/9783423750547.jpg' alt=''><\/td><td><p class='rDLabel2'>von <span class='rDText2'>Irina Korschunow<\/span><\/p><p class='rDLabel2'>Verlag: <span class='rDText2'>Deutscher Taschenbuch Verlag,  2001,  6.00 \u20ac<\/span><\/p><p class='rDLabel2'>B\u00fccherei-Barcode: <span class='rDText2'>9783423750547<\/span><\/p><p class='rDLabel2'>In der B\u00fccherei erfasst am: <span class='rDText2'>01.04.2013<\/span><\/p><p class='rDLabel2'>Stichw\u00f6rter: <span class='rDText2'>Traurigkeit<\/span><\/p><p class='rDLabel2'>Lesealter ca. <span class='rDText2'>6<\/span><span class='rDLabel2'> Jahre<\/span><\/p><p class='rDLabel2'>Das Buch wurde <span class='rDText2'>1<\/span><span class='rDLabel2'> mal gelesen.<\/span><\/p><\/td><\/tr><tr><td colspan='2'><p class='rDLabel1'>Inhalt:<\/p><span class='rDText2'>Oh, je, heute ist Wuschelb\u00e4r aber wirklich mit der falschen Tatze aufgestanden. Wie konnte Benni auch nur zur Schule gehen, ohne seinem Wuschelb\u00e4r einen Gutenmorgenkuss zu geben! Das muss einem doch die gute Laune verhageln. Und so hilft nun alles nichts mehr, kein Kakao, kein Honigbrot, kein noch so lustiger Einfall vom kleinen Bruder, dem wei\u00dfen B\u00e4ren: Wuschelb\u00e4r hat heute zu nichts, aber auch gar nichts mehr Lust und das macht er allem und jedem deutlich, der sich in seine N\u00e4he traut. Erst als er schlie\u00dflich alle vergrault hat, merkt er, dass Einsamkeit auch nicht gl\u00fccklich macht. Wie gut, dass er sich schlie\u00dflich auf die Suche nach dem wei\u00dfen B\u00e4ren begibt, um wieder jemandem zum Spielen zu haben: Der kleine wei\u00dfe B\u00e4r ist n\u00e4mlich in eine Grube gefallen und hat Hilfe bitter n\u00f6tig. Als Wuschelb\u00e4r ihn gerettet hat, sind beide sich sicher: Das wird (doch noch!) ein sch\u00f6ner Tag ...<\/span><\/td><\/tr><tr><td colspan='2'><a href='#' onclick='history.back(); return false'>Zur\u00fcck<\/a><\/td><\/tr><\/tbody><\/table>\n","protected":false},"excerpt":{"rendered":"","protected":false},"author":1,"featured_media":0,"parent":0,"menu_order":0,"comment_status":"closed","ping_status":"closed","template":"","meta":[],"_links":{"self":[{"href":"https:\/\/www.web-rr.de\/GHS-Buecherei\/index.php\/wp-json\/wp\/v2\/pages\/4071"}],"collection":[{"href":"https:\/\/www.web-rr.de\/GHS-Buecherei\/index.php\/wp-json\/wp\/v2\/pages"}],"about":[{"href":"https:\/\/www.web-rr.de\/GHS-Buecherei\/index.php\/wp-json\/wp\/v2\/types\/page"}],"author":[{"embeddable":true,"href":"https:\/\/www.web-rr.de\/GHS-Buecherei\/index.php\/wp-json\/wp\/v2\/users\/1"}],"replies":[{"embeddable":true,"href":"https:\/\/www.web-rr.de\/GHS-Buecherei\/index.php\/wp-json\/wp\/v2\/comments?post=4071"}],"version-history":[{"count":0,"href":"https:\/\/www.web-rr.de\/GHS-Buecherei\/index.php\/wp-json\/wp\/v2\/pages\/4071\/revisions"}],"wp:attachment":[{"href":"https:\/\/www.web-rr.de\/GHS-Buecherei\/index.php\/wp-json\/wp\/v2\/media?parent=4071"}],"curies":[{"name":"wp","href":"https:\/\/api.w.org\/{rel}","templated":true}]}}