{"id":4038,"date":"2021-02-23T20:00:00","date_gmt":"2021-02-23T20:00:00","guid":{"rendered":"https:\/\/www.web-rr.de\/GHS-Buecherei\/?page_id=4038"},"modified":"2021-02-22T23:59:59","modified_gmt":"2021-02-22T23:59:59","slug":"p9783866592247","status":"publish","type":"page","link":"https:\/\/www.web-rr.de\/GHS-Buecherei\/index.php\/p9783866592247\/","title":{"rendered":"Erde &#8211; Wetter 04"},"content":{"rendered":"<table><tbody><tr><td class='rDTitel' colspan='2'>Entdecke das Wetter (Entdecke - Die Reihe mit der Eule \/ Kindersachbuchreihe)<\/td><\/tr><tr><td><span class='rDLabel1'>Status: <\/span><span class='rDText1Gruen'>vorhanden<\/span><\/td><td><span class='rDLabel1'>Antolin: <\/span><span class='rDText1Gruen'>ja, Empfehlung Klasse 4<\/span><\/td><\/tr><tr><td width=50%><img src='https:\/\/www.web-rr.de\/GHS-Buecherei\/wp-content\/uploads\/9783866592247.jpg' alt=''><\/td><td><p class='rDLabel2'>von <span class='rDText2'>Michaela Koschak<\/span><\/p><p class='rDLabel2'>Verlag: <span class='rDText2'>Natur und Tier,  2014,  12.80 \u20ac<\/span><\/p><p class='rDLabel2'>B\u00fccherei-Barcode: <span class='rDText2'>9783866592247<\/span><\/p><p class='rDLabel2'>In der B\u00fccherei erfasst am: <span class='rDText2'>01.05.2017<\/span><\/p><p class='rDLabel2'>Stichw\u00f6rter: <span class='rDText2'>Blitz, Wetter, Regenbogen, Gewitter<\/span><\/p><p class='rDLabel2'>Lesealter ca. <span class='rDText2'>8<\/span><span class='rDLabel2'> Jahre<\/span><\/p><p class='rDLabel2'>Das Buch wurde <span class='rDText2'>1<\/span><span class='rDLabel2'> mal gelesen.<\/span><\/p><\/td><\/tr><tr><td colspan='2'><p class='rDLabel1'>Inhalt:<\/p><span class='rDText2'>Alle sprechen vom Wetter \u2013 aber wie und wo entsteht es \u00fcberhaupt? Welche Bedeutung hat es f\u00fcr unser Leben? Warum gibt es Jahreszeiten, was ist der Klima- wandel? Wie entstehen Donner und Blitz, wo w\u00fcten die meisten Tornados \u2013 und was ist \u00fcberhaupt der Unterschied zwischen einem Tornado und einem Hurrikan? Wie kannst Du anhand der Form der Wolken das Wetter voraussagen?Diese und alle anderen Fragen rund ums Wetter beantwortet \u201eWetterfee\u201c Michaela Koschak in ihrem spannenden Buch \u2013 eine aufregende und kurzweilige Entdeckungsreise von Regen bis Sonnenschein!Was ist das Wetter und wer macht es?Was sind Hochs und Tiefs?Warum sehen Wolken so unterschiedlich aus?Wie entsteht ein Gewitter?Wer baut den Regenbogen?Wann gibt es Schnee?<\/span><\/td><\/tr><tr><td colspan='2'><a href='#' onclick='history.back(); return false'>Zur\u00fcck<\/a><\/td><\/tr><\/tbody><\/table>\n","protected":false},"excerpt":{"rendered":"","protected":false},"author":1,"featured_media":0,"parent":0,"menu_order":0,"comment_status":"closed","ping_status":"closed","template":"","meta":[],"_links":{"self":[{"href":"https:\/\/www.web-rr.de\/GHS-Buecherei\/index.php\/wp-json\/wp\/v2\/pages\/4038"}],"collection":[{"href":"https:\/\/www.web-rr.de\/GHS-Buecherei\/index.php\/wp-json\/wp\/v2\/pages"}],"about":[{"href":"https:\/\/www.web-rr.de\/GHS-Buecherei\/index.php\/wp-json\/wp\/v2\/types\/page"}],"author":[{"embeddable":true,"href":"https:\/\/www.web-rr.de\/GHS-Buecherei\/index.php\/wp-json\/wp\/v2\/users\/1"}],"replies":[{"embeddable":true,"href":"https:\/\/www.web-rr.de\/GHS-Buecherei\/index.php\/wp-json\/wp\/v2\/comments?post=4038"}],"version-history":[{"count":0,"href":"https:\/\/www.web-rr.de\/GHS-Buecherei\/index.php\/wp-json\/wp\/v2\/pages\/4038\/revisions"}],"wp:attachment":[{"href":"https:\/\/www.web-rr.de\/GHS-Buecherei\/index.php\/wp-json\/wp\/v2\/media?parent=4038"}],"curies":[{"name":"wp","href":"https:\/\/api.w.org\/{rel}","templated":true}]}}