{"id":4022,"date":"2021-02-23T20:00:00","date_gmt":"2021-02-23T20:00:00","guid":{"rendered":"https:\/\/www.web-rr.de\/GHS-Buecherei\/?page_id=4022"},"modified":"2021-02-22T23:59:59","modified_gmt":"2021-02-22T23:59:59","slug":"p9783831020522","status":"publish","type":"page","link":"https:\/\/www.web-rr.de\/GHS-Buecherei\/index.php\/p9783831020522\/","title":{"rendered":"Erde &#8211; Weltall 16"},"content":{"rendered":"<table><tbody><tr><td class='rDTitel' colspan='2'>memo Wissen entdecken. Mond<\/td><\/tr><tr><td><span class='rDLabel1'>Status: <\/span><span class='rDText1Gruen'>vorhanden<\/span><\/td><td><span class='rDLabel1'>Antolin: <\/span><span class='rDText1Gruen'>ja, Empfehlung Klasse 6<\/span><\/td><\/tr><tr><td width=50%><img src='https:\/\/www.web-rr.de\/GHS-Buecherei\/wp-content\/uploads\/9783831020522.jpg' alt=''><\/td><td><p class='rDLabel2'>von <span class='rDText2'>Jacqueline Mitton<\/span><\/p><p class='rDLabel2'>Verlag: <span class='rDText2'>Dorling Kindersley,  2012,  9.95 \u20ac<\/span><\/p><p class='rDLabel2'>B\u00fccherei-Barcode: <span class='rDText2'>9783831020522<\/span><\/p><p class='rDLabel2'>In der B\u00fccherei erfasst am: <span class='rDText2'>30.10.2018<\/span><\/p><p class='rDLabel2'>Stichw\u00f6rter: <span class='rDText2'>Astronauten, Raumflug, Halbmond, Mondkalender, Raumschiffe, Mondforschung, Gezeiten<\/span><\/p><p class='rDLabel2'>Lesealter ca. <span class='rDText2'>10<\/span><span class='rDLabel2'> Jahre<\/span><\/p><p class='rDLabel2'>Das Buch wurde <span class='rDText2'>1<\/span><span class='rDLabel2'> mal gelesen.<\/span><\/p><\/td><\/tr><tr><td colspan='2'><p class='rDLabel1'>Inhalt:<\/p><span class='rDText2'>Wie ist der Mond entstanden? Wie trainieren Astronauten f\u00fcr einen Raumflug? Warum gibt es einen Voll- und einen Halbmond? Auf diese und viele weitere Fragen erhalten wissbegierige Kinder in Band 57 der gro\u00dfen Wissensreihe memo Antworten. Kleine Mondforscher entdecken Erstaunliches \u00fcber die Geburt des Mondes, den Mondkalender, Raumschiffe, Menschen auf dem Mond, das Leben im All, die Mondforschung, die Gezeiten und vieles mehr!Spektakul\u00e4re Bilder zeigen unseren Erdtrabanten mit seinen Kratern und Meeren zum Greifen nah. Kurze, gut gegliederte Texte vermitteln umfassende Informationen und erkl\u00e4ren die Zusammenh\u00e4nge auf leicht verst\u00e4ndliche Weise. So werden auch schwierigere Sachverhalte klar.Rubriken wie \"Erstaunliche Fakten\", \"Fragen und Antworten\" oder \"Rekordverd\u00e4chtig\" vertiefen das vermittelte Wissen, ein Glossar am Ende des Buches gibt einen \u00dcberblick zum gesamten Thema. Ideal auch als Erg\u00e4nzung zum Schulunterricht, f\u00fcr Projekte und f\u00fcr Referate.<\/span><\/td><\/tr><tr><td colspan='2'><a href='#' onclick='history.back(); return false'>Zur\u00fcck<\/a><\/td><\/tr><\/tbody><\/table>\n","protected":false},"excerpt":{"rendered":"","protected":false},"author":1,"featured_media":0,"parent":0,"menu_order":0,"comment_status":"closed","ping_status":"closed","template":"","meta":[],"_links":{"self":[{"href":"https:\/\/www.web-rr.de\/GHS-Buecherei\/index.php\/wp-json\/wp\/v2\/pages\/4022"}],"collection":[{"href":"https:\/\/www.web-rr.de\/GHS-Buecherei\/index.php\/wp-json\/wp\/v2\/pages"}],"about":[{"href":"https:\/\/www.web-rr.de\/GHS-Buecherei\/index.php\/wp-json\/wp\/v2\/types\/page"}],"author":[{"embeddable":true,"href":"https:\/\/www.web-rr.de\/GHS-Buecherei\/index.php\/wp-json\/wp\/v2\/users\/1"}],"replies":[{"embeddable":true,"href":"https:\/\/www.web-rr.de\/GHS-Buecherei\/index.php\/wp-json\/wp\/v2\/comments?post=4022"}],"version-history":[{"count":0,"href":"https:\/\/www.web-rr.de\/GHS-Buecherei\/index.php\/wp-json\/wp\/v2\/pages\/4022\/revisions"}],"wp:attachment":[{"href":"https:\/\/www.web-rr.de\/GHS-Buecherei\/index.php\/wp-json\/wp\/v2\/media?parent=4022"}],"curies":[{"name":"wp","href":"https:\/\/api.w.org\/{rel}","templated":true}]}}