{"id":4016,"date":"2021-02-23T20:00:00","date_gmt":"2021-02-23T20:00:00","guid":{"rendered":"https:\/\/www.web-rr.de\/GHS-Buecherei\/?page_id=4016"},"modified":"2021-02-22T23:59:59","modified_gmt":"2021-02-22T23:59:59","slug":"p9783833927027","status":"publish","type":"page","link":"https:\/\/www.web-rr.de\/GHS-Buecherei\/index.php\/p9783833927027\/","title":{"rendered":"Erde &#8211; Weltall 10"},"content":{"rendered":"<table><tbody><tr><td class='rDTitel' colspan='2'>Wie wird man Astronaut?: Willi wills wissen, Bd. 1<\/td><\/tr><tr><td><span class='rDLabel1'>Status: <\/span><span class='rDText1Gruen'>vorhanden<\/span><\/td><td><span class='rDLabel1'>Antolin: <\/span><span class='rDText1Gruen'>ja, Empfehlung Klasse 4<\/span><\/td><\/tr><tr><td width=50%><img src='https:\/\/www.web-rr.de\/GHS-Buecherei\/wp-content\/uploads\/9783833927027.jpg' alt=''><\/td><td><p class='rDLabel2'>von <span class='rDText2'>Uwe Kauss<\/span><\/p><p class='rDLabel2'>Verlag: <span class='rDText2'>Bastei L\u00fcbbe (Baumhaus),  2006,  9.90 \u20ac<\/span><\/p><p class='rDLabel2'>B\u00fccherei-Barcode: <span class='rDText2'>9783833927027<\/span><\/p><p class='rDLabel2'>In der B\u00fccherei erfasst am: <span class='rDText2'>01.04.2014<\/span><\/p><p class='rDLabel2'>Stichw\u00f6rter: <span class='rDText2'>Weltall, Weltraum, Astronaut, Raumfahrt, Sachbuch, Rakete<\/span><\/p><p class='rDLabel2'>Lesealter ca. <span class='rDText2'>8<\/span><span class='rDLabel2'> Jahre<\/span><\/p><p class='rDLabel2'>Das Buch wurde <span class='rDText2'>4<\/span><span class='rDLabel2'> mal gelesen.<\/span><\/p><\/td><\/tr><tr><td colspan='2'><p class='rDLabel1'>Inhalt:<\/p><span class='rDText2'>Im ESA-Trainingszentrum, der Ausbildungsst\u00e4tte f\u00fcr Astronauten, werden Willis Herz und Nerven auf die Probe gestellt: hartes Training in der Zentrifuge, Gleichgewichtssinn-Test, H\u00f6henluftatmen und Simulation eines Notfalles. Au\u00dferdem spricht Willi mit Astronauten \u00fcber deren Arbeit und das Leben in der Schwerelosigkeit. Ein Willi-Sachbuch \u00fcber die Faszination des Weltalls und Raumfl\u00fcge! Willi - Best- und Longseller im Buch und im TV Willi wills wissen ist eine der bekanntesten und erfolgreichsten Kindersendungen im deutschen Fernsehen! Willi wills wissen bietet allerbeste Informationen f\u00fcr Kinder! Willi wills wissen hat zahlreiche Auszeichnungen erhalten, u.a. den Erich-K\u00e4stner- Fernsehpreis, den Bayerischen Fernsehpreis und das Comenius-Siegel<\/span><\/td><\/tr><tr><td colspan='2'><a href='#' onclick='history.back(); return false'>Zur\u00fcck<\/a><\/td><\/tr><\/tbody><\/table>\n","protected":false},"excerpt":{"rendered":"","protected":false},"author":1,"featured_media":0,"parent":0,"menu_order":0,"comment_status":"closed","ping_status":"closed","template":"","meta":[],"_links":{"self":[{"href":"https:\/\/www.web-rr.de\/GHS-Buecherei\/index.php\/wp-json\/wp\/v2\/pages\/4016"}],"collection":[{"href":"https:\/\/www.web-rr.de\/GHS-Buecherei\/index.php\/wp-json\/wp\/v2\/pages"}],"about":[{"href":"https:\/\/www.web-rr.de\/GHS-Buecherei\/index.php\/wp-json\/wp\/v2\/types\/page"}],"author":[{"embeddable":true,"href":"https:\/\/www.web-rr.de\/GHS-Buecherei\/index.php\/wp-json\/wp\/v2\/users\/1"}],"replies":[{"embeddable":true,"href":"https:\/\/www.web-rr.de\/GHS-Buecherei\/index.php\/wp-json\/wp\/v2\/comments?post=4016"}],"version-history":[{"count":0,"href":"https:\/\/www.web-rr.de\/GHS-Buecherei\/index.php\/wp-json\/wp\/v2\/pages\/4016\/revisions"}],"wp:attachment":[{"href":"https:\/\/www.web-rr.de\/GHS-Buecherei\/index.php\/wp-json\/wp\/v2\/media?parent=4016"}],"curies":[{"name":"wp","href":"https:\/\/api.w.org\/{rel}","templated":true}]}}