{"id":4015,"date":"2021-02-23T20:00:00","date_gmt":"2021-02-23T20:00:00","guid":{"rendered":"https:\/\/www.web-rr.de\/GHS-Buecherei\/?page_id=4015"},"modified":"2021-02-22T23:59:59","modified_gmt":"2021-02-22T23:59:59","slug":"p9783440108024","status":"publish","type":"page","link":"https:\/\/www.web-rr.de\/GHS-Buecherei\/index.php\/p9783440108024\/","title":{"rendered":"Erde &#8211; Weltall 09"},"content":{"rendered":"<table><tbody><tr><td class='rDTitel' colspan='2'>Raumfahrt. Aufbruch ins All<\/td><\/tr><tr><td><span class='rDLabel1'>Status: <\/span><span class='rDText1Gruen'>vorhanden<\/span><\/td><td><span class='rDLabel1'>Antolin: <\/span><span class='rDText1Gruen'>ja, Empfehlung Klasse 5<\/span><\/td><\/tr><tr><td width=50%><img src='https:\/\/www.web-rr.de\/GHS-Buecherei\/wp-content\/uploads\/9783440108024.jpg' alt=''><\/td><td><p class='rDLabel2'>von <span class='rDText2'>Susanne Dambeck<\/span><\/p><p class='rDLabel2'>Verlag: <span class='rDText2'>Kosmos (Franckh-Kosmos),  2007,  12.95 \u20ac<\/span><\/p><p class='rDLabel2'>B\u00fccherei-Barcode: <span class='rDText2'>9783440108024<\/span><\/p><p class='rDLabel2'>In der B\u00fccherei erfasst am: <span class='rDText2'>01.04.2014<\/span><\/p><p class='rDLabel2'>Stichw\u00f6rter: <span class='rDText2'>Weltall, Weltraum, Astronaut, Raumfahrt, Raketen, Mond, Wissen, Sachbuch, Technik<\/span><\/p><p class='rDLabel2'>Lesealter ca. <span class='rDText2'>9<\/span><span class='rDLabel2'> Jahre<\/span><\/p><p class='rDLabel2'>Das Buch wurde <span class='rDText2'>7<\/span><span class='rDLabel2'> mal gelesen.<\/span><\/p><\/td><\/tr><tr><td colspan='2'><p class='rDLabel1'>Inhalt:<\/p><span class='rDText2'>Sp\u00e4testens seit Astronauten 1968 zum ersten Mal den Mond umrundeten, ist klar: Die Raumfahrt ist eins der gr\u00f6\u00dften Abenteuer unserer Zeit. Heute leben Raumfahrer monatelang im All, Roboter buddeln sich durch Marsd\u00fcnen und Sonden suchen nach neuen Welten. Aber wie funktioniert eigentlich eine Rakete? Wo gibt es Fl\u00fcsse aus Erdgas? Und ist der erste Mensch auf dem Mars vielleicht schon geboren? MENSCHEN \u2013 WELTEN \u2013 ABENTEUER f\u00fcr Wissenshungrige ab 9 Jahren. Faszinierende Bildwelten in \u00fcber 150 detailgetreuen Fotos. Spannende und informative Reportagen von erfahrenen Wissenschaftsjournalisten.<\/span><\/td><\/tr><tr><td colspan='2'><a href='#' onclick='history.back(); return false'>Zur\u00fcck<\/a><\/td><\/tr><\/tbody><\/table>\n","protected":false},"excerpt":{"rendered":"","protected":false},"author":1,"featured_media":0,"parent":0,"menu_order":0,"comment_status":"closed","ping_status":"closed","template":"","meta":[],"_links":{"self":[{"href":"https:\/\/www.web-rr.de\/GHS-Buecherei\/index.php\/wp-json\/wp\/v2\/pages\/4015"}],"collection":[{"href":"https:\/\/www.web-rr.de\/GHS-Buecherei\/index.php\/wp-json\/wp\/v2\/pages"}],"about":[{"href":"https:\/\/www.web-rr.de\/GHS-Buecherei\/index.php\/wp-json\/wp\/v2\/types\/page"}],"author":[{"embeddable":true,"href":"https:\/\/www.web-rr.de\/GHS-Buecherei\/index.php\/wp-json\/wp\/v2\/users\/1"}],"replies":[{"embeddable":true,"href":"https:\/\/www.web-rr.de\/GHS-Buecherei\/index.php\/wp-json\/wp\/v2\/comments?post=4015"}],"version-history":[{"count":0,"href":"https:\/\/www.web-rr.de\/GHS-Buecherei\/index.php\/wp-json\/wp\/v2\/pages\/4015\/revisions"}],"wp:attachment":[{"href":"https:\/\/www.web-rr.de\/GHS-Buecherei\/index.php\/wp-json\/wp\/v2\/media?parent=4015"}],"curies":[{"name":"wp","href":"https:\/\/api.w.org\/{rel}","templated":true}]}}