{"id":3992,"date":"2021-02-23T20:00:00","date_gmt":"2021-02-23T20:00:00","guid":{"rendered":"https:\/\/www.web-rr.de\/GHS-Buecherei\/?page_id=3992"},"modified":"2021-02-22T23:59:59","modified_gmt":"2021-02-22T23:59:59","slug":"p9783831033935","status":"publish","type":"page","link":"https:\/\/www.web-rr.de\/GHS-Buecherei\/index.php\/p9783831033935\/","title":{"rendered":"Erde &#8211; Planet 07"},"content":{"rendered":"<table><tbody><tr><td class='rDTitel' colspan='2'>memo Wissen entdecken. Fossilien: Muscheln, Bernstein, Urzeittiere.<\/td><\/tr><tr><td><span class='rDLabel1'>Status: <\/span><span class='rDText1Gruen'>vorhanden<\/span><\/td><td><span class='rDLabel1'>Antolin: <\/span><span class='rDText1Gruen'>ja, Empfehlung Klasse 6<\/span><\/td><\/tr><tr><td width=50%><img src='https:\/\/www.web-rr.de\/GHS-Buecherei\/wp-content\/uploads\/9783831033935.jpg' alt=''><\/td><td><p class='rDLabel2'>von <span class='rDText2'><\/span><\/p><p class='rDLabel2'>Verlag: <span class='rDText2'>Dorling Kindersley Deutschland GmbH,  2018,  9.95 \u20ac<\/span><\/p><p class='rDLabel2'>B\u00fccherei-Barcode: <span class='rDText2'>9783831033935<\/span><\/p><p class='rDLabel2'>In der B\u00fccherei erfasst am: <span class='rDText2'>30.10.2018<\/span><\/p><p class='rDLabel2'>Stichw\u00f6rter: <span class='rDText2'>Versteinerungen, Dinosaurier, Fossilien<\/span><\/p><p class='rDLabel2'>Lesealter ca. <span class='rDText2'>10<\/span><span class='rDLabel2'> Jahre<\/span><\/p><p class='rDLabel2'>Das Buch wurde <span class='rDText2'>0<\/span><span class='rDLabel2'> mal gelesen.<\/span><\/p><\/td><\/tr><tr><td colspan='2'><p class='rDLabel1'>Inhalt:<\/p><span class='rDText2'>Auf geht\u2019s zur Fossilien-Jagd! Dieses tolle Sachbuch enth\u00fcllt Spannendes \u00fcber die mysteri\u00f6sen Versteinerungen: Hier lernen Kinder alles \u00fcber Gesteinsbildung, seltene Funde oder die Entdeckung der Dinosaurier. Au\u00dferdem k\u00f6nnen sie anhand dieses Buches selbst Fossilien bestimmen. Die beliebte Kindersachbuchreihe memo Wissen entdecken verpackt faszinierendes Wissen f\u00fcr Kinder in kurze, lesefreundliche Texte und viele detailreiche Bilder. Jetzt sogar im frischen, \u00fcbersichtlichen neuen Layout und mit einem illustrierten Cham\u00e4leon-Charakter, der durchs Buch begleitet und beeindruckende Details erkl\u00e4rt oder kommentiert. Dazu gibt\u2018s ein beidseitig bedrucktes Poster zum Aufh\u00e4ngen im Kinderzimmer \u2013 mit einem spektakul\u00e4ren Foto auf der einen und einer informativen Grafik auf der anderen Seite. Interessante Rubriken wie \u201eErstaunliche Fakten\u201c, \u201eFragen und Antworten\u201c oder \u201eRekordverd\u00e4chtig\u201c vertiefen das erworbene Wissen f\u00fcr Kinder zus\u00e4tzlich und ein Glossar am Ende des Buches sorgt abschlie\u00dfend noch einmal f\u00fcr einen super \u00dcberblick. Das ist gro\u00dfes Wissen in kleinen H\u00e4ppchen \u2013 mit Aha-Erlebnis und Wow-Effekt auf jeder Seite!Das Lieblingsthema \u201eFossilien\u201c wird in memo Wissen entdecken sachlich kompetent, gleichzeitig leicht verst\u00e4ndlich und unterhaltsam vermittelt. Perfekt f\u00fcr junge Leser \u2013 als Erg\u00e4nzung zum Schulunterricht oder f\u00fcr Referate.<\/span><\/td><\/tr><tr><td colspan='2'><a href='#' onclick='history.back(); return false'>Zur\u00fcck<\/a><\/td><\/tr><\/tbody><\/table>\n","protected":false},"excerpt":{"rendered":"","protected":false},"author":1,"featured_media":0,"parent":0,"menu_order":0,"comment_status":"closed","ping_status":"closed","template":"","meta":[],"_links":{"self":[{"href":"https:\/\/www.web-rr.de\/GHS-Buecherei\/index.php\/wp-json\/wp\/v2\/pages\/3992"}],"collection":[{"href":"https:\/\/www.web-rr.de\/GHS-Buecherei\/index.php\/wp-json\/wp\/v2\/pages"}],"about":[{"href":"https:\/\/www.web-rr.de\/GHS-Buecherei\/index.php\/wp-json\/wp\/v2\/types\/page"}],"author":[{"embeddable":true,"href":"https:\/\/www.web-rr.de\/GHS-Buecherei\/index.php\/wp-json\/wp\/v2\/users\/1"}],"replies":[{"embeddable":true,"href":"https:\/\/www.web-rr.de\/GHS-Buecherei\/index.php\/wp-json\/wp\/v2\/comments?post=3992"}],"version-history":[{"count":0,"href":"https:\/\/www.web-rr.de\/GHS-Buecherei\/index.php\/wp-json\/wp\/v2\/pages\/3992\/revisions"}],"wp:attachment":[{"href":"https:\/\/www.web-rr.de\/GHS-Buecherei\/index.php\/wp-json\/wp\/v2\/media?parent=3992"}],"curies":[{"name":"wp","href":"https:\/\/api.w.org\/{rel}","templated":true}]}}