{"id":3982,"date":"2021-02-23T20:00:00","date_gmt":"2021-02-23T20:00:00","guid":{"rendered":"https:\/\/www.web-rr.de\/GHS-Buecherei\/?page_id=3982"},"modified":"2021-02-22T23:59:59","modified_gmt":"2021-02-22T23:59:59","slug":"p9783589016518","status":"publish","type":"page","link":"https:\/\/www.web-rr.de\/GHS-Buecherei\/index.php\/p9783589016518\/","title":{"rendered":"Englisch &#8211; W\u00f6rterb\u00fccher 02"},"content":{"rendered":"<table><tbody><tr><td class='rDTitel' colspan='2'>Lextra junior Englisch: Unser erstes Bildw\u00f6rterbuch (TING)<\/td><\/tr><tr><td><span class='rDLabel1'>Status: <\/span><span class='rDText1Gruen'>vorhanden<\/span><\/td><td><span class='rDLabel1'>Antolin: <\/span><span class='rDText1Rot'>Quiz nicht vorhanden.<\/span><\/td><\/tr><tr><td width=50%><img src='https:\/\/www.web-rr.de\/GHS-Buecherei\/wp-content\/uploads\/9783589016518.jpg' alt=''><\/td><td><p class='rDLabel2'>von <span class='rDText2'>Sigrid Janssen<\/span><\/p><p class='rDLabel2'>Verlag: <span class='rDText2'>Cornelsen Verlag,  2011,  14.95 \u20ac<\/span><\/p><p class='rDLabel2'>B\u00fccherei-Barcode: <span class='rDText2'>9783589016518<\/span><\/p><p class='rDLabel2'>In der B\u00fccherei erfasst am: <span class='rDText2'>01.04.2014<\/span><\/p><p class='rDLabel2'>Stichw\u00f6rter: <span class='rDText2'>Englisch, W\u00f6rterbuch, England, fremde L\u00e4nder<\/span><\/p><p class='rDLabel2'>Lesealter ca. <span class='rDText2'>-<\/span><span class='rDLabel2'> Jahre<\/span><\/p><p class='rDLabel2'>Das Buch wurde <span class='rDText2'>3<\/span><span class='rDLabel2'> mal gelesen.<\/span><\/p><\/td><\/tr><tr><td colspan='2'><p class='rDLabel1'>Inhalt:<\/p><span class='rDText2'>Spielerisch erste Vokabeln lernen oder gezielt die Aussprache trainieren - mit dem Bildw\u00f6rterbuch Englischk\u00f6nnen junge Lernende beides. 1.200 wichtige Begriffe aus dem Alltagsleben von Kindern sind liebevoll gezeichnet und zus\u00e4tzlich vertont; sie werden von Muttersprachlern gesprochen.Mit Hilfe eines TING-Lesestiftes k\u00f6nnen sich die Sch\u00fcler\/innen die W\u00f6rter beliebig oft anh\u00f6ren und wiederholen - unabh\u00e4ngig von CD-Player oder PC. Versteckte Tonelemente zum Suchen und Abspielen erh\u00f6hen den Reiz, sich mit der Fremdsprache zu besch\u00e4ftigen.Die meisten Begriffe sind alphabetisch gelistet - dazu gibt es Themenseiten, auf denen viel zu entdecken ist.<\/span><\/td><\/tr><tr><td colspan='2'><a href='#' onclick='history.back(); return false'>Zur\u00fcck<\/a><\/td><\/tr><\/tbody><\/table>\n","protected":false},"excerpt":{"rendered":"","protected":false},"author":1,"featured_media":0,"parent":0,"menu_order":0,"comment_status":"closed","ping_status":"closed","template":"","meta":[],"_links":{"self":[{"href":"https:\/\/www.web-rr.de\/GHS-Buecherei\/index.php\/wp-json\/wp\/v2\/pages\/3982"}],"collection":[{"href":"https:\/\/www.web-rr.de\/GHS-Buecherei\/index.php\/wp-json\/wp\/v2\/pages"}],"about":[{"href":"https:\/\/www.web-rr.de\/GHS-Buecherei\/index.php\/wp-json\/wp\/v2\/types\/page"}],"author":[{"embeddable":true,"href":"https:\/\/www.web-rr.de\/GHS-Buecherei\/index.php\/wp-json\/wp\/v2\/users\/1"}],"replies":[{"embeddable":true,"href":"https:\/\/www.web-rr.de\/GHS-Buecherei\/index.php\/wp-json\/wp\/v2\/comments?post=3982"}],"version-history":[{"count":0,"href":"https:\/\/www.web-rr.de\/GHS-Buecherei\/index.php\/wp-json\/wp\/v2\/pages\/3982\/revisions"}],"wp:attachment":[{"href":"https:\/\/www.web-rr.de\/GHS-Buecherei\/index.php\/wp-json\/wp\/v2\/media?parent=3982"}],"curies":[{"name":"wp","href":"https:\/\/api.w.org\/{rel}","templated":true}]}}