{"id":3963,"date":"2021-02-23T20:00:00","date_gmt":"2021-02-23T20:00:00","guid":{"rendered":"https:\/\/www.web-rr.de\/GHS-Buecherei\/?page_id=3963"},"modified":"2021-02-22T23:59:59","modified_gmt":"2021-02-22T23:59:59","slug":"p9783981243222","status":"publish","type":"page","link":"https:\/\/www.web-rr.de\/GHS-Buecherei\/index.php\/p9783981243222\/","title":{"rendered":"Englisch &#8211; Landeskunde 06"},"content":{"rendered":"<table><tbody><tr><td class='rDTitel' colspan='2'>Felizias und das Vanille-Geheimnis - Felcity and the Vanille Mystery<\/td><\/tr><tr><td><span class='rDLabel1'>Status: <\/span><span class='rDText1Gruen'>vorhanden<\/span><\/td><td><span class='rDLabel1'>Antolin: <\/span><span class='rDText1Gruen'>ja, Empfehlung Klasse 6<\/span><\/td><\/tr><tr><td width=50%><img src='https:\/\/www.web-rr.de\/GHS-Buecherei\/wp-content\/uploads\/9783981243222.jpg' alt=''><\/td><td><p class='rDLabel2'>von <span class='rDText2'>Solveig Ariane Prusko<\/span><\/p><p class='rDLabel2'>Verlag: <span class='rDText2'>Schlauberger Verlag,  2010,  16.95 \u20ac<\/span><\/p><p class='rDLabel2'>B\u00fccherei-Barcode: <span class='rDText2'>9783981243222<\/span><\/p><p class='rDLabel2'>In der B\u00fccherei erfasst am: <span class='rDText2'>01.04.2014<\/span><\/p><p class='rDLabel2'>Stichw\u00f6rter: <span class='rDText2'>Vanille, Essen, Tropen, Regenwald, S\u00fcdamerika, Englisch<\/span><\/p><p class='rDLabel2'>Lesealter ca. <span class='rDText2'>10<\/span><span class='rDLabel2'> Jahre<\/span><\/p><p class='rDLabel2'>Das Buch wurde <span class='rDText2'>6<\/span><span class='rDLabel2'> mal gelesen.<\/span><\/p><\/td><\/tr><tr><td colspan='2'><p class='rDLabel1'>Inhalt:<\/p><span class='rDText2'>Felizitas findet Vanillepudding zum Nachtisch langweilig. Aber als ihre Mutter vom Vanillegeheimnis zu erz\u00e4hlen beginnt, wird das M\u00e4dchen neugierig. Ehe sie sich versieht, erlebt Felizitas - zusammen mit einem vorwitzigen Papagei und einem kleinen Kolibri - einen abenteuerlichen Ausflug in die Dschungelwelt Mittelamerikas, wo sie das Vanillegeheimnis schlie\u00dflich l\u00fcftet und nun Vanille ziemlich spannend findet. Alles geschieht in der Fantasie des kleinen M\u00e4dchens, die am Ende aus ihrem Tagtraum erwacht, als sie ihre Mutter rufen h\u00f6rt. Im Zuge der Traumreise erfahren die Leser der Geschichte, was Vanille ist, wo die Pflanze w\u00e4chst und was mit ihr geschieht, bis sie zur Vanille wird, so wie wir sie kennen.<\/span><\/td><\/tr><tr><td colspan='2'><a href='#' onclick='history.back(); return false'>Zur\u00fcck<\/a><\/td><\/tr><\/tbody><\/table>\n","protected":false},"excerpt":{"rendered":"","protected":false},"author":1,"featured_media":0,"parent":0,"menu_order":0,"comment_status":"closed","ping_status":"closed","template":"","meta":[],"_links":{"self":[{"href":"https:\/\/www.web-rr.de\/GHS-Buecherei\/index.php\/wp-json\/wp\/v2\/pages\/3963"}],"collection":[{"href":"https:\/\/www.web-rr.de\/GHS-Buecherei\/index.php\/wp-json\/wp\/v2\/pages"}],"about":[{"href":"https:\/\/www.web-rr.de\/GHS-Buecherei\/index.php\/wp-json\/wp\/v2\/types\/page"}],"author":[{"embeddable":true,"href":"https:\/\/www.web-rr.de\/GHS-Buecherei\/index.php\/wp-json\/wp\/v2\/users\/1"}],"replies":[{"embeddable":true,"href":"https:\/\/www.web-rr.de\/GHS-Buecherei\/index.php\/wp-json\/wp\/v2\/comments?post=3963"}],"version-history":[{"count":0,"href":"https:\/\/www.web-rr.de\/GHS-Buecherei\/index.php\/wp-json\/wp\/v2\/pages\/3963\/revisions"}],"wp:attachment":[{"href":"https:\/\/www.web-rr.de\/GHS-Buecherei\/index.php\/wp-json\/wp\/v2\/media?parent=3963"}],"curies":[{"name":"wp","href":"https:\/\/api.w.org\/{rel}","templated":true}]}}