{"id":3962,"date":"2021-02-23T20:00:00","date_gmt":"2021-02-23T20:00:00","guid":{"rendered":"https:\/\/www.web-rr.de\/GHS-Buecherei\/?page_id=3962"},"modified":"2021-02-22T23:59:59","modified_gmt":"2021-02-22T23:59:59","slug":"p9783589018765","status":"publish","type":"page","link":"https:\/\/www.web-rr.de\/GHS-Buecherei\/index.php\/p9783589018765\/","title":{"rendered":"Englisch &#8211; Landeskunde 05"},"content":{"rendered":"<table><tbody><tr><td class='rDTitel' colspan='2'>Unterwegs in Gro\u00dfbritannien<\/td><\/tr><tr><td><span class='rDLabel1'>Status: <\/span><span class='rDText1Gruen'>vorhanden<\/span><\/td><td><span class='rDLabel1'>Antolin: <\/span><span class='rDText1Rot'>Quiz nicht vorhanden.<\/span><\/td><\/tr><tr><td width=50%><img src='https:\/\/www.web-rr.de\/GHS-Buecherei\/wp-content\/uploads\/9783589018765.jpg' alt=''><\/td><td><p class='rDLabel2'>von <span class='rDText2'>R. E. Syme<\/span><\/p><p class='rDLabel2'>Verlag: <span class='rDText2'>Cornelsen Verlag,  2012,  12.95 \u20ac<\/span><\/p><p class='rDLabel2'>B\u00fccherei-Barcode: <span class='rDText2'>9783589018765<\/span><\/p><p class='rDLabel2'>In der B\u00fccherei erfasst am: <span class='rDText2'>01.04.2014<\/span><\/p><p class='rDLabel2'>Stichw\u00f6rter: <span class='rDText2'>Englisch, Gro\u00dfbritannien<\/span><\/p><p class='rDLabel2'>Lesealter ca. <span class='rDText2'>-<\/span><span class='rDLabel2'> Jahre<\/span><\/p><p class='rDLabel2'>Das Buch wurde <span class='rDText2'>0<\/span><span class='rDLabel2'> mal gelesen.<\/span><\/p><\/td><\/tr><tr><td colspan='2'><p class='rDLabel1'>Inhalt:<\/p><span class='rDText2'>Mit Unterwegs in Gro\u00dfbritannien  k\u00f6nnen wissbegierige Kinder ab 9 Jahren Sprache und Land auf eigene Faust entdecken - unterhaltsam mixt Lextra Junior  Wissenswertes mit R\u00e4tseln und Aufgaben. Erste W\u00f6rter, S\u00e4tze und Redewendungen lassen sich mittels Ting oder der beiliegenden Audio-CD anh\u00f6ren und bei n\u00e4chster Gelegenheit sofort ausprobieren - ganz ohne Elternhilfe. Spannend - motivierend - lehrreich \u2022Unterwegs in London: mit Bus, Tube oder zu Fu\u00df\u2022Aktiv sein: swimming in Blackpool, pony trekking in Schottland\u2022Sprachkenntnisse ausprobieren: cream tea bestellen\u2022Schon gewusst? Die Engl\u00e4nder trinken jeden Tag mehr als 163 Millionen cups of tea .<\/span><\/td><\/tr><tr><td colspan='2'><a href='#' onclick='history.back(); return false'>Zur\u00fcck<\/a><\/td><\/tr><\/tbody><\/table>\n","protected":false},"excerpt":{"rendered":"","protected":false},"author":1,"featured_media":0,"parent":0,"menu_order":0,"comment_status":"closed","ping_status":"closed","template":"","meta":[],"_links":{"self":[{"href":"https:\/\/www.web-rr.de\/GHS-Buecherei\/index.php\/wp-json\/wp\/v2\/pages\/3962"}],"collection":[{"href":"https:\/\/www.web-rr.de\/GHS-Buecherei\/index.php\/wp-json\/wp\/v2\/pages"}],"about":[{"href":"https:\/\/www.web-rr.de\/GHS-Buecherei\/index.php\/wp-json\/wp\/v2\/types\/page"}],"author":[{"embeddable":true,"href":"https:\/\/www.web-rr.de\/GHS-Buecherei\/index.php\/wp-json\/wp\/v2\/users\/1"}],"replies":[{"embeddable":true,"href":"https:\/\/www.web-rr.de\/GHS-Buecherei\/index.php\/wp-json\/wp\/v2\/comments?post=3962"}],"version-history":[{"count":0,"href":"https:\/\/www.web-rr.de\/GHS-Buecherei\/index.php\/wp-json\/wp\/v2\/pages\/3962\/revisions"}],"wp:attachment":[{"href":"https:\/\/www.web-rr.de\/GHS-Buecherei\/index.php\/wp-json\/wp\/v2\/media?parent=3962"}],"curies":[{"name":"wp","href":"https:\/\/api.w.org\/{rel}","templated":true}]}}