{"id":3949,"date":"2021-02-23T20:00:00","date_gmt":"2021-02-23T20:00:00","guid":{"rendered":"https:\/\/www.web-rr.de\/GHS-Buecherei\/?page_id=3949"},"modified":"2021-02-22T23:59:59","modified_gmt":"2021-02-22T23:59:59","slug":"p9783864550386","status":"publish","type":"page","link":"https:\/\/www.web-rr.de\/GHS-Buecherei\/index.php\/p9783864550386\/","title":{"rendered":"Englisch &#8211; Gef\u00fchle 08"},"content":{"rendered":"<table><tbody><tr><td class='rDTitel' colspan='2'>Der kleine gelbe Vogel \/ The Little Yellow Bird: erkl\u00e4rt die Liebe \/ Describes Love<\/td><\/tr><tr><td><span class='rDLabel1'>Status: <\/span><span class='rDText1Gruen'>vorhanden<\/span><\/td><td><span class='rDLabel1'>Antolin: <\/span><span class='rDText1Rot'>Quiz nicht vorhanden.<\/span><\/td><\/tr><tr><td width=50%><img src='https:\/\/www.web-rr.de\/GHS-Buecherei\/wp-content\/uploads\/9783864550386.jpg' alt=''><\/td><td><p class='rDLabel2'>von <span class='rDText2'>Cecilia Hardenberg<\/span><\/p><p class='rDLabel2'>Verlag: <span class='rDText2'>edition fischer,  2015,  14.95 \u20ac<\/span><\/p><p class='rDLabel2'>B\u00fccherei-Barcode: <span class='rDText2'>9783864550386<\/span><\/p><p class='rDLabel2'>In der B\u00fccherei erfasst am: <span class='rDText2'>01.05.2016<\/span><\/p><p class='rDLabel2'>Stichw\u00f6rter: <span class='rDText2'>Englisch, Deutsch, Prinzessin, Freundschaft<\/span><\/p><p class='rDLabel2'>Lesealter ca. <span class='rDText2'>-<\/span><span class='rDLabel2'> Jahre<\/span><\/p><p class='rDLabel2'>Das Buch wurde <span class='rDText2'>0<\/span><span class='rDLabel2'> mal gelesen.<\/span><\/p><\/td><\/tr><tr><td colspan='2'><p class='rDLabel1'>Inhalt:<\/p><span class='rDText2'>Als die kleine Prinzessin dem kleinen gelben Vogel begegnet, ist sie von seiner Sch\u00f6nheit hingerissen. Kurzerhand schlie\u00dfen die beiden Freundschaft. Froh, einen Gef\u00e4hrten gefunden zu haben, m\u00f6chte die kleine Prinzessin den kleinen gelben Vogel nicht mehr verlieren. Da sie jedoch die Werte einer Freundschaft und der Liebe zu einem Freund verkennt, geraten die beiden immer tiefer in ein philosophisches Gespr\u00e4ch. Voller Hingabe und Geduld erkl\u00e4rt ihr der kleine gelbe Vogel auf sehr anr\u00fchrende Weise, was Liebe ist. Und dabei lernt sie ihre wichtigste Lektion . .<\/span><\/td><\/tr><tr><td colspan='2'><a href='#' onclick='history.back(); return false'>Zur\u00fcck<\/a><\/td><\/tr><\/tbody><\/table>\n","protected":false},"excerpt":{"rendered":"","protected":false},"author":1,"featured_media":0,"parent":0,"menu_order":0,"comment_status":"closed","ping_status":"closed","template":"","meta":[],"_links":{"self":[{"href":"https:\/\/www.web-rr.de\/GHS-Buecherei\/index.php\/wp-json\/wp\/v2\/pages\/3949"}],"collection":[{"href":"https:\/\/www.web-rr.de\/GHS-Buecherei\/index.php\/wp-json\/wp\/v2\/pages"}],"about":[{"href":"https:\/\/www.web-rr.de\/GHS-Buecherei\/index.php\/wp-json\/wp\/v2\/types\/page"}],"author":[{"embeddable":true,"href":"https:\/\/www.web-rr.de\/GHS-Buecherei\/index.php\/wp-json\/wp\/v2\/users\/1"}],"replies":[{"embeddable":true,"href":"https:\/\/www.web-rr.de\/GHS-Buecherei\/index.php\/wp-json\/wp\/v2\/comments?post=3949"}],"version-history":[{"count":0,"href":"https:\/\/www.web-rr.de\/GHS-Buecherei\/index.php\/wp-json\/wp\/v2\/pages\/3949\/revisions"}],"wp:attachment":[{"href":"https:\/\/www.web-rr.de\/GHS-Buecherei\/index.php\/wp-json\/wp\/v2\/media?parent=3949"}],"curies":[{"name":"wp","href":"https:\/\/api.w.org\/{rel}","templated":true}]}}