{"id":3908,"date":"2021-02-23T20:00:00","date_gmt":"2021-02-23T20:00:00","guid":{"rendered":"https:\/\/www.web-rr.de\/GHS-Buecherei\/?page_id=3908"},"modified":"2021-02-22T23:59:59","modified_gmt":"2021-02-22T23:59:59","slug":"p9783196095944","status":"publish","type":"page","link":"https:\/\/www.web-rr.de\/GHS-Buecherei\/index.php\/p9783196095944\/","title":{"rendered":"Englisch &#8211; Allgemeines 21"},"content":{"rendered":"<table><tbody><tr><td class='rDTitel' colspan='2'>Wie pinkelt eigentlich ein Huhn? Kinderbuch Deutsch-Englisch: So, how does a chicken pee?<\/td><\/tr><tr><td><span class='rDLabel1'>Status: <\/span><span class='rDText1Gruen'>vorhanden<\/span><\/td><td><span class='rDLabel1'>Antolin: <\/span><span class='rDText1Rot'>Quiz nicht vorhanden.<\/span><\/td><\/tr><tr><td width=50%><img src='https:\/\/www.web-rr.de\/GHS-Buecherei\/wp-content\/uploads\/9783196095944.jpg' alt=''><\/td><td><p class='rDLabel2'>von <span class='rDText2'>Sabine Busche<\/span><\/p><p class='rDLabel2'>Verlag: <span class='rDText2'>Hueber,  2010,  17.95 \u20ac<\/span><\/p><p class='rDLabel2'>B\u00fccherei-Barcode: <span class='rDText2'>9783196095944<\/span><\/p><p class='rDLabel2'>In der B\u00fccherei erfasst am: <span class='rDText2'>01.04.2014<\/span><\/p><p class='rDLabel2'>Stichw\u00f6rter: <span class='rDText2'>Englisch, Deutsch, Tiere<\/span><\/p><p class='rDLabel2'>Lesealter ca. <span class='rDText2'>-<\/span><span class='rDLabel2'> Jahre<\/span><\/p><p class='rDLabel2'>Das Buch wurde <span class='rDText2'>1<\/span><span class='rDLabel2'> mal gelesen.<\/span><\/p><\/td><\/tr><tr><td colspan='2'><p class='rDLabel1'>Inhalt:<\/p><span class='rDText2'>Zielgruppe: Kinder ab 5 Jahren Ein neuer Fall f\u00fcr Sherlock, den besten und ber\u00fchmtesten Maulwurf-Detektiv der Welt: Findet er heraus, wie die H\u00fchner Pipi machen? Der Maulwurf Sherlock ist ein alter Hase in Sachen Detektivarbeit \u2013 viele Dinge hat er schon herausgefunden. Als der kleine Nils wissen m\u00f6chte, wie H\u00fchner Pipi machen, nimmt er mit Feuereifer die Ermittlungen auf, die ihn auf den Bauernhof f\u00fchren. Der Fall ist jedoch kniffliger, als es zun\u00e4chst scheint, und es dauert eine ganze Weile, bis Sherlock zu einer verbl\u00fcffenden Erkenntnis gelangt\u2026 Eine spannende Detektivgeschichte, mit farbenfrohen Illustrationen voller witziger Details. Dem Buch ist eine CD beigef\u00fcgt, auf der die Geschichte in mehreren Sprachen von Muttersprachlern vorgelesen wird. Zus\u00e4tzlich findet sich hinten im Buch eine zweisprachige Liste der wichtigsten Begriffe aus dem Text.<\/span><\/td><\/tr><tr><td colspan='2'><a href='#' onclick='history.back(); return false'>Zur\u00fcck<\/a><\/td><\/tr><\/tbody><\/table>\n","protected":false},"excerpt":{"rendered":"","protected":false},"author":1,"featured_media":0,"parent":0,"menu_order":0,"comment_status":"closed","ping_status":"closed","template":"","meta":[],"_links":{"self":[{"href":"https:\/\/www.web-rr.de\/GHS-Buecherei\/index.php\/wp-json\/wp\/v2\/pages\/3908"}],"collection":[{"href":"https:\/\/www.web-rr.de\/GHS-Buecherei\/index.php\/wp-json\/wp\/v2\/pages"}],"about":[{"href":"https:\/\/www.web-rr.de\/GHS-Buecherei\/index.php\/wp-json\/wp\/v2\/types\/page"}],"author":[{"embeddable":true,"href":"https:\/\/www.web-rr.de\/GHS-Buecherei\/index.php\/wp-json\/wp\/v2\/users\/1"}],"replies":[{"embeddable":true,"href":"https:\/\/www.web-rr.de\/GHS-Buecherei\/index.php\/wp-json\/wp\/v2\/comments?post=3908"}],"version-history":[{"count":0,"href":"https:\/\/www.web-rr.de\/GHS-Buecherei\/index.php\/wp-json\/wp\/v2\/pages\/3908\/revisions"}],"wp:attachment":[{"href":"https:\/\/www.web-rr.de\/GHS-Buecherei\/index.php\/wp-json\/wp\/v2\/media?parent=3908"}],"curies":[{"name":"wp","href":"https:\/\/api.w.org\/{rel}","templated":true}]}}