{"id":3907,"date":"2021-02-23T20:00:00","date_gmt":"2021-02-23T20:00:00","guid":{"rendered":"https:\/\/www.web-rr.de\/GHS-Buecherei\/?page_id=3907"},"modified":"2021-02-22T23:59:59","modified_gmt":"2021-02-22T23:59:59","slug":"p9783981779523","status":"publish","type":"page","link":"https:\/\/www.web-rr.de\/GHS-Buecherei\/index.php\/p9783981779523\/","title":{"rendered":"Englisch &#8211; Allgemeines 20"},"content":{"rendered":"<table><tbody><tr><td class='rDTitel' colspan='2'>Arved \u2013 der Fischerk\u00f6nig \/\/ Arved, King of the Fishermen<\/td><\/tr><tr><td><span class='rDLabel1'>Status: <\/span><span class='rDText1Gruen'>vorhanden<\/span><\/td><td><span class='rDLabel1'>Antolin: <\/span><span class='rDText1Rot'>Quiz nicht vorhanden.<\/span><\/td><\/tr><tr><td width=50%><img src='https:\/\/www.web-rr.de\/GHS-Buecherei\/wp-content\/uploads\/9783981779523.jpg' alt=''><\/td><td><p class='rDLabel2'>von <span class='rDText2'>Melanie Bertram<\/span><\/p><p class='rDLabel2'>Verlag: <span class='rDText2'>Chocolate Flowers,  2016,  21.90 \u20ac<\/span><\/p><p class='rDLabel2'>B\u00fccherei-Barcode: <span class='rDText2'>9783981779523<\/span><\/p><p class='rDLabel2'>In der B\u00fccherei erfasst am: <span class='rDText2'>02.11.2018<\/span><\/p><p class='rDLabel2'>Stichw\u00f6rter: <span class='rDText2'>Deutsch - Englisch, King, Fischermen, K\u00f6nig, Fischer<\/span><\/p><p class='rDLabel2'>Lesealter ca. <span class='rDText2'>-<\/span><span class='rDLabel2'> Jahre<\/span><\/p><p class='rDLabel2'>Das Buch wurde <span class='rDText2'>1<\/span><span class='rDLabel2'> mal gelesen.<\/span><\/p><\/td><\/tr><tr><td colspan='2'><p class='rDLabel1'>Inhalt:<\/p><span class='rDText2'>Arved macht mit seiner ganzen Familie Urlaub in einem kleinen roten H\u00e4uschen in Schweden, das ein altes Geheimnis birgt. Der Sage nach lebte hier einmal der Fischerk\u00f6nig \u2013 ein armer Bauernsohn, der durch sein gro\u00dfes Talent als Fischer schlie\u00dflich K\u00f6nig von Schweden wurde. In alter Tradition darf sich nun jeder Fischerk\u00f6nig nennen, der in seiner Zeit in der H\u00fctte den allergr\u00f6\u00dften Fisch aus dem See angelt. Das l\u00e4sst sich Arved nat\u00fcrlich nicht zweimal sagen! Gemeinsam mit Oma Anna geht es raus auf den See \u2013 und die kennt sich aus. Trotzdem fangen sie nur winzig kleine Fische \u2013 Arved ist entt\u00e4uscht. Kurz vorm Ende des Sommers hat er immer noch keinen gro\u00dfen Fang gemacht. Am Tag vor der Abreise wagen sich Arved und Oma Anna in aller Fr\u00fche ein letztes Mal auf den See \u2013 wird Arved am Ende doch noch Fischerk\u00f6nig?<\/span><\/td><\/tr><tr><td colspan='2'><a href='#' onclick='history.back(); return false'>Zur\u00fcck<\/a><\/td><\/tr><\/tbody><\/table>\n","protected":false},"excerpt":{"rendered":"","protected":false},"author":1,"featured_media":0,"parent":0,"menu_order":0,"comment_status":"closed","ping_status":"closed","template":"","meta":[],"_links":{"self":[{"href":"https:\/\/www.web-rr.de\/GHS-Buecherei\/index.php\/wp-json\/wp\/v2\/pages\/3907"}],"collection":[{"href":"https:\/\/www.web-rr.de\/GHS-Buecherei\/index.php\/wp-json\/wp\/v2\/pages"}],"about":[{"href":"https:\/\/www.web-rr.de\/GHS-Buecherei\/index.php\/wp-json\/wp\/v2\/types\/page"}],"author":[{"embeddable":true,"href":"https:\/\/www.web-rr.de\/GHS-Buecherei\/index.php\/wp-json\/wp\/v2\/users\/1"}],"replies":[{"embeddable":true,"href":"https:\/\/www.web-rr.de\/GHS-Buecherei\/index.php\/wp-json\/wp\/v2\/comments?post=3907"}],"version-history":[{"count":0,"href":"https:\/\/www.web-rr.de\/GHS-Buecherei\/index.php\/wp-json\/wp\/v2\/pages\/3907\/revisions"}],"wp:attachment":[{"href":"https:\/\/www.web-rr.de\/GHS-Buecherei\/index.php\/wp-json\/wp\/v2\/media?parent=3907"}],"curies":[{"name":"wp","href":"https:\/\/api.w.org\/{rel}","templated":true}]}}