{"id":3848,"date":"2021-02-23T20:00:00","date_gmt":"2021-02-23T20:00:00","guid":{"rendered":"https:\/\/www.web-rr.de\/GHS-Buecherei\/?page_id=3848"},"modified":"2021-02-22T23:59:59","modified_gmt":"2021-02-22T23:59:59","slug":"p9783423640480","status":"publish","type":"page","link":"https:\/\/www.web-rr.de\/GHS-Buecherei\/index.php\/p9783423640480\/","title":{"rendered":"Detektive 77"},"content":{"rendered":"<table><tbody><tr><td class='rDTitel' colspan='2'>Die Blaubeerdetektive (1) Gefahr f\u00fcr den Inselwald! - Die Blaubeerdetektiv-Reihe 1 - Reihe Hanser<\/td><\/tr><tr><td><span class='rDLabel1'>Status: <\/span><span class='rDText1Gruen'>vorhanden<\/span><\/td><td><span class='rDLabel1'>Antolin: <\/span><span class='rDText1Gruen'>ja, Empfehlung Klasse 4<\/span><\/td><\/tr><tr><td width=50%><img src='https:\/\/www.web-rr.de\/GHS-Buecherei\/wp-content\/uploads\/9783423640480.jpg' alt=''><\/td><td><p class='rDLabel2'>von <span class='rDText2'>Pertti Kivinen<\/span><\/p><p class='rDLabel2'>Verlag: <span class='rDText2'>DTV,  2019,  12.95 \u20ac<\/span><\/p><p class='rDLabel2'>B\u00fccherei-Barcode: <span class='rDText2'>9783423640480<\/span><\/p><p class='rDLabel2'>In der B\u00fccherei erfasst am: <span class='rDText2'>13.01.2020<\/span><\/p><p class='rDLabel2'>Stichw\u00f6rter: <span class='rDText2'>Freunde, Finnland, Wald<\/span><\/p><p class='rDLabel2'>Lesealter ca. <span class='rDText2'>8<\/span><span class='rDLabel2'> Jahre<\/span><\/p><p class='rDLabel2'>Das Buch wurde <span class='rDText2'>0<\/span><span class='rDLabel2'> mal gelesen.<\/span><\/p><\/td><\/tr><tr><td colspan='2'><p class='rDLabel1'>Inhalt:<\/p><span class='rDText2'>Vier Freunde, ein Hund und ein gro\u00dfes Sommerabenteuer in Finnland\n\r\n\rF\u00fcr Liebhaber skandinavischer Krimis Wenn der S\u00e4gewerkbesitzer M\u00e4kel\u00e4 pl\u00f6tzlich zu allen Leuten freundlich ist, kann irgendwas nicht stimmen. Davon sind die Blaubeerdetektive Samu, Alma, Selma und Olli \u00fcberzeugt. M\u00e4kel\u00e4 ist n\u00e4mlich als der gr\u00f6\u00dfte Miesepampel weit und breit bekannt. Als einer, der nichts umsonst macht - nicht mal l\u00e4cheln. Ganz klar, der hat was Fieses vor, und die Detektive wissen auch bald, was: Er will ein uraltes gesch\u00fctztes Eichenw\u00e4ldchen abholzen. Angeblich sind die B\u00e4ume vom gef\u00e4hrlichen Borkenk\u00e4fer befallen. Aber warum bestellt er dann genau solche K\u00e4fer aus dem Internet? Weil er sie \u00fcberhaupt erst aussetzen will, darum! Das ist sein Plan, aber die Blaubeerdetektive haben einen besseren. Sie werden die K\u00e4fer vertauschen. Gegen M\u00fccken und H\u00fchnerfl\u00f6he. Die machen sich nichts aus Eichen - aber aus Menschen, die nachts im Wald herumschleichen!<\/span><\/td><\/tr><tr><td colspan='2'><a href='#' onclick='history.back(); return false'>Zur\u00fcck<\/a><\/td><\/tr><\/tbody><\/table>\n","protected":false},"excerpt":{"rendered":"","protected":false},"author":1,"featured_media":0,"parent":0,"menu_order":0,"comment_status":"closed","ping_status":"closed","template":"","meta":[],"_links":{"self":[{"href":"https:\/\/www.web-rr.de\/GHS-Buecherei\/index.php\/wp-json\/wp\/v2\/pages\/3848"}],"collection":[{"href":"https:\/\/www.web-rr.de\/GHS-Buecherei\/index.php\/wp-json\/wp\/v2\/pages"}],"about":[{"href":"https:\/\/www.web-rr.de\/GHS-Buecherei\/index.php\/wp-json\/wp\/v2\/types\/page"}],"author":[{"embeddable":true,"href":"https:\/\/www.web-rr.de\/GHS-Buecherei\/index.php\/wp-json\/wp\/v2\/users\/1"}],"replies":[{"embeddable":true,"href":"https:\/\/www.web-rr.de\/GHS-Buecherei\/index.php\/wp-json\/wp\/v2\/comments?post=3848"}],"version-history":[{"count":0,"href":"https:\/\/www.web-rr.de\/GHS-Buecherei\/index.php\/wp-json\/wp\/v2\/pages\/3848\/revisions"}],"wp:attachment":[{"href":"https:\/\/www.web-rr.de\/GHS-Buecherei\/index.php\/wp-json\/wp\/v2\/media?parent=3848"}],"curies":[{"name":"wp","href":"https:\/\/api.w.org\/{rel}","templated":true}]}}