{"id":3834,"date":"2021-02-23T20:00:00","date_gmt":"2021-02-23T20:00:00","guid":{"rendered":"https:\/\/www.web-rr.de\/GHS-Buecherei\/?page_id=3834"},"modified":"2021-02-22T23:59:59","modified_gmt":"2021-02-22T23:59:59","slug":"p9783570138564","status":"publish","type":"page","link":"https:\/\/www.web-rr.de\/GHS-Buecherei\/index.php\/p9783570138564\/","title":{"rendered":"Detektive 63"},"content":{"rendered":"<table><tbody><tr><td class='rDTitel' colspan='2'>Das Geheimnis der schwarzen Dschunke (Finde den T\u00e4ter - Wimmelbild-Ratekrimis, Band 6)<\/td><\/tr><tr><td><span class='rDLabel1'>Status: <\/span><span class='rDText1Gruen'>vorhanden<\/span><\/td><td><span class='rDLabel1'>Antolin: <\/span><span class='rDText1Gruen'>ja, Empfehlung Klasse 5<\/span><\/td><\/tr><tr><td width=50%><img src='https:\/\/www.web-rr.de\/GHS-Buecherei\/wp-content\/uploads\/9783570138564.jpg' alt=''><\/td><td><p class='rDLabel2'>von <span class='rDText2'>Julian Press<\/span><\/p><p class='rDLabel2'>Verlag: <span class='rDText2'>cbj,  2010,  9.99 \u20ac<\/span><\/p><p class='rDLabel2'>B\u00fccherei-Barcode: <span class='rDText2'>9783570138564<\/span><\/p><p class='rDLabel2'>In der B\u00fccherei erfasst am: <span class='rDText2'>14.01.2019<\/span><\/p><p class='rDLabel2'>Stichw\u00f6rter: <span class='rDText2'>Diamanten-Schmugglern, Diebe, Briefmarke, Entf\u00fchrung, Wimmelbilder, Gaunerjagd<\/span><\/p><p class='rDLabel2'>Lesealter ca. <span class='rDText2'>9<\/span><span class='rDLabel2'> Jahre<\/span><\/p><p class='rDLabel2'>Das Buch wurde <span class='rDText2'>0<\/span><span class='rDLabel2'> mal gelesen.<\/span><\/p><\/td><\/tr><tr><td colspan='2'><p class='rDLabel1'>Inhalt:<\/p><span class='rDText2'>Philip, Flo, Caro, Leo und Kommissar Lars teilen eine Leidenschaft: ungel\u00f6ste Detektivf\u00e4lle! Diesmal m\u00fcssen sie Dieben und Diamanten-Schmugglern das Handwerk legen, eine wertvolle Briefmarke wieder finden und die Entf\u00fchrung eines bekannten Wissenschaftlers aufkl\u00e4ren. Mit kriminalistischem Durchblick und adlerscharfen Augen gilt es, die entscheidenden Hinweise in den Wimmelbildern zu finden, bevor die aufregende Gaunerjagd auf der n\u00e4chsten Seite weitergehen kann. Ein gro\u00dfz\u00fcgiges Layout, kurze Texte und wunderbare Wimmelbilder machen das Mitraten auch f\u00fcr weniger ge\u00fcbte Leser zum spannenden R\u00e4tselspa\u00df!<\/span><\/td><\/tr><tr><td colspan='2'><a href='#' onclick='history.back(); return false'>Zur\u00fcck<\/a><\/td><\/tr><\/tbody><\/table>\n","protected":false},"excerpt":{"rendered":"","protected":false},"author":1,"featured_media":0,"parent":0,"menu_order":0,"comment_status":"closed","ping_status":"closed","template":"","meta":[],"_links":{"self":[{"href":"https:\/\/www.web-rr.de\/GHS-Buecherei\/index.php\/wp-json\/wp\/v2\/pages\/3834"}],"collection":[{"href":"https:\/\/www.web-rr.de\/GHS-Buecherei\/index.php\/wp-json\/wp\/v2\/pages"}],"about":[{"href":"https:\/\/www.web-rr.de\/GHS-Buecherei\/index.php\/wp-json\/wp\/v2\/types\/page"}],"author":[{"embeddable":true,"href":"https:\/\/www.web-rr.de\/GHS-Buecherei\/index.php\/wp-json\/wp\/v2\/users\/1"}],"replies":[{"embeddable":true,"href":"https:\/\/www.web-rr.de\/GHS-Buecherei\/index.php\/wp-json\/wp\/v2\/comments?post=3834"}],"version-history":[{"count":0,"href":"https:\/\/www.web-rr.de\/GHS-Buecherei\/index.php\/wp-json\/wp\/v2\/pages\/3834\/revisions"}],"wp:attachment":[{"href":"https:\/\/www.web-rr.de\/GHS-Buecherei\/index.php\/wp-json\/wp\/v2\/media?parent=3834"}],"curies":[{"name":"wp","href":"https:\/\/api.w.org\/{rel}","templated":true}]}}