{"id":3833,"date":"2021-02-23T20:00:00","date_gmt":"2021-02-23T20:00:00","guid":{"rendered":"https:\/\/www.web-rr.de\/GHS-Buecherei\/?page_id=3833"},"modified":"2021-02-22T23:59:59","modified_gmt":"2021-02-22T23:59:59","slug":"p9783446239135","status":"publish","type":"page","link":"https:\/\/www.web-rr.de\/GHS-Buecherei\/index.php\/p9783446239135\/","title":{"rendered":"Detektive 62"},"content":{"rendered":"<table><tbody><tr><td class='rDTitel' colspan='2'>Ida, Paul und die D\u00f6deldetektive<\/td><\/tr><tr><td><span class='rDLabel1'>Status: <\/span><span class='rDText1Gruen'>vorhanden<\/span><\/td><td><span class='rDLabel1'>Antolin: <\/span><span class='rDText1Gruen'>ja, Empfehlung Klasse 3<\/span><\/td><\/tr><tr><td width=50%><img src='https:\/\/www.web-rr.de\/GHS-Buecherei\/wp-content\/uploads\/9783446239135.jpg' alt=''><\/td><td><p class='rDLabel2'>von <span class='rDText2'>Mikael Engstr\u00f6m<\/span><\/p><p class='rDLabel2'>Verlag: <span class='rDText2'>Carl Hanser Verlag GmbH & Co. KG,  2012,  9.90 \u20ac<\/span><\/p><p class='rDLabel2'>B\u00fccherei-Barcode: <span class='rDText2'>9783446239135<\/span><\/p><p class='rDLabel2'>In der B\u00fccherei erfasst am: <span class='rDText2'>14.01.2019<\/span><\/p><p class='rDLabel2'>Stichw\u00f6rter: <span class='rDText2'>Belohnung, Freundschaft, Mut, Spannung, Krimi<\/span><\/p><p class='rDLabel2'>Lesealter ca. <span class='rDText2'>7<\/span><span class='rDLabel2'> Jahre<\/span><\/p><p class='rDLabel2'>Das Buch wurde <span class='rDText2'>0<\/span><span class='rDLabel2'> mal gelesen.<\/span><\/p><\/td><\/tr><tr><td colspan='2'><p class='rDLabel1'>Inhalt:<\/p><span class='rDText2'>Klar - es war nicht richtig, dass Ida und Paul neben der Schule \u00fcber den Zaun auf die Baustelle geklettert sind. Und logisch - Paul h\u00e4tte kein \u00d6lfass in das Feuerchen der Bauarbeiter rollen sollen. Aber zum Gl\u00fcck ist ja nichts passiert, und gesehen hat auch keiner was. Wenn nur der Direktor keine Belohnung f\u00fcr die Ergreifung der Misset\u00e4ter ausgesetzt h\u00e4tte! Und wenn Tim und Tom sich die Belohnung nicht unbedingt verdienen wollten! Die \u201eD\u00f6deldetektive\u201c, wie Ida sie nennt, haben sogar einen Beweis: Pauls angekokelte Turnschuhe. Doch da hat Ida eine rettende Idee \u2026 Ein spannendes Kinderbuch \u00fcber Freundschaft und den Mut, zu seinen Fehlern zu stehen.<\/span><\/td><\/tr><tr><td colspan='2'><a href='#' onclick='history.back(); return false'>Zur\u00fcck<\/a><\/td><\/tr><\/tbody><\/table>\n","protected":false},"excerpt":{"rendered":"","protected":false},"author":1,"featured_media":0,"parent":0,"menu_order":0,"comment_status":"closed","ping_status":"closed","template":"","meta":[],"_links":{"self":[{"href":"https:\/\/www.web-rr.de\/GHS-Buecherei\/index.php\/wp-json\/wp\/v2\/pages\/3833"}],"collection":[{"href":"https:\/\/www.web-rr.de\/GHS-Buecherei\/index.php\/wp-json\/wp\/v2\/pages"}],"about":[{"href":"https:\/\/www.web-rr.de\/GHS-Buecherei\/index.php\/wp-json\/wp\/v2\/types\/page"}],"author":[{"embeddable":true,"href":"https:\/\/www.web-rr.de\/GHS-Buecherei\/index.php\/wp-json\/wp\/v2\/users\/1"}],"replies":[{"embeddable":true,"href":"https:\/\/www.web-rr.de\/GHS-Buecherei\/index.php\/wp-json\/wp\/v2\/comments?post=3833"}],"version-history":[{"count":0,"href":"https:\/\/www.web-rr.de\/GHS-Buecherei\/index.php\/wp-json\/wp\/v2\/pages\/3833\/revisions"}],"wp:attachment":[{"href":"https:\/\/www.web-rr.de\/GHS-Buecherei\/index.php\/wp-json\/wp\/v2\/media?parent=3833"}],"curies":[{"name":"wp","href":"https:\/\/api.w.org\/{rel}","templated":true}]}}