{"id":3821,"date":"2021-02-23T20:00:00","date_gmt":"2021-02-23T20:00:00","guid":{"rendered":"https:\/\/www.web-rr.de\/GHS-Buecherei\/?page_id=3821"},"modified":"2021-02-22T23:59:59","modified_gmt":"2021-02-22T23:59:59","slug":"p9783836958981","status":"publish","type":"page","link":"https:\/\/www.web-rr.de\/GHS-Buecherei\/index.php\/p9783836958981\/","title":{"rendered":"Detektive 50"},"content":{"rendered":"<table><tbody><tr><td class='rDTitel' colspan='2'>Das Geheimnis der B\u00e4renh\u00f6hle: Botzplitz! Ein Opa f\u00fcr alle F\u00e4lle<\/td><\/tr><tr><td><span class='rDLabel1'>Status: <\/span><span class='rDText1Gruen'>vorhanden<\/span><\/td><td><span class='rDLabel1'>Antolin: <\/span><span class='rDText1Gruen'>ja, Empfehlung Klasse 4<\/span><\/td><\/tr><tr><td width=50%><img src='https:\/\/www.web-rr.de\/GHS-Buecherei\/wp-content\/uploads\/9783836958981.jpg' alt=''><\/td><td><p class='rDLabel2'>von <span class='rDText2'>Sabrina J. Kirschner und Susanne G\u00f6hlich<\/span><\/p><p class='rDLabel2'>Verlag: <span class='rDText2'>Gerstenberg Verlag GmbH & Co. KG,  2016,  12.95 \u20ac<\/span><\/p><p class='rDLabel2'>B\u00fccherei-Barcode: <span class='rDText2'>9783836958981<\/span><\/p><p class='rDLabel2'>In der B\u00fccherei erfasst am: <span class='rDText2'>04.08.2018<\/span><\/p><p class='rDLabel2'>Stichw\u00f6rter: <span class='rDText2'>Campingurlaub, Bergrutsch, Ganoven<\/span><\/p><p class='rDLabel2'>Lesealter ca. <span class='rDText2'>8<\/span><span class='rDLabel2'> Jahre<\/span><\/p><p class='rDLabel2'>Das Buch wurde <span class='rDText2'>0<\/span><span class='rDLabel2'> mal gelesen.<\/span><\/p><\/td><\/tr><tr><td colspan='2'><p class='rDLabel1'>Inhalt:<\/p><span class='rDText2'>Campingurlaub mit Opa. Langeweile-Garantie pur. Wenn sich die Br\u00fcder Linus und Finn da aber mal nicht gewaltig t\u00e4uschen! Hans Botzplitz ist schlie\u00dflich kein gew\u00f6hnlicher Opa. Er ist ein privater Ermittler - okay, war - jetzt ist er Rentner ... Mit ziemlich vielen ungel\u00f6sten F\u00e4llen und noch mehr alten Feinden, die nur darauf warten, dem alten Haudegen einen Denkzettel zu verpassen. Kaum angekommen in dem abgelegenen Bergtal geschehen seltsame Dinge - ein Feuer bricht aus und dann wird durch einen Bergrutsch auch noch der einzige Zugang zum Tal versch\u00fcttet - die Kinder bleiben allein zur\u00fcck. Alle Spuren f\u00fchren zu Bertie, einem von Opas alten Widersachern ... und zu Botzplitz' geheimem Notizbuch ... Zum Gl\u00fcck mangelt es den Br\u00fcdern Botzplitz weder an Einfallsreichtum noch der n\u00f6tigen Unterst\u00fctzung: Zusammen mit Wohnmobil Rudi und Camperin Charlotte lehren sie so manchen Ganoven das F\u00fcrchten!<\/span><\/td><\/tr><tr><td colspan='2'><a href='#' onclick='history.back(); return false'>Zur\u00fcck<\/a><\/td><\/tr><\/tbody><\/table>\n","protected":false},"excerpt":{"rendered":"","protected":false},"author":1,"featured_media":0,"parent":0,"menu_order":0,"comment_status":"closed","ping_status":"closed","template":"","meta":[],"_links":{"self":[{"href":"https:\/\/www.web-rr.de\/GHS-Buecherei\/index.php\/wp-json\/wp\/v2\/pages\/3821"}],"collection":[{"href":"https:\/\/www.web-rr.de\/GHS-Buecherei\/index.php\/wp-json\/wp\/v2\/pages"}],"about":[{"href":"https:\/\/www.web-rr.de\/GHS-Buecherei\/index.php\/wp-json\/wp\/v2\/types\/page"}],"author":[{"embeddable":true,"href":"https:\/\/www.web-rr.de\/GHS-Buecherei\/index.php\/wp-json\/wp\/v2\/users\/1"}],"replies":[{"embeddable":true,"href":"https:\/\/www.web-rr.de\/GHS-Buecherei\/index.php\/wp-json\/wp\/v2\/comments?post=3821"}],"version-history":[{"count":0,"href":"https:\/\/www.web-rr.de\/GHS-Buecherei\/index.php\/wp-json\/wp\/v2\/pages\/3821\/revisions"}],"wp:attachment":[{"href":"https:\/\/www.web-rr.de\/GHS-Buecherei\/index.php\/wp-json\/wp\/v2\/media?parent=3821"}],"curies":[{"name":"wp","href":"https:\/\/api.w.org\/{rel}","templated":true}]}}