{"id":3817,"date":"2021-02-23T20:00:00","date_gmt":"2021-02-23T20:00:00","guid":{"rendered":"https:\/\/www.web-rr.de\/GHS-Buecherei\/?page_id=3817"},"modified":"2021-02-22T23:59:59","modified_gmt":"2021-02-22T23:59:59","slug":"p9783522183659","status":"publish","type":"page","link":"https:\/\/www.web-rr.de\/GHS-Buecherei\/index.php\/p9783522183659\/","title":{"rendered":"Detektive 46"},"content":{"rendered":"<table><tbody><tr><td class='rDTitel' colspan='2'>Humphrey Hase, Schokotaler aus Schottland<\/td><\/tr><tr><td><span class='rDLabel1'>Status: <\/span><span class='rDText1Gruen'>vorhanden<\/span><\/td><td><span class='rDLabel1'>Antolin: <\/span><span class='rDText1Gruen'>ja, Empfehlung Klasse 4<\/span><\/td><\/tr><tr><td width=50%><img src='https:\/\/www.web-rr.de\/GHS-Buecherei\/wp-content\/uploads\/9783522183659.jpg' alt=''><\/td><td><p class='rDLabel2'>von <span class='rDText2'>Lucy Scharenberg<\/span><\/p><p class='rDLabel2'>Verlag: <span class='rDText2'>Thienemann ein Imprint der Thienemann-Esslinger Verlag GmbH,  2014,  9.99 \u20ac<\/span><\/p><p class='rDLabel2'>B\u00fccherei-Barcode: <span class='rDText2'>9783522183659<\/span><\/p><p class='rDLabel2'>In der B\u00fccherei erfasst am: <span class='rDText2'>01.05.2017<\/span><\/p><p class='rDLabel2'>Stichw\u00f6rter: <span class='rDText2'>Krimi, Falschgeld<\/span><\/p><p class='rDLabel2'>Lesealter ca. <span class='rDText2'>8<\/span><span class='rDLabel2'> Jahre<\/span><\/p><p class='rDLabel2'>Das Buch wurde <span class='rDText2'>0<\/span><span class='rDLabel2'> mal gelesen.<\/span><\/p><\/td><\/tr><tr><td colspan='2'><p class='rDLabel1'>Inhalt:<\/p><span class='rDText2'>Ein b\u00f6ser Verbrecher bringt Falschgeld in Chick-Cago in Umlauf: Schokotaler! Ob der Zirkus, der seit Kurzem in der Stadt ist, etwas damit zu tun hat? Die ganze Stadt ist in Aufruhr, weil jeder pl\u00f6tzlich Schokotaler statt echtem Geld in den H\u00e4nden h\u00e4lt. Humphrey Hase ist sich sicher - er knackt auch diesen verzwickten Fall! Seine Sekret\u00e4rin R\u00fcbchen und der Welpe Flohbob unterst\u00fctzen ihn dabei tatkr\u00e4ftig. Und so kommt Humphrey schlie\u00dflich dem Zoodirektor Edgar McM\u00e4h auf die Schliche - ein Schaf, das die Rechnung ohne den besten Detektiv der Stadt gemacht hat!<\/span><\/td><\/tr><tr><td colspan='2'><a href='#' onclick='history.back(); return false'>Zur\u00fcck<\/a><\/td><\/tr><\/tbody><\/table>\n","protected":false},"excerpt":{"rendered":"","protected":false},"author":1,"featured_media":0,"parent":0,"menu_order":0,"comment_status":"closed","ping_status":"closed","template":"","meta":[],"_links":{"self":[{"href":"https:\/\/www.web-rr.de\/GHS-Buecherei\/index.php\/wp-json\/wp\/v2\/pages\/3817"}],"collection":[{"href":"https:\/\/www.web-rr.de\/GHS-Buecherei\/index.php\/wp-json\/wp\/v2\/pages"}],"about":[{"href":"https:\/\/www.web-rr.de\/GHS-Buecherei\/index.php\/wp-json\/wp\/v2\/types\/page"}],"author":[{"embeddable":true,"href":"https:\/\/www.web-rr.de\/GHS-Buecherei\/index.php\/wp-json\/wp\/v2\/users\/1"}],"replies":[{"embeddable":true,"href":"https:\/\/www.web-rr.de\/GHS-Buecherei\/index.php\/wp-json\/wp\/v2\/comments?post=3817"}],"version-history":[{"count":0,"href":"https:\/\/www.web-rr.de\/GHS-Buecherei\/index.php\/wp-json\/wp\/v2\/pages\/3817\/revisions"}],"wp:attachment":[{"href":"https:\/\/www.web-rr.de\/GHS-Buecherei\/index.php\/wp-json\/wp\/v2\/media?parent=3817"}],"curies":[{"name":"wp","href":"https:\/\/api.w.org\/{rel}","templated":true}]}}