{"id":3805,"date":"2021-02-23T20:00:00","date_gmt":"2021-02-23T20:00:00","guid":{"rendered":"https:\/\/www.web-rr.de\/GHS-Buecherei\/?page_id=3805"},"modified":"2021-02-22T23:59:59","modified_gmt":"2021-02-22T23:59:59","slug":"p9783407799401","status":"publish","type":"page","link":"https:\/\/www.web-rr.de\/GHS-Buecherei\/index.php\/p9783407799401\/","title":{"rendered":"Detektive 33"},"content":{"rendered":"<table><tbody><tr><td class='rDTitel' colspan='2'>Grk und die Pelotti-Bande: Roman<\/td><\/tr><tr><td><span class='rDLabel1'>Status: <\/span><span class='rDText1Gruen'>vorhanden<\/span><\/td><td><span class='rDLabel1'>Antolin: <\/span><span class='rDText1Gruen'>ja, Empfehlung Klasse 5<\/span><\/td><\/tr><tr><td width=50%><img src='https:\/\/www.web-rr.de\/GHS-Buecherei\/wp-content\/uploads\/9783407799401.jpg' alt=''><\/td><td><p class='rDLabel2'>von <span class='rDText2'>Joshua Doder<\/span><\/p><p class='rDLabel2'>Verlag: <span class='rDText2'>Beltz und Gelberg,  2009,  12.90 \u20ac<\/span><\/p><p class='rDLabel2'>B\u00fccherei-Barcode: <span class='rDText2'>9783407799401<\/span><\/p><p class='rDLabel2'>In der B\u00fccherei erfasst am: <span class='rDText2'>01.04.2014<\/span><\/p><p class='rDLabel2'>Stichw\u00f6rter: <span class='rDText2'>Krimi, Hunde, Brasilien, S\u00fcdamerika, Regenwald, Tropen<\/span><\/p><p class='rDLabel2'>Lesealter ca. <span class='rDText2'>9<\/span><span class='rDLabel2'> Jahre<\/span><\/p><p class='rDLabel2'>Das Buch wurde <span class='rDText2'>1<\/span><span class='rDLabel2'> mal gelesen.<\/span><\/p><\/td><\/tr><tr><td colspan='2'><p class='rDLabel1'>Inhalt:<\/p><span class='rDText2'>Kaum sind die beiden Freunde aus Stanislavien zur\u00fcckgekehrt, stecken sie auch schon im n\u00e4chsten Abenteuer. Dieses Mal geht es nach S\u00fcdamerika.Nach dem spektakul\u00e4ren Verschwinden ihrer Eltern kommen Natasha und Max Raffifi bei Tim und seinen Eltern unter. Als die Geschwister aus der Zeitung erfahren, dass die Pelotti-Br\u00fcder wieder auf freiem Fu\u00df sind und die Banken in Brasilien ausrauben, ist es augenblicklich mit der Ruhe vorbei. Schlie\u00dflich war es niemand Geringerer als ihr Vater, der die Bande vor Jahren hinter Schloss und Riegel brachte. Zusammen mit Tim und Grk machen sich die Raffifis sofort auf den Weg nach S\u00fcdamerika, um der trickreichen Bande endlich das Handwerk zu legen. Dass Tim und Grk dabei entf\u00fchrt werden und dann auch noch mitten im brasilianischen Urwald landen, war eigentlich nicht geplant. Doch spektakul\u00e4re Ereignisse und schr\u00e4ge Abenteuer sind garantiert, wenn Tim und Grk auf Reisen gehen!<\/span><\/td><\/tr><tr><td colspan='2'><a href='#' onclick='history.back(); return false'>Zur\u00fcck<\/a><\/td><\/tr><\/tbody><\/table>\n","protected":false},"excerpt":{"rendered":"","protected":false},"author":1,"featured_media":0,"parent":0,"menu_order":0,"comment_status":"closed","ping_status":"closed","template":"","meta":[],"_links":{"self":[{"href":"https:\/\/www.web-rr.de\/GHS-Buecherei\/index.php\/wp-json\/wp\/v2\/pages\/3805"}],"collection":[{"href":"https:\/\/www.web-rr.de\/GHS-Buecherei\/index.php\/wp-json\/wp\/v2\/pages"}],"about":[{"href":"https:\/\/www.web-rr.de\/GHS-Buecherei\/index.php\/wp-json\/wp\/v2\/types\/page"}],"author":[{"embeddable":true,"href":"https:\/\/www.web-rr.de\/GHS-Buecherei\/index.php\/wp-json\/wp\/v2\/users\/1"}],"replies":[{"embeddable":true,"href":"https:\/\/www.web-rr.de\/GHS-Buecherei\/index.php\/wp-json\/wp\/v2\/comments?post=3805"}],"version-history":[{"count":0,"href":"https:\/\/www.web-rr.de\/GHS-Buecherei\/index.php\/wp-json\/wp\/v2\/pages\/3805\/revisions"}],"wp:attachment":[{"href":"https:\/\/www.web-rr.de\/GHS-Buecherei\/index.php\/wp-json\/wp\/v2\/media?parent=3805"}],"curies":[{"name":"wp","href":"https:\/\/api.w.org\/{rel}","templated":true}]}}