{"id":3796,"date":"2021-02-23T20:00:00","date_gmt":"2021-02-23T20:00:00","guid":{"rendered":"https:\/\/www.web-rr.de\/GHS-Buecherei\/?page_id=3796"},"modified":"2021-02-22T23:59:59","modified_gmt":"2021-02-22T23:59:59","slug":"p9783865913913","status":"publish","type":"page","link":"https:\/\/www.web-rr.de\/GHS-Buecherei\/index.php\/p9783865913913\/","title":{"rendered":"Detektive 21"},"content":{"rendered":"<table><tbody><tr><td class='rDTitel' colspan='2'>Die 3 vom Brombeerweg. Das verschwundene Flugzeug<\/td><\/tr><tr><td><span class='rDLabel1'>Status: <\/span><span class='rDText1Gruen'>vorhanden<\/span><\/td><td><span class='rDLabel1'>Antolin: <\/span><span class='rDText1Gruen'>ja, Empfehlung Klasse 3<\/span><\/td><\/tr><tr><td width=50%><img src='https:\/\/www.web-rr.de\/GHS-Buecherei\/wp-content\/uploads\/9783865913913.jpg' alt=''><\/td><td><p class='rDLabel2'>von <span class='rDText2'>Marion Birkigt<\/span><\/p><p class='rDLabel2'>Verlag: <span class='rDText2'>Gerth Medien,  2009,  4.95 \u20ac<\/span><\/p><p class='rDLabel2'>B\u00fccherei-Barcode: <span class='rDText2'>9783865913913<\/span><\/p><p class='rDLabel2'>In der B\u00fccherei erfasst am: <span class='rDText2'>01.04.2014<\/span><\/p><p class='rDLabel2'>Stichw\u00f6rter: <span class='rDText2'>Krimi<\/span><\/p><p class='rDLabel2'>Lesealter ca. <span class='rDText2'>7<\/span><span class='rDLabel2'> Jahre<\/span><\/p><p class='rDLabel2'>Das Buch wurde <span class='rDText2'>4<\/span><span class='rDLabel2'> mal gelesen.<\/span><\/p><\/td><\/tr><tr><td colspan='2'><p class='rDLabel1'>Inhalt:<\/p><span class='rDText2'>Warum d\u00fcrfen die drei Freunde aus dem Brombeerweg, Johnny, Tina und Mops, ihren Klassenkameraden Kai nicht besuchen, der seit Tagen in der Schule fehlt? Als sie es trotzdem versuchen, reagiert Kais Mutter verst\u00f6rt und will sie nicht zu ihm lassen. Irgendetwas stimmt da nicht. Blo\u00df was? Und was hat das kaputte Flugzeug, das sie in einem verlassenen Waldst\u00fcck gefunden haben, mit alldem zu tun? Als die drei Detektive endlich dahinter kommen, was wirklich los ist, beginnt eine spannende Verfolgungsjagd \u2026 F\u00fcr Kinder ab 6 Jahren.<\/span><\/td><\/tr><tr><td colspan='2'><a href='#' onclick='history.back(); return false'>Zur\u00fcck<\/a><\/td><\/tr><\/tbody><\/table>\n","protected":false},"excerpt":{"rendered":"","protected":false},"author":1,"featured_media":0,"parent":0,"menu_order":0,"comment_status":"closed","ping_status":"closed","template":"","meta":[],"_links":{"self":[{"href":"https:\/\/www.web-rr.de\/GHS-Buecherei\/index.php\/wp-json\/wp\/v2\/pages\/3796"}],"collection":[{"href":"https:\/\/www.web-rr.de\/GHS-Buecherei\/index.php\/wp-json\/wp\/v2\/pages"}],"about":[{"href":"https:\/\/www.web-rr.de\/GHS-Buecherei\/index.php\/wp-json\/wp\/v2\/types\/page"}],"author":[{"embeddable":true,"href":"https:\/\/www.web-rr.de\/GHS-Buecherei\/index.php\/wp-json\/wp\/v2\/users\/1"}],"replies":[{"embeddable":true,"href":"https:\/\/www.web-rr.de\/GHS-Buecherei\/index.php\/wp-json\/wp\/v2\/comments?post=3796"}],"version-history":[{"count":0,"href":"https:\/\/www.web-rr.de\/GHS-Buecherei\/index.php\/wp-json\/wp\/v2\/pages\/3796\/revisions"}],"wp:attachment":[{"href":"https:\/\/www.web-rr.de\/GHS-Buecherei\/index.php\/wp-json\/wp\/v2\/media?parent=3796"}],"curies":[{"name":"wp","href":"https:\/\/api.w.org\/{rel}","templated":true}]}}