{"id":3772,"date":"2021-02-23T20:00:00","date_gmt":"2021-02-23T20:00:00","guid":{"rendered":"https:\/\/www.web-rr.de\/GHS-Buecherei\/?page_id=3772"},"modified":"2021-02-22T23:59:59","modified_gmt":"2021-02-22T23:59:59","slug":"p9783499212116","status":"publish","type":"page","link":"https:\/\/www.web-rr.de\/GHS-Buecherei\/index.php\/p9783499212116\/","title":{"rendered":"Dahl 02"},"content":{"rendered":"<table><tbody><tr><td class='rDTitel' colspan='2'>Charlie und die Schokoladenfabrik<\/td><\/tr><tr><td><span class='rDLabel1'>Status: <\/span><span class='rDText1Gruen'>vorhanden<\/span><\/td><td><span class='rDLabel1'>Antolin: <\/span><span class='rDText1Gruen'>ja, Empfehlung Klasse 4<\/span><\/td><\/tr><tr><td width=50%><img src='https:\/\/www.web-rr.de\/GHS-Buecherei\/wp-content\/uploads\/9783499212116.jpg' alt=''><\/td><td><p class='rDLabel2'>von <span class='rDText2'>Roald Dahl<\/span><\/p><p class='rDLabel2'>Verlag: <span class='rDText2'>rororo,  2003,  6.99 \u20ac<\/span><\/p><p class='rDLabel2'>B\u00fccherei-Barcode: <span class='rDText2'>9783499212116<\/span><\/p><p class='rDLabel2'>In der B\u00fccherei erfasst am: <span class='rDText2'>01.04.2013<\/span><\/p><p class='rDLabel2'>Stichw\u00f6rter: <span class='rDText2'>Fantasie<\/span><\/p><p class='rDLabel2'>Lesealter ca. <span class='rDText2'>8<\/span><span class='rDLabel2'> Jahre<\/span><\/p><p class='rDLabel2'>Das Buch wurde <span class='rDText2'>6<\/span><span class='rDLabel2'> mal gelesen.<\/span><\/p><\/td><\/tr><tr><td colspan='2'><p class='rDLabel1'>Inhalt:<\/p><span class='rDText2'>Willy Wonka stand ganz allein in dem gro\u00dfen offenen Fabriktor. Seine Augen waren ungew\u00f6hnlich lebhaft. Pl\u00f6tzlich machte er ein paar komische kleine Tanzschritte, breitete die Arme aus und rief: \u00abWillkommen, meine kleinen Freunde! Willkommen in der Schokoladenfabrik!\u00bbDer geheimnisvolle Willy Wonka \u00f6ffnet zum ersten Mal die Tore seiner Schokoladenfabrik. Charlie kann es kaum fassen, dass er als eines der f\u00fcnf gl\u00fccklichen Kinder, die eine Goldene Eintrittskarte gewonnen haben, dort hineindarf. Denn Willy Wonka macht nicht nur die k\u00f6stlichste Schokolade \u2013 er ist der beste S\u00fc\u00dfigkeitenerfinder aller Zeiten! Aber Charlie h\u00e4tte nie gedacht, welche verr\u00fcckten Abenteuer ihn in Wonkas Schokoladenfabrik wirklich erwarten w\u00fcrden ...<\/span><\/td><\/tr><tr><td colspan='2'><a href='#' onclick='history.back(); return false'>Zur\u00fcck<\/a><\/td><\/tr><\/tbody><\/table>\n","protected":false},"excerpt":{"rendered":"","protected":false},"author":1,"featured_media":0,"parent":0,"menu_order":0,"comment_status":"closed","ping_status":"closed","template":"","meta":[],"_links":{"self":[{"href":"https:\/\/www.web-rr.de\/GHS-Buecherei\/index.php\/wp-json\/wp\/v2\/pages\/3772"}],"collection":[{"href":"https:\/\/www.web-rr.de\/GHS-Buecherei\/index.php\/wp-json\/wp\/v2\/pages"}],"about":[{"href":"https:\/\/www.web-rr.de\/GHS-Buecherei\/index.php\/wp-json\/wp\/v2\/types\/page"}],"author":[{"embeddable":true,"href":"https:\/\/www.web-rr.de\/GHS-Buecherei\/index.php\/wp-json\/wp\/v2\/users\/1"}],"replies":[{"embeddable":true,"href":"https:\/\/www.web-rr.de\/GHS-Buecherei\/index.php\/wp-json\/wp\/v2\/comments?post=3772"}],"version-history":[{"count":0,"href":"https:\/\/www.web-rr.de\/GHS-Buecherei\/index.php\/wp-json\/wp\/v2\/pages\/3772\/revisions"}],"wp:attachment":[{"href":"https:\/\/www.web-rr.de\/GHS-Buecherei\/index.php\/wp-json\/wp\/v2\/media?parent=3772"}],"curies":[{"name":"wp","href":"https:\/\/api.w.org\/{rel}","templated":true}]}}