{"id":3757,"date":"2021-02-23T20:00:00","date_gmt":"2021-02-23T20:00:00","guid":{"rendered":"https:\/\/www.web-rr.de\/GHS-Buecherei\/?page_id=3757"},"modified":"2021-02-22T23:59:59","modified_gmt":"2021-02-22T23:59:59","slug":"p9783833952203","status":"publish","type":"page","link":"https:\/\/www.web-rr.de\/GHS-Buecherei\/index.php\/p9783833952203\/","title":{"rendered":"CD 08"},"content":{"rendered":"<table><tbody><tr><td class='rDTitel' colspan='2'>Peng der Penguin<\/td><\/tr><tr><td><span class='rDLabel1'>Status: <\/span><span class='rDText1Gruen'>vorhanden<\/span><\/td><td><span class='rDLabel1'>Antolin: <\/span><span class='rDText1Gruen'>ja, Empfehlung Klasse 4<\/span><\/td><\/tr><tr><td width=50%><img src='https:\/\/www.web-rr.de\/GHS-Buecherei\/wp-content\/uploads\/9783833952203.jpg' alt=''><\/td><td><p class='rDLabel2'>von <span class='rDText2'>Helmut Ziegler<\/span><\/p><p class='rDLabel2'>Verlag: <span class='rDText2'>Baumhaus Verlag GmbH,  2006,  19.90 \u20ac<\/span><\/p><p class='rDLabel2'>B\u00fccherei-Barcode: <span class='rDText2'>9783833952203<\/span><\/p><p class='rDLabel2'>In der B\u00fccherei erfasst am: <span class='rDText2'>01.04.2014<\/span><\/p><p class='rDLabel2'>Stichw\u00f6rter: <span class='rDText2'>Tiere<\/span><\/p><p class='rDLabel2'>Lesealter ca. <span class='rDText2'>8<\/span><span class='rDLabel2'> Jahre<\/span><\/p><p class='rDLabel2'>Das Buch wurde <span class='rDText2'>1<\/span><span class='rDLabel2'> mal gelesen.<\/span><\/p><\/td><\/tr><tr><td colspan='2'><p class='rDLabel1'>Inhalt:<\/p><span class='rDText2'>Peng ist der Au\u00dfenseiter unter den K\u00f6nigs-Pinguinen eines Vogelparks, einsam und zur\u00fcckhaltend. Aber er besitzt Charakter und dazu eine einzigartige Gabe: Sein Gefieder kann sich verf\u00e4rben. Es leuchtet violett bei Wut, wird gr\u00fcn vor Neid, wei\u00df vor Angst und strahlt golden, wenn er gl\u00fccklich ist. Mit Robert, einem elfj\u00e4hrigen aufgeweckten Jungen, der als einziger Pengs Sprache versteht, verbindet ihn bald eine wunderbare Freundschaft. Als Peng mit Hilfe von Roberts Mutter zum Superstar einer gigantischen Werbekampagne wird, genie\u00dft der Star-Pinguin seinen Ruhm in vollen Z\u00fcgen. Doch schon bald m\u00fcssen sich die Freunde gegen billige Vermarktung, fiese Vertr\u00e4ge und durchdrehende Fans wehren. Daf\u00fcr braucht es List, Mut sowie eine ordentliche Portion Frechheit. Und einen verwegenen Plan, bei dem Peng \u00fcber sich hinauswachsen muss! -- \u201eDas Pinguinbuch, das alle anderen Pinguinb\u00fccher \u00fcberfl\u00fcssig macht. Leider auch meine eigenen.\u201c<\/span><\/td><\/tr><tr><td colspan='2'><a href='#' onclick='history.back(); return false'>Zur\u00fcck<\/a><\/td><\/tr><\/tbody><\/table>\n","protected":false},"excerpt":{"rendered":"","protected":false},"author":1,"featured_media":0,"parent":0,"menu_order":0,"comment_status":"closed","ping_status":"closed","template":"","meta":[],"_links":{"self":[{"href":"https:\/\/www.web-rr.de\/GHS-Buecherei\/index.php\/wp-json\/wp\/v2\/pages\/3757"}],"collection":[{"href":"https:\/\/www.web-rr.de\/GHS-Buecherei\/index.php\/wp-json\/wp\/v2\/pages"}],"about":[{"href":"https:\/\/www.web-rr.de\/GHS-Buecherei\/index.php\/wp-json\/wp\/v2\/types\/page"}],"author":[{"embeddable":true,"href":"https:\/\/www.web-rr.de\/GHS-Buecherei\/index.php\/wp-json\/wp\/v2\/users\/1"}],"replies":[{"embeddable":true,"href":"https:\/\/www.web-rr.de\/GHS-Buecherei\/index.php\/wp-json\/wp\/v2\/comments?post=3757"}],"version-history":[{"count":0,"href":"https:\/\/www.web-rr.de\/GHS-Buecherei\/index.php\/wp-json\/wp\/v2\/pages\/3757\/revisions"}],"wp:attachment":[{"href":"https:\/\/www.web-rr.de\/GHS-Buecherei\/index.php\/wp-json\/wp\/v2\/media?parent=3757"}],"curies":[{"name":"wp","href":"https:\/\/api.w.org\/{rel}","templated":true}]}}