{"id":3733,"date":"2021-02-23T20:00:00","date_gmt":"2021-02-23T20:00:00","guid":{"rendered":"https:\/\/www.web-rr.de\/GHS-Buecherei\/?page_id=3733"},"modified":"2021-02-22T23:59:59","modified_gmt":"2021-02-22T23:59:59","slug":"p9783570127162","status":"publish","type":"page","link":"https:\/\/www.web-rr.de\/GHS-Buecherei\/index.php\/p9783570127162\/","title":{"rendered":"Erstlesen 236"},"content":{"rendered":"<table><tbody><tr><td class='rDTitel' colspan='2'>Der kleine Drache Kokosnuss kommt in die Schule - Die Abenteuer des kleinen Drachen Kokosnuss 1<\/td><\/tr><tr><td><span class='rDLabel1'>Status: <\/span><span class='rDText1Gruen'>vorhanden<\/span><\/td><td><span class='rDLabel1'>Antolin: <\/span><span class='rDText1Gruen'>ja, Empfehlung Klasse 3<\/span><\/td><\/tr><tr><td width=50%><img src='https:\/\/www.web-rr.de\/GHS-Buecherei\/wp-content\/uploads\/9783570127162.jpg' alt=''><\/td><td><p class='rDLabel2'>von <span class='rDText2'>Ingo Siegner<\/span><\/p><p class='rDLabel2'>Verlag: <span class='rDText2'>cbj Kinderbuch,  2004,  7.90 \u20ac<\/span><\/p><p class='rDLabel2'>B\u00fccherei-Barcode: <span class='rDText2'>9783570127162<\/span><\/p><p class='rDLabel2'>In der B\u00fccherei erfasst am: <span class='rDText2'>16.11.2020<\/span><\/p><p class='rDLabel2'>Stichw\u00f6rter: <span class='rDText2'>Abenteuer, Schule, Drache<\/span><\/p><p class='rDLabel2'>Lesealter ca. <span class='rDText2'>7<\/span><span class='rDLabel2'> Jahre<\/span><\/p><p class='rDLabel2'>Das Buch wurde <span class='rDText2'>0<\/span><span class='rDLabel2'> mal gelesen.<\/span><\/p><\/td><\/tr><tr><td colspan='2'><p class='rDLabel1'>Inhalt:<\/p><span class='rDText2'>Der kleine Drache Kokosnuss ist furchtbar aufgeregt: Heute ist ein wichtiger Tag! Heute geht er zum ersten Mal in die Schule! Mit einer gro\u00dfen, bunten Schult\u00fcte in der kleinen Drachenhand und begleitet von Mama und Papa, folgt er den ABC-Sch\u00fctzen zu Lehrer Kornelius Kaktus. Unterwegs treffen sie Oskar, den jungen Fressdrachen. Neugierig beobachtet er das bunte Treiben. Er hat keine Schult\u00fcte, denn - und das ist bekannt - Fressdrachen gehen nicht zur Schule. Schlie\u00dflich besteht die Gefahr, dass sie ihre Klassenkameraden auffressen!\r\nEigentlich schade, findet Kokosnuss. Superschade, meint Oskar, denn er w\u00fcrde so wahnsinnig gerne Rechnen und Schreiben lernen ... Wie Oskar doch noch das Dracheneinmaleins lernt, Klassenbester im Schwimmen wird und mit einer waghalsigen Rettungsaktion beweist, dass Feuer- und Fressdrachen prima miteinander befreundet sein k\u00f6nnen, das erz\u00e4hlt das neue lustige und spannende Abenteuer vom kleinen Drachen Kokosnuss.<\/span><\/td><\/tr><tr><td colspan='2'><a href='#' onclick='history.back(); return false'>Zur\u00fcck<\/a><\/td><\/tr><\/tbody><\/table>\n","protected":false},"excerpt":{"rendered":"","protected":false},"author":1,"featured_media":0,"parent":0,"menu_order":0,"comment_status":"closed","ping_status":"closed","template":"","meta":[],"_links":{"self":[{"href":"https:\/\/www.web-rr.de\/GHS-Buecherei\/index.php\/wp-json\/wp\/v2\/pages\/3733"}],"collection":[{"href":"https:\/\/www.web-rr.de\/GHS-Buecherei\/index.php\/wp-json\/wp\/v2\/pages"}],"about":[{"href":"https:\/\/www.web-rr.de\/GHS-Buecherei\/index.php\/wp-json\/wp\/v2\/types\/page"}],"author":[{"embeddable":true,"href":"https:\/\/www.web-rr.de\/GHS-Buecherei\/index.php\/wp-json\/wp\/v2\/users\/1"}],"replies":[{"embeddable":true,"href":"https:\/\/www.web-rr.de\/GHS-Buecherei\/index.php\/wp-json\/wp\/v2\/comments?post=3733"}],"version-history":[{"count":0,"href":"https:\/\/www.web-rr.de\/GHS-Buecherei\/index.php\/wp-json\/wp\/v2\/pages\/3733\/revisions"}],"wp:attachment":[{"href":"https:\/\/www.web-rr.de\/GHS-Buecherei\/index.php\/wp-json\/wp\/v2\/media?parent=3733"}],"curies":[{"name":"wp","href":"https:\/\/api.w.org\/{rel}","templated":true}]}}